{"id":9977,"date":"2022-07-05T23:59:46","date_gmt":"2022-07-05T23:59:46","guid":{"rendered":"https:\/\/www.agenciagrafica.cl\/producto\/bloc-notas-makron\/"},"modified":"2023-09-20T22:04:44","modified_gmt":"2023-09-20T22:04:44","slug":"bloc-notas-makron","status":"publish","type":"product","link":"https:\/\/www.agenciagrafica.cl\/?product=bloc-notas-makron","title":{"rendered":"Bloc Notas Makron"},"content":{"rendered":"<table style=\"border: none;\" width=\"500px\" cellspacing=\"0\" cellpadding=\"0\">\n<tbody>\n<tr>\n<th style=\"text-align: left; background-color: #696969; border: 1px solid #696969; color: #fff;\" colspan=\"2\">CARACTER\u00cdSTICAS<\/th>\n<\/tr>\n<tr>\n<td style=\"text-align: left; border: 1px solid #696969;\">Composici\u00f3n<\/td>\n<td style=\"text-align: left; border: 1px solid #696969;\">Cart\u00f3n Reciclado<\/td>\n<\/tr>\n<tr>\n<td style=\"text-align: left; border: 1px solid #696969;\">Especificaciones art\u00edculo<\/td>\n<td style=\"text-align: left; border: 1px solid #696969;\">20 cm \/ 21 cm \/ 1 cm | 220 gr<\/td>\n<\/tr>\n<tr>\n<td style=\"text-align: left; border: 1px solid #696969;\">Packaging: alto (cm)<\/td>\n<td style=\"text-align: left; border: 1px solid #696969;\">44<\/td>\n<\/tr>\n<tr>\n<td style=\"text-align: left; border: 1px solid #696969;\">Packaging: largo (cm)<\/td>\n<td style=\"text-align: left; border: 1px solid #696969;\">46<\/td>\n<\/tr>\n<tr>\n<td style=\"text-align: left; border: 1px solid #696969;\">Packaging: ancho (cm)<\/td>\n<td style=\"text-align: left; border: 1px solid #696969;\">19.5<\/td>\n<\/tr>\n<tr>\n<td style=\"text-align: left; border: 1px solid #696969;\">Peso caja (Kgr)<\/td>\n<td style=\"text-align: left; border: 1px solid #696969;\">12.5<\/td>\n<\/tr>\n<tr>\n<td style=\"text-align: left; border: 1px solid #696969;\">Unidades\/caja<\/td>\n<td style=\"text-align: left; border: 1px solid #696969;\">50<\/td>\n<\/tr>\n<tr>\n<td style=\"text-align: left; border: 1px solid #696969;\">Incluye bater\u00edas<\/td>\n<td style=\"text-align: left; border: 1px solid #696969;\">No<\/td>\n<\/tr>\n<\/tbody>\n<\/table>\n<p>&nbsp;<\/p>\n<table style=\"border: none;\" width=\"500px\" cellspacing=\"0\" cellpadding=\"0\">\n<tbody>\n<tr>\n<th style=\"text-align: center; background-color: #696969; border: 1px solid #696969; color: #fff;\">MARCAJE<\/th>\n<\/tr>\n<tr>\n<td><a href=\"http:\/\/makito.es\/WebRoot\/Store\/Shops\/Makito\/5978\/06B1\/49BA\/ED0C\/C281\/AC14\/0003\/4FCB\/4237-A1.jpg\">TAMPOGRAF\u00cdA F: EN LA CUBIERTA.max: 16&#215;9 cm<\/a><\/td>\n<\/tr>\n<\/tbody>\n<\/table>\n","protected":false},"excerpt":{"rendered":"<p>Bloc de notas adhesivas de anillas con bol\u00edgrafo de cart\u00f3n reciclado incluido. De original dise\u00f1o, con asas de transporte troqueladas y tapas de suave tacto acabadas en resistente cart\u00f3n reciclado r\u00edgido. Con soporte para bol\u00edgrafo integrado, incluye bloc de 70 hojas lisas, 25 notas adhesivas medianas y 125 mini notas adhesivas. Bloc 70 Hojas. 25 Notas Adhesivas 7,5 x 10 cm. 125 Mininotas Adhesivas 1,5 x 7,5 cm. Bol\u00edgrafo Cart\u00f3n Reciclado Incluido<\/p>\n","protected":false},"featured_media":9975,"comment_status":"open","ping_status":"closed","template":"","meta":{"site-sidebar-layout":"default","site-content-layout":"default","ast-global-header-display":"","ast-main-header-display":"","ast-hfb-above-header-display":"","ast-hfb-below-header-display":"","ast-hfb-mobile-header-display":"","site-post-title":"","ast-breadcrumbs-content":"","ast-featured-img":"","footer-sml-layout":"","theme-transparent-header-meta":"default","adv-header-id-meta":"","stick-header-meta":"","header-above-stick-meta":"","header-main-stick-meta":"","header-below-stick-meta":""},"product_brand":[],"product_cat":[308,289],"product_tag":[],"class_list":{"0":"post-9977","1":"product","2":"type-product","3":"status-publish","4":"has-post-thumbnail","6":"product_cat-ecologicos","7":"product_cat-oficina-y-negocios","8":"desktop-align-left","9":"tablet-align-left","10":"mobile-align-left","12":"first","13":"instock","14":"shipping-taxable","15":"product-type-simple"},"yoast_head":"<!-- This site is optimized with the Yoast SEO plugin v24.6 - https:\/\/yoast.com\/wordpress\/plugins\/seo\/ -->\n<title>Bloc Notas Makron - AGENCIA GR\u00c1FICA SPA<\/title>\n<meta name=\"robots\" content=\"index, follow, max-snippet:-1, max-image-preview:large, max-video-preview:-1\" \/>\n<link rel=\"canonical\" href=\"https:\/\/www.agenciagrafica.cl\/?product=bloc-notas-makron\" \/>\n<meta property=\"og:locale\" content=\"es_ES\" \/>\n<meta property=\"og:type\" content=\"article\" \/>\n<meta property=\"og:title\" content=\"Bloc Notas Makron - AGENCIA GR\u00c1FICA SPA\" \/>\n<meta property=\"og:description\" content=\"Bloc de notas adhesivas de anillas con bol\u00edgrafo de cart\u00f3n reciclado incluido. De original dise\u00f1o, con asas de transporte troqueladas y tapas de suave tacto acabadas en resistente cart\u00f3n reciclado r\u00edgido. Con soporte para bol\u00edgrafo integrado, incluye bloc de 70 hojas lisas, 25 notas adhesivas medianas y 125 mini notas adhesivas. Bloc 70 Hojas. 25 Notas Adhesivas 7,5 x 10 cm. 125 Mininotas Adhesivas 1,5 x 7,5 cm. Bol\u00edgrafo Cart\u00f3n Reciclado Incluido\" \/>\n<meta property=\"og:url\" content=\"https:\/\/www.agenciagrafica.cl\/?product=bloc-notas-makron\" \/>\n<meta property=\"og:site_name\" content=\"AGENCIA GR\u00c1FICA SPA\" \/>\n<meta property=\"article:modified_time\" content=\"2023-09-20T22:04:44+00:00\" \/>\n<meta property=\"og:image\" content=\"https:\/\/www.agenciagrafica.cl\/wp-content\/uploads\/2022\/07\/4007.jpg\" \/>\n\t<meta property=\"og:image:width\" content=\"500\" \/>\n\t<meta property=\"og:image:height\" content=\"500\" \/>\n\t<meta property=\"og:image:type\" content=\"image\/jpeg\" \/>\n<meta name=\"twitter:card\" content=\"summary_large_image\" \/>\n<meta name=\"twitter:label1\" content=\"Tiempo de lectura\" \/>\n\t<meta name=\"twitter:data1\" content=\"1 minuto\" \/>\n<script type=\"application\/ld+json\" class=\"yoast-schema-graph\">{\"@context\":\"https:\/\/schema.org\",\"@graph\":[{\"@type\":\"WebPage\",\"@id\":\"https:\/\/www.agenciagrafica.cl\/?product=bloc-notas-makron\",\"url\":\"https:\/\/www.agenciagrafica.cl\/?product=bloc-notas-makron\",\"name\":\"Bloc Notas Makron - AGENCIA GR\u00c1FICA SPA\",\"isPartOf\":{\"@id\":\"https:\/\/www.agenciagrafica.cl\/#website\"},\"primaryImageOfPage\":{\"@id\":\"https:\/\/www.agenciagrafica.cl\/?product=bloc-notas-makron#primaryimage\"},\"image\":{\"@id\":\"https:\/\/www.agenciagrafica.cl\/?product=bloc-notas-makron#primaryimage\"},\"thumbnailUrl\":\"https:\/\/www.agenciagrafica.cl\/wp-content\/uploads\/2022\/07\/4007.jpg\",\"datePublished\":\"2022-07-05T23:59:46+00:00\",\"dateModified\":\"2023-09-20T22:04:44+00:00\",\"breadcrumb\":{\"@id\":\"https:\/\/www.agenciagrafica.cl\/?product=bloc-notas-makron#breadcrumb\"},\"inLanguage\":\"es\",\"potentialAction\":[{\"@type\":\"ReadAction\",\"target\":[\"https:\/\/www.agenciagrafica.cl\/?product=bloc-notas-makron\"]}]},{\"@type\":\"ImageObject\",\"inLanguage\":\"es\",\"@id\":\"https:\/\/www.agenciagrafica.cl\/?product=bloc-notas-makron#primaryimage\",\"url\":\"https:\/\/www.agenciagrafica.cl\/wp-content\/uploads\/2022\/07\/4007.jpg\",\"contentUrl\":\"https:\/\/www.agenciagrafica.cl\/wp-content\/uploads\/2022\/07\/4007.jpg\",\"width\":500,\"height\":500},{\"@type\":\"BreadcrumbList\",\"@id\":\"https:\/\/www.agenciagrafica.cl\/?product=bloc-notas-makron#breadcrumb\",\"itemListElement\":[{\"@type\":\"ListItem\",\"position\":1,\"name\":\"Portada\",\"item\":\"https:\/\/www.agenciagrafica.cl\/\"},{\"@type\":\"ListItem\",\"position\":2,\"name\":\"Cat\u00e1logo\",\"item\":\"https:\/\/www.agenciagrafica.cl\/?page_id=1613\"},{\"@type\":\"ListItem\",\"position\":3,\"name\":\"Bloc Notas Makron\"}]},{\"@type\":\"WebSite\",\"@id\":\"https:\/\/www.agenciagrafica.cl\/#website\",\"url\":\"https:\/\/www.agenciagrafica.cl\/\",\"name\":\"AGENCIA GR\u00c1FICA SPA\",\"description\":\"regalos publicitarios personalizados\",\"publisher\":{\"@id\":\"https:\/\/www.agenciagrafica.cl\/#organization\"},\"potentialAction\":[{\"@type\":\"SearchAction\",\"target\":{\"@type\":\"EntryPoint\",\"urlTemplate\":\"https:\/\/www.agenciagrafica.cl\/?s={search_term_string}\"},\"query-input\":{\"@type\":\"PropertyValueSpecification\",\"valueRequired\":true,\"valueName\":\"search_term_string\"}}],\"inLanguage\":\"es\"},{\"@type\":\"Organization\",\"@id\":\"https:\/\/www.agenciagrafica.cl\/#organization\",\"name\":\"AGENCIA GR\u00c1FICA SPA\",\"url\":\"https:\/\/www.agenciagrafica.cl\/\",\"logo\":{\"@type\":\"ImageObject\",\"inLanguage\":\"es\",\"@id\":\"https:\/\/www.agenciagrafica.cl\/#\/schema\/logo\/image\/\",\"url\":\"https:\/\/www.agenciagrafica.cl\/wp-content\/uploads\/2022\/07\/cropped-cropped-agencia-grafica-2-e1657463336302-1.png\",\"contentUrl\":\"https:\/\/www.agenciagrafica.cl\/wp-content\/uploads\/2022\/07\/cropped-cropped-agencia-grafica-2-e1657463336302-1.png\",\"width\":200,\"height\":208,\"caption\":\"AGENCIA GR\u00c1FICA SPA\"},\"image\":{\"@id\":\"https:\/\/www.agenciagrafica.cl\/#\/schema\/logo\/image\/\"}}]}<\/script>\n<!-- \/ Yoast SEO plugin. -->","yoast_head_json":{"title":"Bloc Notas Makron - AGENCIA GR\u00c1FICA SPA","robots":{"index":"index","follow":"follow","max-snippet":"max-snippet:-1","max-image-preview":"max-image-preview:large","max-video-preview":"max-video-preview:-1"},"canonical":"https:\/\/www.agenciagrafica.cl\/?product=bloc-notas-makron","og_locale":"es_ES","og_type":"article","og_title":"Bloc Notas Makron - AGENCIA GR\u00c1FICA SPA","og_description":"Bloc de notas adhesivas de anillas con bol\u00edgrafo de cart\u00f3n reciclado incluido. De original dise\u00f1o, con asas de transporte troqueladas y tapas de suave tacto acabadas en resistente cart\u00f3n reciclado r\u00edgido. Con soporte para bol\u00edgrafo integrado, incluye bloc de 70 hojas lisas, 25 notas adhesivas medianas y 125 mini notas adhesivas. Bloc 70 Hojas. 25 Notas Adhesivas 7,5 x 10 cm. 125 Mininotas Adhesivas 1,5 x 7,5 cm. Bol\u00edgrafo Cart\u00f3n Reciclado Incluido","og_url":"https:\/\/www.agenciagrafica.cl\/?product=bloc-notas-makron","og_site_name":"AGENCIA GR\u00c1FICA SPA","article_modified_time":"2023-09-20T22:04:44+00:00","og_image":[{"width":500,"height":500,"url":"https:\/\/www.agenciagrafica.cl\/wp-content\/uploads\/2022\/07\/4007.jpg","type":"image\/jpeg"}],"twitter_card":"summary_large_image","twitter_misc":{"Tiempo de lectura":"1 minuto"},"schema":{"@context":"https:\/\/schema.org","@graph":[{"@type":"WebPage","@id":"https:\/\/www.agenciagrafica.cl\/?product=bloc-notas-makron","url":"https:\/\/www.agenciagrafica.cl\/?product=bloc-notas-makron","name":"Bloc Notas Makron - AGENCIA GR\u00c1FICA SPA","isPartOf":{"@id":"https:\/\/www.agenciagrafica.cl\/#website"},"primaryImageOfPage":{"@id":"https:\/\/www.agenciagrafica.cl\/?product=bloc-notas-makron#primaryimage"},"image":{"@id":"https:\/\/www.agenciagrafica.cl\/?product=bloc-notas-makron#primaryimage"},"thumbnailUrl":"https:\/\/www.agenciagrafica.cl\/wp-content\/uploads\/2022\/07\/4007.jpg","datePublished":"2022-07-05T23:59:46+00:00","dateModified":"2023-09-20T22:04:44+00:00","breadcrumb":{"@id":"https:\/\/www.agenciagrafica.cl\/?product=bloc-notas-makron#breadcrumb"},"inLanguage":"es","potentialAction":[{"@type":"ReadAction","target":["https:\/\/www.agenciagrafica.cl\/?product=bloc-notas-makron"]}]},{"@type":"ImageObject","inLanguage":"es","@id":"https:\/\/www.agenciagrafica.cl\/?product=bloc-notas-makron#primaryimage","url":"https:\/\/www.agenciagrafica.cl\/wp-content\/uploads\/2022\/07\/4007.jpg","contentUrl":"https:\/\/www.agenciagrafica.cl\/wp-content\/uploads\/2022\/07\/4007.jpg","width":500,"height":500},{"@type":"BreadcrumbList","@id":"https:\/\/www.agenciagrafica.cl\/?product=bloc-notas-makron#breadcrumb","itemListElement":[{"@type":"ListItem","position":1,"name":"Portada","item":"https:\/\/www.agenciagrafica.cl\/"},{"@type":"ListItem","position":2,"name":"Cat\u00e1logo","item":"https:\/\/www.agenciagrafica.cl\/?page_id=1613"},{"@type":"ListItem","position":3,"name":"Bloc Notas Makron"}]},{"@type":"WebSite","@id":"https:\/\/www.agenciagrafica.cl\/#website","url":"https:\/\/www.agenciagrafica.cl\/","name":"AGENCIA GR\u00c1FICA SPA","description":"regalos publicitarios personalizados","publisher":{"@id":"https:\/\/www.agenciagrafica.cl\/#organization"},"potentialAction":[{"@type":"SearchAction","target":{"@type":"EntryPoint","urlTemplate":"https:\/\/www.agenciagrafica.cl\/?s={search_term_string}"},"query-input":{"@type":"PropertyValueSpecification","valueRequired":true,"valueName":"search_term_string"}}],"inLanguage":"es"},{"@type":"Organization","@id":"https:\/\/www.agenciagrafica.cl\/#organization","name":"AGENCIA GR\u00c1FICA SPA","url":"https:\/\/www.agenciagrafica.cl\/","logo":{"@type":"ImageObject","inLanguage":"es","@id":"https:\/\/www.agenciagrafica.cl\/#\/schema\/logo\/image\/","url":"https:\/\/www.agenciagrafica.cl\/wp-content\/uploads\/2022\/07\/cropped-cropped-agencia-grafica-2-e1657463336302-1.png","contentUrl":"https:\/\/www.agenciagrafica.cl\/wp-content\/uploads\/2022\/07\/cropped-cropped-agencia-grafica-2-e1657463336302-1.png","width":200,"height":208,"caption":"AGENCIA GR\u00c1FICA SPA"},"image":{"@id":"https:\/\/www.agenciagrafica.cl\/#\/schema\/logo\/image\/"}}]}},"jetpack_sharing_enabled":true,"_links":{"self":[{"href":"https:\/\/www.agenciagrafica.cl\/index.php?rest_route=\/wp\/v2\/product\/9977","targetHints":{"allow":["GET"]}}],"collection":[{"href":"https:\/\/www.agenciagrafica.cl\/index.php?rest_route=\/wp\/v2\/product"}],"about":[{"href":"https:\/\/www.agenciagrafica.cl\/index.php?rest_route=\/wp\/v2\/types\/product"}],"replies":[{"embeddable":true,"href":"https:\/\/www.agenciagrafica.cl\/index.php?rest_route=%2Fwp%2Fv2%2Fcomments&post=9977"}],"version-history":[{"count":1,"href":"https:\/\/www.agenciagrafica.cl\/index.php?rest_route=\/wp\/v2\/product\/9977\/revisions"}],"predecessor-version":[{"id":29452,"href":"https:\/\/www.agenciagrafica.cl\/index.php?rest_route=\/wp\/v2\/product\/9977\/revisions\/29452"}],"wp:featuredmedia":[{"embeddable":true,"href":"https:\/\/www.agenciagrafica.cl\/index.php?rest_route=\/wp\/v2\/media\/9975"}],"wp:attachment":[{"href":"https:\/\/www.agenciagrafica.cl\/index.php?rest_route=%2Fwp%2Fv2%2Fmedia&parent=9977"}],"wp:term":[{"taxonomy":"product_brand","embeddable":true,"href":"https:\/\/www.agenciagrafica.cl\/index.php?rest_route=%2Fwp%2Fv2%2Fproduct_brand&post=9977"},{"taxonomy":"product_cat","embeddable":true,"href":"https:\/\/www.agenciagrafica.cl\/index.php?rest_route=%2Fwp%2Fv2%2Fproduct_cat&post=9977"},{"taxonomy":"product_tag","embeddable":true,"href":"https:\/\/www.agenciagrafica.cl\/index.php?rest_route=%2Fwp%2Fv2%2Fproduct_tag&post=9977"}],"curies":[{"name":"wp","href":"https:\/\/api.w.org\/{rel}","templated":true}]}}