{"id":8810,"date":"2022-07-05T23:30:23","date_gmt":"2022-07-05T23:30:23","guid":{"rendered":"https:\/\/www.agenciagrafica.cl\/producto\/bloc-notas-surma\/"},"modified":"2023-09-20T22:05:21","modified_gmt":"2023-09-20T22:05:21","slug":"bloc-notas-surma","status":"publish","type":"product","link":"https:\/\/www.agenciagrafica.cl\/?product=bloc-notas-surma","title":{"rendered":"Bloc Notas Surma"},"content":{"rendered":"<table style=\"border: none;\" width=\"500px\" cellspacing=\"0\" cellpadding=\"0\">\n<tbody>\n<tr>\n<th style=\"text-align: left; background-color: #696969; border: 1px solid #696969; color: #fff;\" colspan=\"2\">CARACTER\u00cdSTICAS<\/th>\n<\/tr>\n<tr>\n<td style=\"text-align: left; border: 1px solid #696969;\">Composici\u00f3n<\/td>\n<td style=\"text-align: left; border: 1px solid #696969;\">Cart\u00f3n Reciclado<\/td>\n<\/tr>\n<tr>\n<td style=\"text-align: left; border: 1px solid #696969;\">Especificaciones art\u00edculo<\/td>\n<td style=\"text-align: left; border: 1px solid #696969;\">10.6 cm \/ 7.5 cm \/ 1.2 cm | 70 gr<\/td>\n<\/tr>\n<tr>\n<td style=\"text-align: left; border: 1px solid #696969;\">Packaging: alto (cm)<\/td>\n<td style=\"text-align: left; border: 1px solid #696969;\">17<\/td>\n<\/tr>\n<tr>\n<td style=\"text-align: left; border: 1px solid #696969;\">Packaging: largo (cm)<\/td>\n<td style=\"text-align: left; border: 1px solid #696969;\">37<\/td>\n<\/tr>\n<tr>\n<td style=\"text-align: left; border: 1px solid #696969;\">Packaging: ancho (cm)<\/td>\n<td style=\"text-align: left; border: 1px solid #696969;\">24<\/td>\n<\/tr>\n<tr>\n<td style=\"text-align: left; border: 1px solid #696969;\">Peso caja (Kgr)<\/td>\n<td style=\"text-align: left; border: 1px solid #696969;\">8<\/td>\n<\/tr>\n<tr>\n<td style=\"text-align: left; border: 1px solid #696969;\">Unidades\/caja<\/td>\n<td style=\"text-align: left; border: 1px solid #696969;\">100<\/td>\n<\/tr>\n<tr>\n<td style=\"text-align: left; border: 1px solid #696969;\">Incluye bater\u00edas<\/td>\n<td style=\"text-align: left; border: 1px solid #696969;\">No<\/td>\n<\/tr>\n<\/tbody>\n<\/table>\n<p>&nbsp;<\/p>\n<table style=\"border: none;\" width=\"500px\" cellspacing=\"0\" cellpadding=\"0\">\n<tbody>\n<tr>\n<th style=\"text-align: center; background-color: #696969; border: 1px solid #696969; color: #fff;\">MARCAJE<\/th>\n<\/tr>\n<tr>\n<td><a href=\"http:\/\/makito.es\/WebRoot\/Store\/Shops\/Makito\/57F6\/EBB1\/9BB5\/0F35\/ECD3\/AC14\/0003\/2BA3\/3869-A1.jpg\">TAMPOGRAF\u00cdA D: PARTE INFERIOR DE LA PORTADA.max: 5&#215;3 cm<\/a><\/td>\n<\/tr>\n<tr>\n<td><a href=\"http:\/\/makito.es\/WebRoot\/Store\/Shops\/Makito\/57F6\/EBB1\/9BB5\/0F35\/ECD3\/AC14\/0003\/2BA3\/3869-A1.jpg\">DIGITAL W3 (-25 CM2): PARTE INFERIOR DE LA PORTADA.max: 5&#215;3 cm<\/a><\/td>\n<\/tr>\n<\/tbody>\n<\/table>\n","protected":false},"excerpt":{"rendered":"<p>Bloc de notas con tapas de suave tacto acabadas en resistente cart\u00f3n reciclado y troquelado en portada. De 100 hojas lisas, con el\u00e1stico de sujeci\u00f3n y marcap\u00e1ginas de tela a juego. Portada R\u00edgida. 100 Hojas<\/p>\n","protected":false},"featured_media":8805,"comment_status":"open","ping_status":"closed","template":"","meta":{"site-sidebar-layout":"default","site-content-layout":"default","ast-global-header-display":"","ast-main-header-display":"","ast-hfb-above-header-display":"","ast-hfb-below-header-display":"","ast-hfb-mobile-header-display":"","site-post-title":"","ast-breadcrumbs-content":"","ast-featured-img":"","footer-sml-layout":"","theme-transparent-header-meta":"default","adv-header-id-meta":"","stick-header-meta":"","header-above-stick-meta":"","header-main-stick-meta":"","header-below-stick-meta":""},"product_brand":[],"product_cat":[308,289],"product_tag":[],"class_list":{"0":"post-8810","1":"product","2":"type-product","3":"status-publish","4":"has-post-thumbnail","6":"product_cat-ecologicos","7":"product_cat-oficina-y-negocios","8":"desktop-align-left","9":"tablet-align-left","10":"mobile-align-left","12":"first","13":"instock","14":"shipping-taxable","15":"product-type-simple"},"yoast_head":"<!-- This site is optimized with the Yoast SEO plugin v24.6 - https:\/\/yoast.com\/wordpress\/plugins\/seo\/ -->\n<title>Bloc Notas Surma - AGENCIA GR\u00c1FICA SPA<\/title>\n<meta name=\"robots\" content=\"index, follow, max-snippet:-1, max-image-preview:large, max-video-preview:-1\" \/>\n<link rel=\"canonical\" href=\"https:\/\/www.agenciagrafica.cl\/?product=bloc-notas-surma\" \/>\n<meta property=\"og:locale\" content=\"es_ES\" \/>\n<meta property=\"og:type\" content=\"article\" \/>\n<meta property=\"og:title\" content=\"Bloc Notas Surma - AGENCIA GR\u00c1FICA SPA\" \/>\n<meta property=\"og:description\" content=\"Bloc de notas con tapas de suave tacto acabadas en resistente cart\u00f3n reciclado y troquelado en portada. De 100 hojas lisas, con el\u00e1stico de sujeci\u00f3n y marcap\u00e1ginas de tela a juego. Portada R\u00edgida. 100 Hojas\" \/>\n<meta property=\"og:url\" content=\"https:\/\/www.agenciagrafica.cl\/?product=bloc-notas-surma\" \/>\n<meta property=\"og:site_name\" content=\"AGENCIA GR\u00c1FICA SPA\" \/>\n<meta property=\"article:modified_time\" content=\"2023-09-20T22:05:21+00:00\" \/>\n<meta property=\"og:image\" content=\"https:\/\/www.agenciagrafica.cl\/wp-content\/uploads\/2022\/07\/2103.png\" \/>\n\t<meta property=\"og:image:width\" content=\"600\" \/>\n\t<meta property=\"og:image:height\" content=\"600\" \/>\n\t<meta property=\"og:image:type\" content=\"image\/png\" \/>\n<meta name=\"twitter:card\" content=\"summary_large_image\" \/>\n<meta name=\"twitter:label1\" content=\"Tiempo de lectura\" \/>\n\t<meta name=\"twitter:data1\" content=\"1 minuto\" \/>\n<script type=\"application\/ld+json\" class=\"yoast-schema-graph\">{\"@context\":\"https:\/\/schema.org\",\"@graph\":[{\"@type\":\"WebPage\",\"@id\":\"https:\/\/www.agenciagrafica.cl\/?product=bloc-notas-surma\",\"url\":\"https:\/\/www.agenciagrafica.cl\/?product=bloc-notas-surma\",\"name\":\"Bloc Notas Surma - AGENCIA GR\u00c1FICA SPA\",\"isPartOf\":{\"@id\":\"https:\/\/www.agenciagrafica.cl\/#website\"},\"primaryImageOfPage\":{\"@id\":\"https:\/\/www.agenciagrafica.cl\/?product=bloc-notas-surma#primaryimage\"},\"image\":{\"@id\":\"https:\/\/www.agenciagrafica.cl\/?product=bloc-notas-surma#primaryimage\"},\"thumbnailUrl\":\"https:\/\/www.agenciagrafica.cl\/wp-content\/uploads\/2022\/07\/2103.png\",\"datePublished\":\"2022-07-05T23:30:23+00:00\",\"dateModified\":\"2023-09-20T22:05:21+00:00\",\"breadcrumb\":{\"@id\":\"https:\/\/www.agenciagrafica.cl\/?product=bloc-notas-surma#breadcrumb\"},\"inLanguage\":\"es\",\"potentialAction\":[{\"@type\":\"ReadAction\",\"target\":[\"https:\/\/www.agenciagrafica.cl\/?product=bloc-notas-surma\"]}]},{\"@type\":\"ImageObject\",\"inLanguage\":\"es\",\"@id\":\"https:\/\/www.agenciagrafica.cl\/?product=bloc-notas-surma#primaryimage\",\"url\":\"https:\/\/www.agenciagrafica.cl\/wp-content\/uploads\/2022\/07\/2103.png\",\"contentUrl\":\"https:\/\/www.agenciagrafica.cl\/wp-content\/uploads\/2022\/07\/2103.png\",\"width\":600,\"height\":600},{\"@type\":\"BreadcrumbList\",\"@id\":\"https:\/\/www.agenciagrafica.cl\/?product=bloc-notas-surma#breadcrumb\",\"itemListElement\":[{\"@type\":\"ListItem\",\"position\":1,\"name\":\"Portada\",\"item\":\"https:\/\/www.agenciagrafica.cl\/\"},{\"@type\":\"ListItem\",\"position\":2,\"name\":\"Cat\u00e1logo\",\"item\":\"https:\/\/www.agenciagrafica.cl\/?page_id=1613\"},{\"@type\":\"ListItem\",\"position\":3,\"name\":\"Bloc Notas Surma\"}]},{\"@type\":\"WebSite\",\"@id\":\"https:\/\/www.agenciagrafica.cl\/#website\",\"url\":\"https:\/\/www.agenciagrafica.cl\/\",\"name\":\"AGENCIA GR\u00c1FICA SPA\",\"description\":\"regalos publicitarios personalizados\",\"publisher\":{\"@id\":\"https:\/\/www.agenciagrafica.cl\/#organization\"},\"potentialAction\":[{\"@type\":\"SearchAction\",\"target\":{\"@type\":\"EntryPoint\",\"urlTemplate\":\"https:\/\/www.agenciagrafica.cl\/?s={search_term_string}\"},\"query-input\":{\"@type\":\"PropertyValueSpecification\",\"valueRequired\":true,\"valueName\":\"search_term_string\"}}],\"inLanguage\":\"es\"},{\"@type\":\"Organization\",\"@id\":\"https:\/\/www.agenciagrafica.cl\/#organization\",\"name\":\"AGENCIA GR\u00c1FICA SPA\",\"url\":\"https:\/\/www.agenciagrafica.cl\/\",\"logo\":{\"@type\":\"ImageObject\",\"inLanguage\":\"es\",\"@id\":\"https:\/\/www.agenciagrafica.cl\/#\/schema\/logo\/image\/\",\"url\":\"https:\/\/www.agenciagrafica.cl\/wp-content\/uploads\/2022\/07\/cropped-cropped-agencia-grafica-2-e1657463336302-1.png\",\"contentUrl\":\"https:\/\/www.agenciagrafica.cl\/wp-content\/uploads\/2022\/07\/cropped-cropped-agencia-grafica-2-e1657463336302-1.png\",\"width\":200,\"height\":208,\"caption\":\"AGENCIA GR\u00c1FICA SPA\"},\"image\":{\"@id\":\"https:\/\/www.agenciagrafica.cl\/#\/schema\/logo\/image\/\"}}]}<\/script>\n<!-- \/ Yoast SEO plugin. -->","yoast_head_json":{"title":"Bloc Notas Surma - AGENCIA GR\u00c1FICA SPA","robots":{"index":"index","follow":"follow","max-snippet":"max-snippet:-1","max-image-preview":"max-image-preview:large","max-video-preview":"max-video-preview:-1"},"canonical":"https:\/\/www.agenciagrafica.cl\/?product=bloc-notas-surma","og_locale":"es_ES","og_type":"article","og_title":"Bloc Notas Surma - AGENCIA GR\u00c1FICA SPA","og_description":"Bloc de notas con tapas de suave tacto acabadas en resistente cart\u00f3n reciclado y troquelado en portada. De 100 hojas lisas, con el\u00e1stico de sujeci\u00f3n y marcap\u00e1ginas de tela a juego. Portada R\u00edgida. 100 Hojas","og_url":"https:\/\/www.agenciagrafica.cl\/?product=bloc-notas-surma","og_site_name":"AGENCIA GR\u00c1FICA SPA","article_modified_time":"2023-09-20T22:05:21+00:00","og_image":[{"width":600,"height":600,"url":"https:\/\/www.agenciagrafica.cl\/wp-content\/uploads\/2022\/07\/2103.png","type":"image\/png"}],"twitter_card":"summary_large_image","twitter_misc":{"Tiempo de lectura":"1 minuto"},"schema":{"@context":"https:\/\/schema.org","@graph":[{"@type":"WebPage","@id":"https:\/\/www.agenciagrafica.cl\/?product=bloc-notas-surma","url":"https:\/\/www.agenciagrafica.cl\/?product=bloc-notas-surma","name":"Bloc Notas Surma - AGENCIA GR\u00c1FICA SPA","isPartOf":{"@id":"https:\/\/www.agenciagrafica.cl\/#website"},"primaryImageOfPage":{"@id":"https:\/\/www.agenciagrafica.cl\/?product=bloc-notas-surma#primaryimage"},"image":{"@id":"https:\/\/www.agenciagrafica.cl\/?product=bloc-notas-surma#primaryimage"},"thumbnailUrl":"https:\/\/www.agenciagrafica.cl\/wp-content\/uploads\/2022\/07\/2103.png","datePublished":"2022-07-05T23:30:23+00:00","dateModified":"2023-09-20T22:05:21+00:00","breadcrumb":{"@id":"https:\/\/www.agenciagrafica.cl\/?product=bloc-notas-surma#breadcrumb"},"inLanguage":"es","potentialAction":[{"@type":"ReadAction","target":["https:\/\/www.agenciagrafica.cl\/?product=bloc-notas-surma"]}]},{"@type":"ImageObject","inLanguage":"es","@id":"https:\/\/www.agenciagrafica.cl\/?product=bloc-notas-surma#primaryimage","url":"https:\/\/www.agenciagrafica.cl\/wp-content\/uploads\/2022\/07\/2103.png","contentUrl":"https:\/\/www.agenciagrafica.cl\/wp-content\/uploads\/2022\/07\/2103.png","width":600,"height":600},{"@type":"BreadcrumbList","@id":"https:\/\/www.agenciagrafica.cl\/?product=bloc-notas-surma#breadcrumb","itemListElement":[{"@type":"ListItem","position":1,"name":"Portada","item":"https:\/\/www.agenciagrafica.cl\/"},{"@type":"ListItem","position":2,"name":"Cat\u00e1logo","item":"https:\/\/www.agenciagrafica.cl\/?page_id=1613"},{"@type":"ListItem","position":3,"name":"Bloc Notas Surma"}]},{"@type":"WebSite","@id":"https:\/\/www.agenciagrafica.cl\/#website","url":"https:\/\/www.agenciagrafica.cl\/","name":"AGENCIA GR\u00c1FICA SPA","description":"regalos publicitarios personalizados","publisher":{"@id":"https:\/\/www.agenciagrafica.cl\/#organization"},"potentialAction":[{"@type":"SearchAction","target":{"@type":"EntryPoint","urlTemplate":"https:\/\/www.agenciagrafica.cl\/?s={search_term_string}"},"query-input":{"@type":"PropertyValueSpecification","valueRequired":true,"valueName":"search_term_string"}}],"inLanguage":"es"},{"@type":"Organization","@id":"https:\/\/www.agenciagrafica.cl\/#organization","name":"AGENCIA GR\u00c1FICA SPA","url":"https:\/\/www.agenciagrafica.cl\/","logo":{"@type":"ImageObject","inLanguage":"es","@id":"https:\/\/www.agenciagrafica.cl\/#\/schema\/logo\/image\/","url":"https:\/\/www.agenciagrafica.cl\/wp-content\/uploads\/2022\/07\/cropped-cropped-agencia-grafica-2-e1657463336302-1.png","contentUrl":"https:\/\/www.agenciagrafica.cl\/wp-content\/uploads\/2022\/07\/cropped-cropped-agencia-grafica-2-e1657463336302-1.png","width":200,"height":208,"caption":"AGENCIA GR\u00c1FICA SPA"},"image":{"@id":"https:\/\/www.agenciagrafica.cl\/#\/schema\/logo\/image\/"}}]}},"jetpack_sharing_enabled":true,"_links":{"self":[{"href":"https:\/\/www.agenciagrafica.cl\/index.php?rest_route=\/wp\/v2\/product\/8810","targetHints":{"allow":["GET"]}}],"collection":[{"href":"https:\/\/www.agenciagrafica.cl\/index.php?rest_route=\/wp\/v2\/product"}],"about":[{"href":"https:\/\/www.agenciagrafica.cl\/index.php?rest_route=\/wp\/v2\/types\/product"}],"replies":[{"embeddable":true,"href":"https:\/\/www.agenciagrafica.cl\/index.php?rest_route=%2Fwp%2Fv2%2Fcomments&post=8810"}],"version-history":[{"count":1,"href":"https:\/\/www.agenciagrafica.cl\/index.php?rest_route=\/wp\/v2\/product\/8810\/revisions"}],"predecessor-version":[{"id":29453,"href":"https:\/\/www.agenciagrafica.cl\/index.php?rest_route=\/wp\/v2\/product\/8810\/revisions\/29453"}],"wp:featuredmedia":[{"embeddable":true,"href":"https:\/\/www.agenciagrafica.cl\/index.php?rest_route=\/wp\/v2\/media\/8805"}],"wp:attachment":[{"href":"https:\/\/www.agenciagrafica.cl\/index.php?rest_route=%2Fwp%2Fv2%2Fmedia&parent=8810"}],"wp:term":[{"taxonomy":"product_brand","embeddable":true,"href":"https:\/\/www.agenciagrafica.cl\/index.php?rest_route=%2Fwp%2Fv2%2Fproduct_brand&post=8810"},{"taxonomy":"product_cat","embeddable":true,"href":"https:\/\/www.agenciagrafica.cl\/index.php?rest_route=%2Fwp%2Fv2%2Fproduct_cat&post=8810"},{"taxonomy":"product_tag","embeddable":true,"href":"https:\/\/www.agenciagrafica.cl\/index.php?rest_route=%2Fwp%2Fv2%2Fproduct_tag&post=8810"}],"curies":[{"name":"wp","href":"https:\/\/api.w.org\/{rel}","templated":true}]}}