{"id":7305,"date":"2022-07-05T22:50:27","date_gmt":"2022-07-05T22:50:27","guid":{"rendered":"https:\/\/www.agenciagrafica.cl\/producto\/agenda-setren\/"},"modified":"2022-07-05T22:50:27","modified_gmt":"2022-07-05T22:50:27","slug":"agenda-setren","status":"publish","type":"product","link":"https:\/\/www.agenciagrafica.cl\/?product=agenda-setren","title":{"rendered":"Agenda Setren"},"content":{"rendered":"<table cellspacing='0' cellpadding='0' style='border:none' width=500px>\n<tr>\n<th style='text-align:left; background-color:#696969; border: 1px solid #696969; color:#fff;' colspan='2'>CARACTER\u00cdSTICAS<\/th>\n<\/tr>\n<tr>\n<td style='text-align:left; border: 1px solid #696969;'>Composici\u00f3n<\/td>\n<td style='text-align:left; border: 1px solid #696969;'>Papel<\/td>\n<\/tr>\n<tr>\n<td style='text-align:left; border: 1px solid #696969;'>Especificaciones art\u00edculo<\/td>\n<td style='text-align:left; border: 1px solid #696969;'>21.2 cm \/ 15 cm \/ 1.8 cm | 640 gr<\/td>\n<\/tr>\n<tr>\n<td style='text-align:left; border: 1px solid #696969;'>Packaging: alto (cm)<\/td>\n<td style='text-align:left; border: 1px solid #696969;'>27<\/td>\n<\/tr>\n<tr>\n<td style='text-align:left; border: 1px solid #696969;'>Packaging: largo (cm) <\/td>\n<td style='text-align:left; border: 1px solid #696969;'>38<\/td>\n<\/tr>\n<tr>\n<td style='text-align:left; border: 1px solid #696969;'>Packaging: ancho (cm) <\/td>\n<td style='text-align:left; border: 1px solid #696969;'>31<\/td>\n<\/tr>\n<tr>\n<td style='text-align:left; border: 1px solid #696969;'>Peso caja (Kgr)<\/td>\n<td style='text-align:left; border: 1px solid #696969;'>14<\/td>\n<\/tr>\n<tr>\n<td style='text-align:left; border: 1px solid #696969;'>Unidades\/caja<\/td>\n<td style='text-align:left; border: 1px solid #696969;'>20<\/td>\n<\/tr>\n<\/table>\n<p>&nbsp;<\/p>\n<table cellspacing='0' cellpadding='0' style='border:none' width=500px>\n<tr>\n<th style='text-align:center; background-color:#696969; border: 1px solid #696969; color:#fff;'>MARCAJE<\/th>\n<\/tr>\n<tr>\n<td><a href='http:\/\/makito.es\/WebRoot\/Store\/Shops\/Makito\/6077\/0BF4\/9644\/D1F2\/1FF0\/0A6E\/0364\/A714\/2615-A1.jpg'>SERIGRAF\u00cdA E: EN LA PORTADA.max: 10&#215;12 cm<\/a><\/td>\n<\/tr>\n<tr>\n<td><a href='http:\/\/makito.es\/WebRoot\/Store\/Shops\/Makito\/6077\/0BF4\/9644\/D1F2\/1FF0\/0A6E\/0364\/A714\/2615-A2.jpg'>SERIGRAF\u00cdA E: EN LA CONTRAPORTADA.max: 10&#215;12 cm<\/a><\/td>\n<\/tr>\n<\/table>\n","protected":false},"excerpt":{"rendered":"<p>Agenda de tama\u00f1o A5 en resistente cart\u00f3n. Con cubiertas r\u00edgidas y el\u00e1stico de cierre, disponible en variada gama de colores.  Dise\u00f1o p\u00e1gina d\u00eda con frase del d\u00eda. En 8 idiomas: castellano, ingl\u00e9s, franc\u00e9s, italiano, portugu\u00e9s, gallego, euskera y catal\u00e1n.  Con distintivo eco friendly en contraportada y fabricada con papel libre de cloro elemental (ECF), que reduce de manera dr\u00e1stica la contaminaci\u00f3n en el proceso de blanqueado de la pulpa del papel, consiguiendo una excelente calidad en el acabado final y, al mismo tiempo, garantizando el proceso de reciclado en m\u00faltiples ocasiones. P\u00e1gina D\u00eda<\/p>\n","protected":false},"featured_media":7302,"comment_status":"open","ping_status":"closed","template":"","meta":{"site-sidebar-layout":"default","site-content-layout":"default","ast-global-header-display":"","ast-main-header-display":"","ast-hfb-above-header-display":"","ast-hfb-below-header-display":"","ast-hfb-mobile-header-display":"","site-post-title":"","ast-breadcrumbs-content":"","ast-featured-img":"","footer-sml-layout":"","theme-transparent-header-meta":"","adv-header-id-meta":"","stick-header-meta":"","header-above-stick-meta":"","header-main-stick-meta":"","header-below-stick-meta":""},"product_brand":[],"product_cat":[287,289],"product_tag":[],"class_list":{"0":"post-7305","1":"product","2":"type-product","3":"status-publish","4":"has-post-thumbnail","6":"product_cat-novedades","7":"product_cat-oficina-y-negocios","8":"desktop-align-left","9":"tablet-align-left","10":"mobile-align-left","12":"first","13":"instock","14":"shipping-taxable","15":"product-type-simple"},"yoast_head":"<!-- This site is optimized with the Yoast SEO plugin v24.6 - https:\/\/yoast.com\/wordpress\/plugins\/seo\/ -->\n<title>Agenda Setren - AGENCIA GR\u00c1FICA SPA<\/title>\n<meta name=\"robots\" content=\"index, follow, max-snippet:-1, max-image-preview:large, max-video-preview:-1\" \/>\n<link rel=\"canonical\" href=\"https:\/\/www.agenciagrafica.cl\/producto\/agenda-setren\/\" \/>\n<meta property=\"og:locale\" content=\"es_ES\" \/>\n<meta property=\"og:type\" content=\"article\" \/>\n<meta property=\"og:title\" content=\"Agenda Setren - AGENCIA GR\u00c1FICA SPA\" \/>\n<meta property=\"og:description\" content=\"Agenda de tama\u00f1o A5 en resistente cart\u00f3n. Con cubiertas r\u00edgidas y el\u00e1stico de cierre, disponible en variada gama de colores. Dise\u00f1o p\u00e1gina d\u00eda con frase del d\u00eda. En 8 idiomas: castellano, ingl\u00e9s, franc\u00e9s, italiano, portugu\u00e9s, gallego, euskera y catal\u00e1n. Con distintivo eco friendly en contraportada y fabricada con papel libre de cloro elemental (ECF), que reduce de manera dr\u00e1stica la contaminaci\u00f3n en el proceso de blanqueado de la pulpa del papel, consiguiendo una excelente calidad en el acabado final y, al mismo tiempo, garantizando el proceso de reciclado en m\u00faltiples ocasiones. P\u00e1gina D\u00eda\" \/>\n<meta property=\"og:url\" content=\"https:\/\/www.agenciagrafica.cl\/producto\/agenda-setren\/\" \/>\n<meta property=\"og:site_name\" content=\"AGENCIA GR\u00c1FICA SPA\" \/>\n<meta name=\"twitter:card\" content=\"summary_large_image\" \/>\n<script type=\"application\/ld+json\" class=\"yoast-schema-graph\">{\"@context\":\"https:\/\/schema.org\",\"@graph\":[{\"@type\":\"WebPage\",\"@id\":\"https:\/\/www.agenciagrafica.cl\/producto\/agenda-setren\/\",\"url\":\"https:\/\/www.agenciagrafica.cl\/producto\/agenda-setren\/\",\"name\":\"Agenda Setren - AGENCIA GR\u00c1FICA SPA\",\"isPartOf\":{\"@id\":\"https:\/\/www.agenciagrafica.cl\/#website\"},\"primaryImageOfPage\":{\"@id\":\"https:\/\/www.agenciagrafica.cl\/producto\/agenda-setren\/#primaryimage\"},\"image\":{\"@id\":\"https:\/\/www.agenciagrafica.cl\/producto\/agenda-setren\/#primaryimage\"},\"thumbnailUrl\":\"https:\/\/www.agenciagrafica.cl\/wp-content\/uploads\/2022\/07\/26106.jpg\",\"datePublished\":\"2022-07-05T22:50:27+00:00\",\"breadcrumb\":{\"@id\":\"https:\/\/www.agenciagrafica.cl\/producto\/agenda-setren\/#breadcrumb\"},\"inLanguage\":\"es\",\"potentialAction\":[{\"@type\":\"ReadAction\",\"target\":[\"https:\/\/www.agenciagrafica.cl\/producto\/agenda-setren\/\"]}]},{\"@type\":\"ImageObject\",\"inLanguage\":\"es\",\"@id\":\"https:\/\/www.agenciagrafica.cl\/producto\/agenda-setren\/#primaryimage\",\"url\":\"https:\/\/www.agenciagrafica.cl\/wp-content\/uploads\/2022\/07\/26106.jpg\",\"contentUrl\":\"https:\/\/www.agenciagrafica.cl\/wp-content\/uploads\/2022\/07\/26106.jpg\",\"width\":1080,\"height\":1080},{\"@type\":\"BreadcrumbList\",\"@id\":\"https:\/\/www.agenciagrafica.cl\/producto\/agenda-setren\/#breadcrumb\",\"itemListElement\":[{\"@type\":\"ListItem\",\"position\":1,\"name\":\"Portada\",\"item\":\"https:\/\/www.agenciagrafica.cl\/\"},{\"@type\":\"ListItem\",\"position\":2,\"name\":\"Cat\u00e1logo\",\"item\":\"https:\/\/www.agenciagrafica.cl\/?page_id=1613\"},{\"@type\":\"ListItem\",\"position\":3,\"name\":\"Agenda Setren\"}]},{\"@type\":\"WebSite\",\"@id\":\"https:\/\/www.agenciagrafica.cl\/#website\",\"url\":\"https:\/\/www.agenciagrafica.cl\/\",\"name\":\"AGENCIA GR\u00c1FICA SPA\",\"description\":\"regalos publicitarios personalizados\",\"publisher\":{\"@id\":\"https:\/\/www.agenciagrafica.cl\/#organization\"},\"potentialAction\":[{\"@type\":\"SearchAction\",\"target\":{\"@type\":\"EntryPoint\",\"urlTemplate\":\"https:\/\/www.agenciagrafica.cl\/?s={search_term_string}\"},\"query-input\":{\"@type\":\"PropertyValueSpecification\",\"valueRequired\":true,\"valueName\":\"search_term_string\"}}],\"inLanguage\":\"es\"},{\"@type\":\"Organization\",\"@id\":\"https:\/\/www.agenciagrafica.cl\/#organization\",\"name\":\"AGENCIA GR\u00c1FICA SPA\",\"url\":\"https:\/\/www.agenciagrafica.cl\/\",\"logo\":{\"@type\":\"ImageObject\",\"inLanguage\":\"es\",\"@id\":\"https:\/\/www.agenciagrafica.cl\/#\/schema\/logo\/image\/\",\"url\":\"https:\/\/www.agenciagrafica.cl\/wp-content\/uploads\/2022\/07\/cropped-cropped-agencia-grafica-2-e1657463336302-1.png\",\"contentUrl\":\"https:\/\/www.agenciagrafica.cl\/wp-content\/uploads\/2022\/07\/cropped-cropped-agencia-grafica-2-e1657463336302-1.png\",\"width\":200,\"height\":208,\"caption\":\"AGENCIA GR\u00c1FICA SPA\"},\"image\":{\"@id\":\"https:\/\/www.agenciagrafica.cl\/#\/schema\/logo\/image\/\"}}]}<\/script>\n<!-- \/ Yoast SEO plugin. -->","yoast_head_json":{"title":"Agenda Setren - AGENCIA GR\u00c1FICA SPA","robots":{"index":"index","follow":"follow","max-snippet":"max-snippet:-1","max-image-preview":"max-image-preview:large","max-video-preview":"max-video-preview:-1"},"canonical":"https:\/\/www.agenciagrafica.cl\/producto\/agenda-setren\/","og_locale":"es_ES","og_type":"article","og_title":"Agenda Setren - AGENCIA GR\u00c1FICA SPA","og_description":"Agenda de tama\u00f1o A5 en resistente cart\u00f3n. Con cubiertas r\u00edgidas y el\u00e1stico de cierre, disponible en variada gama de colores. Dise\u00f1o p\u00e1gina d\u00eda con frase del d\u00eda. En 8 idiomas: castellano, ingl\u00e9s, franc\u00e9s, italiano, portugu\u00e9s, gallego, euskera y catal\u00e1n. Con distintivo eco friendly en contraportada y fabricada con papel libre de cloro elemental (ECF), que reduce de manera dr\u00e1stica la contaminaci\u00f3n en el proceso de blanqueado de la pulpa del papel, consiguiendo una excelente calidad en el acabado final y, al mismo tiempo, garantizando el proceso de reciclado en m\u00faltiples ocasiones. P\u00e1gina D\u00eda","og_url":"https:\/\/www.agenciagrafica.cl\/producto\/agenda-setren\/","og_site_name":"AGENCIA GR\u00c1FICA SPA","twitter_card":"summary_large_image","schema":{"@context":"https:\/\/schema.org","@graph":[{"@type":"WebPage","@id":"https:\/\/www.agenciagrafica.cl\/producto\/agenda-setren\/","url":"https:\/\/www.agenciagrafica.cl\/producto\/agenda-setren\/","name":"Agenda Setren - AGENCIA GR\u00c1FICA SPA","isPartOf":{"@id":"https:\/\/www.agenciagrafica.cl\/#website"},"primaryImageOfPage":{"@id":"https:\/\/www.agenciagrafica.cl\/producto\/agenda-setren\/#primaryimage"},"image":{"@id":"https:\/\/www.agenciagrafica.cl\/producto\/agenda-setren\/#primaryimage"},"thumbnailUrl":"https:\/\/www.agenciagrafica.cl\/wp-content\/uploads\/2022\/07\/26106.jpg","datePublished":"2022-07-05T22:50:27+00:00","breadcrumb":{"@id":"https:\/\/www.agenciagrafica.cl\/producto\/agenda-setren\/#breadcrumb"},"inLanguage":"es","potentialAction":[{"@type":"ReadAction","target":["https:\/\/www.agenciagrafica.cl\/producto\/agenda-setren\/"]}]},{"@type":"ImageObject","inLanguage":"es","@id":"https:\/\/www.agenciagrafica.cl\/producto\/agenda-setren\/#primaryimage","url":"https:\/\/www.agenciagrafica.cl\/wp-content\/uploads\/2022\/07\/26106.jpg","contentUrl":"https:\/\/www.agenciagrafica.cl\/wp-content\/uploads\/2022\/07\/26106.jpg","width":1080,"height":1080},{"@type":"BreadcrumbList","@id":"https:\/\/www.agenciagrafica.cl\/producto\/agenda-setren\/#breadcrumb","itemListElement":[{"@type":"ListItem","position":1,"name":"Portada","item":"https:\/\/www.agenciagrafica.cl\/"},{"@type":"ListItem","position":2,"name":"Cat\u00e1logo","item":"https:\/\/www.agenciagrafica.cl\/?page_id=1613"},{"@type":"ListItem","position":3,"name":"Agenda Setren"}]},{"@type":"WebSite","@id":"https:\/\/www.agenciagrafica.cl\/#website","url":"https:\/\/www.agenciagrafica.cl\/","name":"AGENCIA GR\u00c1FICA SPA","description":"regalos publicitarios personalizados","publisher":{"@id":"https:\/\/www.agenciagrafica.cl\/#organization"},"potentialAction":[{"@type":"SearchAction","target":{"@type":"EntryPoint","urlTemplate":"https:\/\/www.agenciagrafica.cl\/?s={search_term_string}"},"query-input":{"@type":"PropertyValueSpecification","valueRequired":true,"valueName":"search_term_string"}}],"inLanguage":"es"},{"@type":"Organization","@id":"https:\/\/www.agenciagrafica.cl\/#organization","name":"AGENCIA GR\u00c1FICA SPA","url":"https:\/\/www.agenciagrafica.cl\/","logo":{"@type":"ImageObject","inLanguage":"es","@id":"https:\/\/www.agenciagrafica.cl\/#\/schema\/logo\/image\/","url":"https:\/\/www.agenciagrafica.cl\/wp-content\/uploads\/2022\/07\/cropped-cropped-agencia-grafica-2-e1657463336302-1.png","contentUrl":"https:\/\/www.agenciagrafica.cl\/wp-content\/uploads\/2022\/07\/cropped-cropped-agencia-grafica-2-e1657463336302-1.png","width":200,"height":208,"caption":"AGENCIA GR\u00c1FICA SPA"},"image":{"@id":"https:\/\/www.agenciagrafica.cl\/#\/schema\/logo\/image\/"}}]}},"jetpack_sharing_enabled":true,"_links":{"self":[{"href":"https:\/\/www.agenciagrafica.cl\/index.php?rest_route=\/wp\/v2\/product\/7305","targetHints":{"allow":["GET"]}}],"collection":[{"href":"https:\/\/www.agenciagrafica.cl\/index.php?rest_route=\/wp\/v2\/product"}],"about":[{"href":"https:\/\/www.agenciagrafica.cl\/index.php?rest_route=\/wp\/v2\/types\/product"}],"replies":[{"embeddable":true,"href":"https:\/\/www.agenciagrafica.cl\/index.php?rest_route=%2Fwp%2Fv2%2Fcomments&post=7305"}],"version-history":[{"count":0,"href":"https:\/\/www.agenciagrafica.cl\/index.php?rest_route=\/wp\/v2\/product\/7305\/revisions"}],"wp:featuredmedia":[{"embeddable":true,"href":"https:\/\/www.agenciagrafica.cl\/index.php?rest_route=\/wp\/v2\/media\/7302"}],"wp:attachment":[{"href":"https:\/\/www.agenciagrafica.cl\/index.php?rest_route=%2Fwp%2Fv2%2Fmedia&parent=7305"}],"wp:term":[{"taxonomy":"product_brand","embeddable":true,"href":"https:\/\/www.agenciagrafica.cl\/index.php?rest_route=%2Fwp%2Fv2%2Fproduct_brand&post=7305"},{"taxonomy":"product_cat","embeddable":true,"href":"https:\/\/www.agenciagrafica.cl\/index.php?rest_route=%2Fwp%2Fv2%2Fproduct_cat&post=7305"},{"taxonomy":"product_tag","embeddable":true,"href":"https:\/\/www.agenciagrafica.cl\/index.php?rest_route=%2Fwp%2Fv2%2Fproduct_tag&post=7305"}],"curies":[{"name":"wp","href":"https:\/\/api.w.org\/{rel}","templated":true}]}}