{"id":7245,"date":"2022-07-05T22:48:37","date_gmt":"2022-07-05T22:48:37","guid":{"rendered":"https:\/\/www.agenciagrafica.cl\/producto\/agenda-fredex\/"},"modified":"2023-09-20T20:13:35","modified_gmt":"2023-09-20T20:13:35","slug":"agenda-fredex","status":"publish","type":"product","link":"https:\/\/www.agenciagrafica.cl\/?product=agenda-fredex","title":{"rendered":"Agenda Fredex"},"content":{"rendered":"<table style=\"border: none;\" width=\"500px\" cellspacing=\"0\" cellpadding=\"0\">\n<tbody>\n<tr>\n<th style=\"text-align: left; background-color: #696969; border: 1px solid #696969; color: #fff;\" colspan=\"2\">CARACTER\u00cdSTICAS<\/th>\n<\/tr>\n<tr>\n<td style=\"text-align: left; border: 1px solid #696969;\">Composici\u00f3n<\/td>\n<td style=\"text-align: left; border: 1px solid #696969;\">Papel<\/td>\n<\/tr>\n<tr>\n<td style=\"text-align: left; border: 1px solid #696969;\">Especificaciones art\u00edculo<\/td>\n<td style=\"text-align: left; border: 1px solid #696969;\">21 cm \/ 14.7 cm \/ 2 cm | 360 gr<\/td>\n<\/tr>\n<tr>\n<td style=\"text-align: left; border: 1px solid #696969;\">Packaging: alto (cm)<\/td>\n<td style=\"text-align: left; border: 1px solid #696969;\">25<\/td>\n<\/tr>\n<tr>\n<td style=\"text-align: left; border: 1px solid #696969;\">Packaging: largo (cm)<\/td>\n<td style=\"text-align: left; border: 1px solid #696969;\">32<\/td>\n<\/tr>\n<tr>\n<td style=\"text-align: left; border: 1px solid #696969;\">Packaging: ancho (cm)<\/td>\n<td style=\"text-align: left; border: 1px solid #696969;\">23<\/td>\n<\/tr>\n<tr>\n<td style=\"text-align: left; border: 1px solid #696969;\">Peso caja (Kgr)<\/td>\n<td style=\"text-align: left; border: 1px solid #696969;\">10<\/td>\n<\/tr>\n<tr>\n<td style=\"text-align: left; border: 1px solid #696969;\">Unidades\/caja<\/td>\n<td style=\"text-align: left; border: 1px solid #696969;\">20<\/td>\n<\/tr>\n<\/tbody>\n<\/table>\n<p>&nbsp;<\/p>\n<table style=\"border: none;\" width=\"500px\" cellspacing=\"0\" cellpadding=\"0\">\n<tbody>\n<tr>\n<th style=\"text-align: center; background-color: #696969; border: 1px solid #696969; color: #fff;\">MARCAJE<\/th>\n<\/tr>\n<tr>\n<td><a href=\"http:\/\/makito.es\/WebRoot\/Store\/Shops\/Makito\/5F3A\/8CF2\/369B\/0450\/A364\/0A6E\/0368\/FCE7\/2596-A1.jpg\">TAMPOGRAF\u00cdA E: EN LA PORTADA.max: 8&#215;6 cm<\/a><\/td>\n<\/tr>\n<\/tbody>\n<\/table>\n","protected":false},"excerpt":{"rendered":"<p>Agenda eco en tama\u00f1o A5, con elegantes tapas en cart\u00f3n granulado de acabado Nature. Fabricada con papel libre de cloro elemental (EFC), que reduce de manera dr\u00e1stica la contaminaci\u00f3n en el proceso de blanqueado de la pulpa del papel, consiguiendo una excelente calidad en el acabado final y, al mismo tiempo, garantizando el proceso de reciclado en m\u00faltiples ocasiones. Dise\u00f1o p\u00e1gina d\u00eda, con marcap\u00e1ginas y frase diaria. 8 idiomas: castellano, ingl\u00e9s, franc\u00e9s, italiano, portugu\u00e9s, gallego, euskera y catal\u00e1n. P\u00e1gina D\u00eda<\/p>\n","protected":false},"featured_media":7240,"comment_status":"open","ping_status":"closed","template":"","meta":{"site-sidebar-layout":"default","site-content-layout":"default","ast-global-header-display":"","ast-main-header-display":"","ast-hfb-above-header-display":"","ast-hfb-below-header-display":"","ast-hfb-mobile-header-display":"","site-post-title":"","ast-breadcrumbs-content":"","ast-featured-img":"","footer-sml-layout":"","theme-transparent-header-meta":"default","adv-header-id-meta":"","stick-header-meta":"","header-above-stick-meta":"","header-main-stick-meta":"","header-below-stick-meta":""},"product_brand":[],"product_cat":[386],"product_tag":[],"class_list":{"0":"post-7245","1":"product","2":"type-product","3":"status-publish","4":"has-post-thumbnail","6":"product_cat-libretas-memo-set","7":"desktop-align-left","8":"tablet-align-left","9":"mobile-align-left","11":"first","12":"instock","13":"shipping-taxable","14":"product-type-simple"},"yoast_head":"<!-- This site is optimized with the Yoast SEO plugin v24.6 - https:\/\/yoast.com\/wordpress\/plugins\/seo\/ -->\n<title>Agenda Fredex - AGENCIA GR\u00c1FICA SPA<\/title>\n<meta name=\"robots\" content=\"index, follow, max-snippet:-1, max-image-preview:large, max-video-preview:-1\" \/>\n<link rel=\"canonical\" href=\"https:\/\/www.agenciagrafica.cl\/?product=agenda-fredex\" \/>\n<meta property=\"og:locale\" content=\"es_ES\" \/>\n<meta property=\"og:type\" content=\"article\" \/>\n<meta property=\"og:title\" content=\"Agenda Fredex - AGENCIA GR\u00c1FICA SPA\" \/>\n<meta property=\"og:description\" content=\"Agenda eco en tama\u00f1o A5, con elegantes tapas en cart\u00f3n granulado de acabado Nature. Fabricada con papel libre de cloro elemental (EFC), que reduce de manera dr\u00e1stica la contaminaci\u00f3n en el proceso de blanqueado de la pulpa del papel, consiguiendo una excelente calidad en el acabado final y, al mismo tiempo, garantizando el proceso de reciclado en m\u00faltiples ocasiones. Dise\u00f1o p\u00e1gina d\u00eda, con marcap\u00e1ginas y frase diaria. 8 idiomas: castellano, ingl\u00e9s, franc\u00e9s, italiano, portugu\u00e9s, gallego, euskera y catal\u00e1n. P\u00e1gina D\u00eda\" \/>\n<meta property=\"og:url\" content=\"https:\/\/www.agenciagrafica.cl\/?product=agenda-fredex\" \/>\n<meta property=\"og:site_name\" content=\"AGENCIA GR\u00c1FICA SPA\" \/>\n<meta property=\"article:modified_time\" content=\"2023-09-20T20:13:35+00:00\" \/>\n<meta property=\"og:image\" content=\"https:\/\/www.agenciagrafica.cl\/wp-content\/uploads\/2022\/07\/24345.jpg\" \/>\n\t<meta property=\"og:image:width\" content=\"500\" \/>\n\t<meta property=\"og:image:height\" content=\"500\" \/>\n\t<meta property=\"og:image:type\" content=\"image\/jpeg\" \/>\n<meta name=\"twitter:card\" content=\"summary_large_image\" \/>\n<meta name=\"twitter:label1\" content=\"Tiempo de lectura\" \/>\n\t<meta name=\"twitter:data1\" content=\"1 minuto\" \/>\n<script type=\"application\/ld+json\" class=\"yoast-schema-graph\">{\"@context\":\"https:\/\/schema.org\",\"@graph\":[{\"@type\":\"WebPage\",\"@id\":\"https:\/\/www.agenciagrafica.cl\/?product=agenda-fredex\",\"url\":\"https:\/\/www.agenciagrafica.cl\/?product=agenda-fredex\",\"name\":\"Agenda Fredex - AGENCIA GR\u00c1FICA SPA\",\"isPartOf\":{\"@id\":\"https:\/\/www.agenciagrafica.cl\/#website\"},\"primaryImageOfPage\":{\"@id\":\"https:\/\/www.agenciagrafica.cl\/?product=agenda-fredex#primaryimage\"},\"image\":{\"@id\":\"https:\/\/www.agenciagrafica.cl\/?product=agenda-fredex#primaryimage\"},\"thumbnailUrl\":\"https:\/\/www.agenciagrafica.cl\/wp-content\/uploads\/2022\/07\/24345.jpg\",\"datePublished\":\"2022-07-05T22:48:37+00:00\",\"dateModified\":\"2023-09-20T20:13:35+00:00\",\"breadcrumb\":{\"@id\":\"https:\/\/www.agenciagrafica.cl\/?product=agenda-fredex#breadcrumb\"},\"inLanguage\":\"es\",\"potentialAction\":[{\"@type\":\"ReadAction\",\"target\":[\"https:\/\/www.agenciagrafica.cl\/?product=agenda-fredex\"]}]},{\"@type\":\"ImageObject\",\"inLanguage\":\"es\",\"@id\":\"https:\/\/www.agenciagrafica.cl\/?product=agenda-fredex#primaryimage\",\"url\":\"https:\/\/www.agenciagrafica.cl\/wp-content\/uploads\/2022\/07\/24345.jpg\",\"contentUrl\":\"https:\/\/www.agenciagrafica.cl\/wp-content\/uploads\/2022\/07\/24345.jpg\",\"width\":500,\"height\":500},{\"@type\":\"BreadcrumbList\",\"@id\":\"https:\/\/www.agenciagrafica.cl\/?product=agenda-fredex#breadcrumb\",\"itemListElement\":[{\"@type\":\"ListItem\",\"position\":1,\"name\":\"Portada\",\"item\":\"https:\/\/www.agenciagrafica.cl\/\"},{\"@type\":\"ListItem\",\"position\":2,\"name\":\"Cat\u00e1logo\",\"item\":\"https:\/\/www.agenciagrafica.cl\/?page_id=1613\"},{\"@type\":\"ListItem\",\"position\":3,\"name\":\"Agenda Fredex\"}]},{\"@type\":\"WebSite\",\"@id\":\"https:\/\/www.agenciagrafica.cl\/#website\",\"url\":\"https:\/\/www.agenciagrafica.cl\/\",\"name\":\"AGENCIA GR\u00c1FICA SPA\",\"description\":\"regalos publicitarios personalizados\",\"publisher\":{\"@id\":\"https:\/\/www.agenciagrafica.cl\/#organization\"},\"potentialAction\":[{\"@type\":\"SearchAction\",\"target\":{\"@type\":\"EntryPoint\",\"urlTemplate\":\"https:\/\/www.agenciagrafica.cl\/?s={search_term_string}\"},\"query-input\":{\"@type\":\"PropertyValueSpecification\",\"valueRequired\":true,\"valueName\":\"search_term_string\"}}],\"inLanguage\":\"es\"},{\"@type\":\"Organization\",\"@id\":\"https:\/\/www.agenciagrafica.cl\/#organization\",\"name\":\"AGENCIA GR\u00c1FICA SPA\",\"url\":\"https:\/\/www.agenciagrafica.cl\/\",\"logo\":{\"@type\":\"ImageObject\",\"inLanguage\":\"es\",\"@id\":\"https:\/\/www.agenciagrafica.cl\/#\/schema\/logo\/image\/\",\"url\":\"https:\/\/www.agenciagrafica.cl\/wp-content\/uploads\/2022\/07\/cropped-cropped-agencia-grafica-2-e1657463336302-1.png\",\"contentUrl\":\"https:\/\/www.agenciagrafica.cl\/wp-content\/uploads\/2022\/07\/cropped-cropped-agencia-grafica-2-e1657463336302-1.png\",\"width\":200,\"height\":208,\"caption\":\"AGENCIA GR\u00c1FICA SPA\"},\"image\":{\"@id\":\"https:\/\/www.agenciagrafica.cl\/#\/schema\/logo\/image\/\"}}]}<\/script>\n<!-- \/ Yoast SEO plugin. -->","yoast_head_json":{"title":"Agenda Fredex - AGENCIA GR\u00c1FICA SPA","robots":{"index":"index","follow":"follow","max-snippet":"max-snippet:-1","max-image-preview":"max-image-preview:large","max-video-preview":"max-video-preview:-1"},"canonical":"https:\/\/www.agenciagrafica.cl\/?product=agenda-fredex","og_locale":"es_ES","og_type":"article","og_title":"Agenda Fredex - AGENCIA GR\u00c1FICA SPA","og_description":"Agenda eco en tama\u00f1o A5, con elegantes tapas en cart\u00f3n granulado de acabado Nature. Fabricada con papel libre de cloro elemental (EFC), que reduce de manera dr\u00e1stica la contaminaci\u00f3n en el proceso de blanqueado de la pulpa del papel, consiguiendo una excelente calidad en el acabado final y, al mismo tiempo, garantizando el proceso de reciclado en m\u00faltiples ocasiones. Dise\u00f1o p\u00e1gina d\u00eda, con marcap\u00e1ginas y frase diaria. 8 idiomas: castellano, ingl\u00e9s, franc\u00e9s, italiano, portugu\u00e9s, gallego, euskera y catal\u00e1n. P\u00e1gina D\u00eda","og_url":"https:\/\/www.agenciagrafica.cl\/?product=agenda-fredex","og_site_name":"AGENCIA GR\u00c1FICA SPA","article_modified_time":"2023-09-20T20:13:35+00:00","og_image":[{"width":500,"height":500,"url":"https:\/\/www.agenciagrafica.cl\/wp-content\/uploads\/2022\/07\/24345.jpg","type":"image\/jpeg"}],"twitter_card":"summary_large_image","twitter_misc":{"Tiempo de lectura":"1 minuto"},"schema":{"@context":"https:\/\/schema.org","@graph":[{"@type":"WebPage","@id":"https:\/\/www.agenciagrafica.cl\/?product=agenda-fredex","url":"https:\/\/www.agenciagrafica.cl\/?product=agenda-fredex","name":"Agenda Fredex - AGENCIA GR\u00c1FICA SPA","isPartOf":{"@id":"https:\/\/www.agenciagrafica.cl\/#website"},"primaryImageOfPage":{"@id":"https:\/\/www.agenciagrafica.cl\/?product=agenda-fredex#primaryimage"},"image":{"@id":"https:\/\/www.agenciagrafica.cl\/?product=agenda-fredex#primaryimage"},"thumbnailUrl":"https:\/\/www.agenciagrafica.cl\/wp-content\/uploads\/2022\/07\/24345.jpg","datePublished":"2022-07-05T22:48:37+00:00","dateModified":"2023-09-20T20:13:35+00:00","breadcrumb":{"@id":"https:\/\/www.agenciagrafica.cl\/?product=agenda-fredex#breadcrumb"},"inLanguage":"es","potentialAction":[{"@type":"ReadAction","target":["https:\/\/www.agenciagrafica.cl\/?product=agenda-fredex"]}]},{"@type":"ImageObject","inLanguage":"es","@id":"https:\/\/www.agenciagrafica.cl\/?product=agenda-fredex#primaryimage","url":"https:\/\/www.agenciagrafica.cl\/wp-content\/uploads\/2022\/07\/24345.jpg","contentUrl":"https:\/\/www.agenciagrafica.cl\/wp-content\/uploads\/2022\/07\/24345.jpg","width":500,"height":500},{"@type":"BreadcrumbList","@id":"https:\/\/www.agenciagrafica.cl\/?product=agenda-fredex#breadcrumb","itemListElement":[{"@type":"ListItem","position":1,"name":"Portada","item":"https:\/\/www.agenciagrafica.cl\/"},{"@type":"ListItem","position":2,"name":"Cat\u00e1logo","item":"https:\/\/www.agenciagrafica.cl\/?page_id=1613"},{"@type":"ListItem","position":3,"name":"Agenda Fredex"}]},{"@type":"WebSite","@id":"https:\/\/www.agenciagrafica.cl\/#website","url":"https:\/\/www.agenciagrafica.cl\/","name":"AGENCIA GR\u00c1FICA SPA","description":"regalos publicitarios personalizados","publisher":{"@id":"https:\/\/www.agenciagrafica.cl\/#organization"},"potentialAction":[{"@type":"SearchAction","target":{"@type":"EntryPoint","urlTemplate":"https:\/\/www.agenciagrafica.cl\/?s={search_term_string}"},"query-input":{"@type":"PropertyValueSpecification","valueRequired":true,"valueName":"search_term_string"}}],"inLanguage":"es"},{"@type":"Organization","@id":"https:\/\/www.agenciagrafica.cl\/#organization","name":"AGENCIA GR\u00c1FICA SPA","url":"https:\/\/www.agenciagrafica.cl\/","logo":{"@type":"ImageObject","inLanguage":"es","@id":"https:\/\/www.agenciagrafica.cl\/#\/schema\/logo\/image\/","url":"https:\/\/www.agenciagrafica.cl\/wp-content\/uploads\/2022\/07\/cropped-cropped-agencia-grafica-2-e1657463336302-1.png","contentUrl":"https:\/\/www.agenciagrafica.cl\/wp-content\/uploads\/2022\/07\/cropped-cropped-agencia-grafica-2-e1657463336302-1.png","width":200,"height":208,"caption":"AGENCIA GR\u00c1FICA SPA"},"image":{"@id":"https:\/\/www.agenciagrafica.cl\/#\/schema\/logo\/image\/"}}]}},"jetpack_sharing_enabled":true,"_links":{"self":[{"href":"https:\/\/www.agenciagrafica.cl\/index.php?rest_route=\/wp\/v2\/product\/7245","targetHints":{"allow":["GET"]}}],"collection":[{"href":"https:\/\/www.agenciagrafica.cl\/index.php?rest_route=\/wp\/v2\/product"}],"about":[{"href":"https:\/\/www.agenciagrafica.cl\/index.php?rest_route=\/wp\/v2\/types\/product"}],"replies":[{"embeddable":true,"href":"https:\/\/www.agenciagrafica.cl\/index.php?rest_route=%2Fwp%2Fv2%2Fcomments&post=7245"}],"version-history":[{"count":1,"href":"https:\/\/www.agenciagrafica.cl\/index.php?rest_route=\/wp\/v2\/product\/7245\/revisions"}],"predecessor-version":[{"id":29419,"href":"https:\/\/www.agenciagrafica.cl\/index.php?rest_route=\/wp\/v2\/product\/7245\/revisions\/29419"}],"wp:featuredmedia":[{"embeddable":true,"href":"https:\/\/www.agenciagrafica.cl\/index.php?rest_route=\/wp\/v2\/media\/7240"}],"wp:attachment":[{"href":"https:\/\/www.agenciagrafica.cl\/index.php?rest_route=%2Fwp%2Fv2%2Fmedia&parent=7245"}],"wp:term":[{"taxonomy":"product_brand","embeddable":true,"href":"https:\/\/www.agenciagrafica.cl\/index.php?rest_route=%2Fwp%2Fv2%2Fproduct_brand&post=7245"},{"taxonomy":"product_cat","embeddable":true,"href":"https:\/\/www.agenciagrafica.cl\/index.php?rest_route=%2Fwp%2Fv2%2Fproduct_cat&post=7245"},{"taxonomy":"product_tag","embeddable":true,"href":"https:\/\/www.agenciagrafica.cl\/index.php?rest_route=%2Fwp%2Fv2%2Fproduct_tag&post=7245"}],"curies":[{"name":"wp","href":"https:\/\/api.w.org\/{rel}","templated":true}]}}