{"id":7198,"date":"2022-07-05T22:47:19","date_gmt":"2022-07-05T22:47:19","guid":{"rendered":"https:\/\/www.agenciagrafica.cl\/producto\/mascarilla-higienica-reutilizable-liriax\/"},"modified":"2022-07-05T22:47:19","modified_gmt":"2022-07-05T22:47:19","slug":"mascarilla-higienica-reutilizable-liriax","status":"publish","type":"product","link":"https:\/\/www.agenciagrafica.cl\/?product=mascarilla-higienica-reutilizable-liriax","title":{"rendered":"Mascarilla Higi\u00e9nica Reutilizable Liriax"},"content":{"rendered":"<table cellspacing='0' cellpadding='0' style='border:none' width=500px>\n<tr>\n<th style='text-align:left; background-color:#696969; border: 1px solid #696969; color:#fff;' colspan='2'>CARACTER\u00cdSTICAS<\/th>\n<\/tr>\n<tr>\n<td style='text-align:left; border: 1px solid #696969;'>Composici\u00f3n<\/td>\n<td style='text-align:left; border: 1px solid #696969;'>Exterior: 50% Algod\u00f3n\/ 50% Poli\u00e9ster. Interior: 100% Poli\u00e9ster<\/td>\n<\/tr>\n<tr>\n<td style='text-align:left; border: 1px solid #696969;'>Especificaciones art\u00edculo<\/td>\n<td style='text-align:left; border: 1px solid #696969;'>14.5 cm \/ 23 cm \/  cm | 10 gr<\/td>\n<\/tr>\n<tr>\n<td style='text-align:left; border: 1px solid #696969;'>Packaging: alto (cm)<\/td>\n<td style='text-align:left; border: 1px solid #696969;'>34<\/td>\n<\/tr>\n<tr>\n<td style='text-align:left; border: 1px solid #696969;'>Packaging: largo (cm) <\/td>\n<td style='text-align:left; border: 1px solid #696969;'>38<\/td>\n<\/tr>\n<tr>\n<td style='text-align:left; border: 1px solid #696969;'>Packaging: ancho (cm) <\/td>\n<td style='text-align:left; border: 1px solid #696969;'>30<\/td>\n<\/tr>\n<tr>\n<td style='text-align:left; border: 1px solid #696969;'>Peso caja (Kgr)<\/td>\n<td style='text-align:left; border: 1px solid #696969;'>5<\/td>\n<\/tr>\n<tr>\n<td style='text-align:left; border: 1px solid #696969;'>Unidades\/caja<\/td>\n<td style='text-align:left; border: 1px solid #696969;'>400<\/td>\n<\/tr>\n<\/table>\n<p>&nbsp;<\/p>\n<table cellspacing='0' cellpadding='0' style='border:none' width=500px>\n<tr>\n<th style='text-align:center; background-color:#696969; border: 1px solid #696969; color:#fff;'>MARCAJE<\/th>\n<\/tr>\n<tr>\n<td><a href='http:\/\/makito.es\/WebRoot\/Store\/Shops\/Makito\/5EC2\/5695\/69A7\/2D49\/5F32\/0A6E\/0368\/652B\/2577-A1.jpg'>SERIGRAF\u00cdA E: CENTRADO EN EL LADO DERECHO.max: 6&#215;5 cm<\/a><\/td>\n<\/tr>\n<tr>\n<td><a href='http:\/\/makito.es\/WebRoot\/Store\/Shops\/Makito\/5EC2\/5695\/69A7\/2D49\/5F32\/0A6E\/0368\/652B\/2577-A2.jpg'>SERIGRAF\u00cdA E: CENTRADO EN EL LADO IZQUIERDO.max: 6&#215;5 cm<\/a><\/td>\n<\/tr>\n<tr>\n<td><a href='http:\/\/makito.es\/WebRoot\/Store\/Shops\/Makito\/5EC2\/5695\/69A7\/2D49\/5F32\/0A6E\/0368\/652B\/2577-A1.jpg'>GRABACI\u00d3N BORDADO P: CENTRADO EN EL LADO DERECHO.max: 6&#215;5 cm<\/a><\/td>\n<\/tr>\n<tr>\n<td><a href='http:\/\/makito.es\/WebRoot\/Store\/Shops\/Makito\/5EC2\/5695\/69A7\/2D49\/5F32\/0A6E\/0368\/652B\/2577-A2.jpg'>GRABACI\u00d3N BORDADO P: CENTRADO EN EL LADO IZQUIERDO.max: 6&#215;5 cm<\/a><\/td>\n<\/tr>\n<tr>\n<td><a href='http:\/\/makito.es\/WebRoot\/Store\/Shops\/Makito\/5EC2\/5695\/69A7\/2D49\/5F32\/0A6E\/0368\/652B\/2577-A1.jpg'>GRABACI\u00d3N TRANSFER SERIGR\u00c1FICO: CENTRADO EN EL LADO DERECHO.max: 6&#215;5 cm<\/a><\/td>\n<\/tr>\n<tr>\n<td><a href='http:\/\/makito.es\/WebRoot\/Store\/Shops\/Makito\/5EC2\/5695\/69A7\/2D49\/5F32\/0A6E\/0368\/652B\/2577-A2.jpg'>GRABACI\u00d3N TRANSFER SERIGR\u00c1FICO: CENTRADO EN EL LADO IZQUIERDO.max: 6&#215;5 cm<\/a><\/td>\n<\/tr>\n<\/table>\n","protected":false},"excerpt":{"rendered":"<p>Mascarilla higi\u00e9nica reutilizable. Fabricada en algod\u00f3n y poli\u00e9ster de triple capa:Capa exterior en algod\u00f3n\/poli\u00e9ster.Capa intermedia en Meltblown (polipropileno). Forro interior 100% algod\u00f3n. Costura frontal ergon\u00f3mica para un c\u00f3modo ajuste y confortables cintas el\u00e1sticas para las orejas en tejido hipoalerg\u00e9nico, con certificaci\u00f3n OEKO-TEX Clase I. Disponible en variada gama de colores.Para uso personal en adultos.Analizada y fabricada de acuerdo al est\u00e1ndar europeo UNE-CWA 17553:2020. Eficacia de filtraci\u00f3n bacteriana: \u2265 90%. Altamente resistente, hasta 25 lavados. Se aconseja lavar a 60\u00baC.<\/p>\n","protected":false},"featured_media":7188,"comment_status":"open","ping_status":"closed","template":"","meta":{"site-sidebar-layout":"default","site-content-layout":"default","ast-global-header-display":"","ast-main-header-display":"","ast-hfb-above-header-display":"","ast-hfb-below-header-display":"","ast-hfb-mobile-header-display":"","site-post-title":"","ast-breadcrumbs-content":"","ast-featured-img":"","footer-sml-layout":"","theme-transparent-header-meta":"","adv-header-id-meta":"","stick-header-meta":"","header-above-stick-meta":"","header-main-stick-meta":"","header-below-stick-meta":""},"product_brand":[],"product_cat":[287],"product_tag":[],"class_list":{"0":"post-7198","1":"product","2":"type-product","3":"status-publish","4":"has-post-thumbnail","6":"product_cat-novedades","7":"desktop-align-left","8":"tablet-align-left","9":"mobile-align-left","11":"first","12":"instock","13":"shipping-taxable","14":"product-type-simple"},"yoast_head":"<!-- This site is optimized with the Yoast SEO plugin v24.6 - https:\/\/yoast.com\/wordpress\/plugins\/seo\/ -->\n<title>Mascarilla Higi\u00e9nica Reutilizable Liriax - AGENCIA GR\u00c1FICA SPA<\/title>\n<meta name=\"robots\" content=\"index, follow, max-snippet:-1, max-image-preview:large, max-video-preview:-1\" \/>\n<link rel=\"canonical\" href=\"https:\/\/www.agenciagrafica.cl\/producto\/mascarilla-higienica-reutilizable-liriax\/\" \/>\n<meta property=\"og:locale\" content=\"es_ES\" \/>\n<meta property=\"og:type\" content=\"article\" \/>\n<meta property=\"og:title\" content=\"Mascarilla Higi\u00e9nica Reutilizable Liriax - AGENCIA GR\u00c1FICA SPA\" \/>\n<meta property=\"og:description\" content=\"Mascarilla higi\u00e9nica reutilizable. Fabricada en algod\u00f3n y poli\u00e9ster de triple capa:Capa exterior en algod\u00f3n\/poli\u00e9ster.Capa intermedia en Meltblown (polipropileno). Forro interior 100% algod\u00f3n. Costura frontal ergon\u00f3mica para un c\u00f3modo ajuste y confortables cintas el\u00e1sticas para las orejas en tejido hipoalerg\u00e9nico, con certificaci\u00f3n OEKO-TEX Clase I. Disponible en variada gama de colores.Para uso personal en adultos.Analizada y fabricada de acuerdo al est\u00e1ndar europeo UNE-CWA 17553:2020. Eficacia de filtraci\u00f3n bacteriana: \u2265 90%. Altamente resistente, hasta 25 lavados. Se aconseja lavar a 60\u00baC.\" \/>\n<meta property=\"og:url\" content=\"https:\/\/www.agenciagrafica.cl\/producto\/mascarilla-higienica-reutilizable-liriax\/\" \/>\n<meta property=\"og:site_name\" content=\"AGENCIA GR\u00c1FICA SPA\" \/>\n<meta name=\"twitter:card\" content=\"summary_large_image\" \/>\n<script type=\"application\/ld+json\" class=\"yoast-schema-graph\">{\"@context\":\"https:\/\/schema.org\",\"@graph\":[{\"@type\":\"WebPage\",\"@id\":\"https:\/\/www.agenciagrafica.cl\/producto\/mascarilla-higienica-reutilizable-liriax\/\",\"url\":\"https:\/\/www.agenciagrafica.cl\/producto\/mascarilla-higienica-reutilizable-liriax\/\",\"name\":\"Mascarilla Higi\u00e9nica Reutilizable Liriax - AGENCIA GR\u00c1FICA SPA\",\"isPartOf\":{\"@id\":\"https:\/\/www.agenciagrafica.cl\/#website\"},\"primaryImageOfPage\":{\"@id\":\"https:\/\/www.agenciagrafica.cl\/producto\/mascarilla-higienica-reutilizable-liriax\/#primaryimage\"},\"image\":{\"@id\":\"https:\/\/www.agenciagrafica.cl\/producto\/mascarilla-higienica-reutilizable-liriax\/#primaryimage\"},\"thumbnailUrl\":\"https:\/\/www.agenciagrafica.cl\/wp-content\/uploads\/2022\/07\/23904.jpg\",\"datePublished\":\"2022-07-05T22:47:19+00:00\",\"breadcrumb\":{\"@id\":\"https:\/\/www.agenciagrafica.cl\/producto\/mascarilla-higienica-reutilizable-liriax\/#breadcrumb\"},\"inLanguage\":\"es\",\"potentialAction\":[{\"@type\":\"ReadAction\",\"target\":[\"https:\/\/www.agenciagrafica.cl\/producto\/mascarilla-higienica-reutilizable-liriax\/\"]}]},{\"@type\":\"ImageObject\",\"inLanguage\":\"es\",\"@id\":\"https:\/\/www.agenciagrafica.cl\/producto\/mascarilla-higienica-reutilizable-liriax\/#primaryimage\",\"url\":\"https:\/\/www.agenciagrafica.cl\/wp-content\/uploads\/2022\/07\/23904.jpg\",\"contentUrl\":\"https:\/\/www.agenciagrafica.cl\/wp-content\/uploads\/2022\/07\/23904.jpg\",\"width\":600,\"height\":600},{\"@type\":\"BreadcrumbList\",\"@id\":\"https:\/\/www.agenciagrafica.cl\/producto\/mascarilla-higienica-reutilizable-liriax\/#breadcrumb\",\"itemListElement\":[{\"@type\":\"ListItem\",\"position\":1,\"name\":\"Portada\",\"item\":\"https:\/\/www.agenciagrafica.cl\/\"},{\"@type\":\"ListItem\",\"position\":2,\"name\":\"Cat\u00e1logo\",\"item\":\"https:\/\/www.agenciagrafica.cl\/?page_id=1613\"},{\"@type\":\"ListItem\",\"position\":3,\"name\":\"Mascarilla Higi\u00e9nica Reutilizable Liriax\"}]},{\"@type\":\"WebSite\",\"@id\":\"https:\/\/www.agenciagrafica.cl\/#website\",\"url\":\"https:\/\/www.agenciagrafica.cl\/\",\"name\":\"AGENCIA GR\u00c1FICA SPA\",\"description\":\"regalos publicitarios personalizados\",\"publisher\":{\"@id\":\"https:\/\/www.agenciagrafica.cl\/#organization\"},\"potentialAction\":[{\"@type\":\"SearchAction\",\"target\":{\"@type\":\"EntryPoint\",\"urlTemplate\":\"https:\/\/www.agenciagrafica.cl\/?s={search_term_string}\"},\"query-input\":{\"@type\":\"PropertyValueSpecification\",\"valueRequired\":true,\"valueName\":\"search_term_string\"}}],\"inLanguage\":\"es\"},{\"@type\":\"Organization\",\"@id\":\"https:\/\/www.agenciagrafica.cl\/#organization\",\"name\":\"AGENCIA GR\u00c1FICA SPA\",\"url\":\"https:\/\/www.agenciagrafica.cl\/\",\"logo\":{\"@type\":\"ImageObject\",\"inLanguage\":\"es\",\"@id\":\"https:\/\/www.agenciagrafica.cl\/#\/schema\/logo\/image\/\",\"url\":\"https:\/\/www.agenciagrafica.cl\/wp-content\/uploads\/2022\/07\/cropped-cropped-agencia-grafica-2-e1657463336302-1.png\",\"contentUrl\":\"https:\/\/www.agenciagrafica.cl\/wp-content\/uploads\/2022\/07\/cropped-cropped-agencia-grafica-2-e1657463336302-1.png\",\"width\":200,\"height\":208,\"caption\":\"AGENCIA GR\u00c1FICA SPA\"},\"image\":{\"@id\":\"https:\/\/www.agenciagrafica.cl\/#\/schema\/logo\/image\/\"}}]}<\/script>\n<!-- \/ Yoast SEO plugin. -->","yoast_head_json":{"title":"Mascarilla Higi\u00e9nica Reutilizable Liriax - AGENCIA GR\u00c1FICA SPA","robots":{"index":"index","follow":"follow","max-snippet":"max-snippet:-1","max-image-preview":"max-image-preview:large","max-video-preview":"max-video-preview:-1"},"canonical":"https:\/\/www.agenciagrafica.cl\/producto\/mascarilla-higienica-reutilizable-liriax\/","og_locale":"es_ES","og_type":"article","og_title":"Mascarilla Higi\u00e9nica Reutilizable Liriax - AGENCIA GR\u00c1FICA SPA","og_description":"Mascarilla higi\u00e9nica reutilizable. Fabricada en algod\u00f3n y poli\u00e9ster de triple capa:Capa exterior en algod\u00f3n\/poli\u00e9ster.Capa intermedia en Meltblown (polipropileno). Forro interior 100% algod\u00f3n. Costura frontal ergon\u00f3mica para un c\u00f3modo ajuste y confortables cintas el\u00e1sticas para las orejas en tejido hipoalerg\u00e9nico, con certificaci\u00f3n OEKO-TEX Clase I. Disponible en variada gama de colores.Para uso personal en adultos.Analizada y fabricada de acuerdo al est\u00e1ndar europeo UNE-CWA 17553:2020. Eficacia de filtraci\u00f3n bacteriana: \u2265 90%. Altamente resistente, hasta 25 lavados. Se aconseja lavar a 60\u00baC.","og_url":"https:\/\/www.agenciagrafica.cl\/producto\/mascarilla-higienica-reutilizable-liriax\/","og_site_name":"AGENCIA GR\u00c1FICA SPA","twitter_card":"summary_large_image","schema":{"@context":"https:\/\/schema.org","@graph":[{"@type":"WebPage","@id":"https:\/\/www.agenciagrafica.cl\/producto\/mascarilla-higienica-reutilizable-liriax\/","url":"https:\/\/www.agenciagrafica.cl\/producto\/mascarilla-higienica-reutilizable-liriax\/","name":"Mascarilla Higi\u00e9nica Reutilizable Liriax - AGENCIA GR\u00c1FICA SPA","isPartOf":{"@id":"https:\/\/www.agenciagrafica.cl\/#website"},"primaryImageOfPage":{"@id":"https:\/\/www.agenciagrafica.cl\/producto\/mascarilla-higienica-reutilizable-liriax\/#primaryimage"},"image":{"@id":"https:\/\/www.agenciagrafica.cl\/producto\/mascarilla-higienica-reutilizable-liriax\/#primaryimage"},"thumbnailUrl":"https:\/\/www.agenciagrafica.cl\/wp-content\/uploads\/2022\/07\/23904.jpg","datePublished":"2022-07-05T22:47:19+00:00","breadcrumb":{"@id":"https:\/\/www.agenciagrafica.cl\/producto\/mascarilla-higienica-reutilizable-liriax\/#breadcrumb"},"inLanguage":"es","potentialAction":[{"@type":"ReadAction","target":["https:\/\/www.agenciagrafica.cl\/producto\/mascarilla-higienica-reutilizable-liriax\/"]}]},{"@type":"ImageObject","inLanguage":"es","@id":"https:\/\/www.agenciagrafica.cl\/producto\/mascarilla-higienica-reutilizable-liriax\/#primaryimage","url":"https:\/\/www.agenciagrafica.cl\/wp-content\/uploads\/2022\/07\/23904.jpg","contentUrl":"https:\/\/www.agenciagrafica.cl\/wp-content\/uploads\/2022\/07\/23904.jpg","width":600,"height":600},{"@type":"BreadcrumbList","@id":"https:\/\/www.agenciagrafica.cl\/producto\/mascarilla-higienica-reutilizable-liriax\/#breadcrumb","itemListElement":[{"@type":"ListItem","position":1,"name":"Portada","item":"https:\/\/www.agenciagrafica.cl\/"},{"@type":"ListItem","position":2,"name":"Cat\u00e1logo","item":"https:\/\/www.agenciagrafica.cl\/?page_id=1613"},{"@type":"ListItem","position":3,"name":"Mascarilla Higi\u00e9nica Reutilizable Liriax"}]},{"@type":"WebSite","@id":"https:\/\/www.agenciagrafica.cl\/#website","url":"https:\/\/www.agenciagrafica.cl\/","name":"AGENCIA GR\u00c1FICA SPA","description":"regalos publicitarios personalizados","publisher":{"@id":"https:\/\/www.agenciagrafica.cl\/#organization"},"potentialAction":[{"@type":"SearchAction","target":{"@type":"EntryPoint","urlTemplate":"https:\/\/www.agenciagrafica.cl\/?s={search_term_string}"},"query-input":{"@type":"PropertyValueSpecification","valueRequired":true,"valueName":"search_term_string"}}],"inLanguage":"es"},{"@type":"Organization","@id":"https:\/\/www.agenciagrafica.cl\/#organization","name":"AGENCIA GR\u00c1FICA SPA","url":"https:\/\/www.agenciagrafica.cl\/","logo":{"@type":"ImageObject","inLanguage":"es","@id":"https:\/\/www.agenciagrafica.cl\/#\/schema\/logo\/image\/","url":"https:\/\/www.agenciagrafica.cl\/wp-content\/uploads\/2022\/07\/cropped-cropped-agencia-grafica-2-e1657463336302-1.png","contentUrl":"https:\/\/www.agenciagrafica.cl\/wp-content\/uploads\/2022\/07\/cropped-cropped-agencia-grafica-2-e1657463336302-1.png","width":200,"height":208,"caption":"AGENCIA GR\u00c1FICA SPA"},"image":{"@id":"https:\/\/www.agenciagrafica.cl\/#\/schema\/logo\/image\/"}}]}},"jetpack_sharing_enabled":true,"_links":{"self":[{"href":"https:\/\/www.agenciagrafica.cl\/index.php?rest_route=\/wp\/v2\/product\/7198","targetHints":{"allow":["GET"]}}],"collection":[{"href":"https:\/\/www.agenciagrafica.cl\/index.php?rest_route=\/wp\/v2\/product"}],"about":[{"href":"https:\/\/www.agenciagrafica.cl\/index.php?rest_route=\/wp\/v2\/types\/product"}],"replies":[{"embeddable":true,"href":"https:\/\/www.agenciagrafica.cl\/index.php?rest_route=%2Fwp%2Fv2%2Fcomments&post=7198"}],"version-history":[{"count":0,"href":"https:\/\/www.agenciagrafica.cl\/index.php?rest_route=\/wp\/v2\/product\/7198\/revisions"}],"wp:featuredmedia":[{"embeddable":true,"href":"https:\/\/www.agenciagrafica.cl\/index.php?rest_route=\/wp\/v2\/media\/7188"}],"wp:attachment":[{"href":"https:\/\/www.agenciagrafica.cl\/index.php?rest_route=%2Fwp%2Fv2%2Fmedia&parent=7198"}],"wp:term":[{"taxonomy":"product_brand","embeddable":true,"href":"https:\/\/www.agenciagrafica.cl\/index.php?rest_route=%2Fwp%2Fv2%2Fproduct_brand&post=7198"},{"taxonomy":"product_cat","embeddable":true,"href":"https:\/\/www.agenciagrafica.cl\/index.php?rest_route=%2Fwp%2Fv2%2Fproduct_cat&post=7198"},{"taxonomy":"product_tag","embeddable":true,"href":"https:\/\/www.agenciagrafica.cl\/index.php?rest_route=%2Fwp%2Fv2%2Fproduct_tag&post=7198"}],"curies":[{"name":"wp","href":"https:\/\/api.w.org\/{rel}","templated":true}]}}