{"id":27676,"date":"2023-06-07T01:08:38","date_gmt":"2023-06-07T01:08:38","guid":{"rendered":"https:\/\/www.agenciagrafica.cl\/?post_type=product&#038;p=27676"},"modified":"2023-09-20T21:27:50","modified_gmt":"2023-09-20T21:27:50","slug":"boligrafo-anti-bacterial-co10","status":"publish","type":"product","link":"https:\/\/www.agenciagrafica.cl\/?product=boligrafo-anti-bacterial-co10","title":{"rendered":"Bol\u00edgrafo Anti-Bacterial CO10"},"content":{"rendered":"","protected":false},"excerpt":{"rendered":"<p><span style=\"color: #000080;\"><strong>CO10<\/strong><\/span><\/p>\n<ul>\n<li><em>Bol\u00edgrafo fabricado en ABS y\u00a0<strong>tratado con iones de plata<\/strong>\u00a0para inhibir y evitar el proliferamiento de bacterias en su cuerpo.<\/em><\/li>\n<li><em>Mecanismo de giro para sacar y esconder la punta del bol\u00edgrafo.<\/em><\/li>\n<li><em>Cuerpo blanco, negro, azul y rojo con elegantes terminales en plata, que da un aspecto muy elegante al bol\u00edgrafo.<\/em><\/li>\n<li><em>Escritura en tinta azul.<\/em><\/li>\n<li><em>Est\u00e1ndar ISO 22196:2011, sobre la medida de la actividad antibacteriana en pl\u00e1sticos y otras superficies no porosas.<\/em><\/li>\n<\/ul>\n<p>Caja de 50 unidades.<\/p>\n<p><img decoding=\"async\" class=\"alignnone size-full wp-image-513\" src=\"http:\/\/imblasco.cl\/regalos\/wp-content\/uploads\/2019\/06\/tampografia.png\" alt=\"\" width=\"71\" height=\"71\" \/><\/p>\n","protected":false},"featured_media":27785,"comment_status":"closed","ping_status":"closed","template":"","meta":{"site-sidebar-layout":"default","site-content-layout":"default","ast-global-header-display":"","ast-main-header-display":"","ast-hfb-above-header-display":"","ast-hfb-below-header-display":"","ast-hfb-mobile-header-display":"","site-post-title":"","ast-breadcrumbs-content":"","ast-featured-img":"","footer-sml-layout":"","theme-transparent-header-meta":"default","adv-header-id-meta":"","stick-header-meta":"","header-above-stick-meta":"","header-main-stick-meta":"","header-below-stick-meta":""},"product_brand":[],"product_cat":[296],"product_tag":[],"class_list":{"0":"post-27676","1":"product","2":"type-product","3":"status-publish","4":"has-post-thumbnail","6":"product_cat-boligrafos-lapices","7":"desktop-align-left","8":"tablet-align-left","9":"mobile-align-left","11":"first","12":"instock","13":"shipping-taxable","14":"purchasable","15":"product-type-variable"},"yoast_head":"<!-- This site is optimized with the Yoast SEO plugin v24.6 - https:\/\/yoast.com\/wordpress\/plugins\/seo\/ -->\n<title>Bol\u00edgrafo Anti-Bacterial CO10 - AGENCIA GR\u00c1FICA SPA<\/title>\n<meta name=\"robots\" content=\"index, follow, max-snippet:-1, max-image-preview:large, max-video-preview:-1\" \/>\n<link rel=\"canonical\" href=\"https:\/\/www.agenciagrafica.cl\/?product=boligrafo-anti-bacterial-co10\" \/>\n<meta property=\"og:locale\" content=\"es_ES\" \/>\n<meta property=\"og:type\" content=\"article\" \/>\n<meta property=\"og:title\" content=\"Bol\u00edgrafo Anti-Bacterial CO10 - AGENCIA GR\u00c1FICA SPA\" \/>\n<meta property=\"og:description\" content=\"CO10   Bol\u00edgrafo fabricado en ABS y\u00a0tratado con iones de plata\u00a0para inhibir y evitar el proliferamiento de bacterias en su cuerpo.  Mecanismo de giro para sacar y esconder la punta del bol\u00edgrafo.  Cuerpo blanco, negro, azul y rojo con elegantes terminales en plata, que da un aspecto muy elegante al bol\u00edgrafo.  Escritura en tinta azul.  Est\u00e1ndar ISO 22196:2011, sobre la medida de la actividad antibacteriana en pl\u00e1sticos y otras superficies no porosas.  Caja de 50 unidades.\" \/>\n<meta property=\"og:url\" content=\"https:\/\/www.agenciagrafica.cl\/?product=boligrafo-anti-bacterial-co10\" \/>\n<meta property=\"og:site_name\" content=\"AGENCIA GR\u00c1FICA SPA\" \/>\n<meta property=\"article:modified_time\" content=\"2023-09-20T21:27:50+00:00\" \/>\n<meta property=\"og:image\" content=\"https:\/\/www.agenciagrafica.cl\/wp-content\/uploads\/2023\/06\/boligrafo_anti_bacterial_co10_colores.jpg\" \/>\n\t<meta property=\"og:image:width\" content=\"800\" \/>\n\t<meta property=\"og:image:height\" content=\"800\" \/>\n\t<meta property=\"og:image:type\" content=\"image\/jpeg\" \/>\n<meta name=\"twitter:card\" content=\"summary_large_image\" \/>\n<script type=\"application\/ld+json\" class=\"yoast-schema-graph\">{\"@context\":\"https:\/\/schema.org\",\"@graph\":[{\"@type\":\"WebPage\",\"@id\":\"https:\/\/www.agenciagrafica.cl\/?product=boligrafo-anti-bacterial-co10\",\"url\":\"https:\/\/www.agenciagrafica.cl\/?product=boligrafo-anti-bacterial-co10\",\"name\":\"Bol\u00edgrafo Anti-Bacterial CO10 - AGENCIA GR\u00c1FICA SPA\",\"isPartOf\":{\"@id\":\"https:\/\/www.agenciagrafica.cl\/#website\"},\"primaryImageOfPage\":{\"@id\":\"https:\/\/www.agenciagrafica.cl\/?product=boligrafo-anti-bacterial-co10#primaryimage\"},\"image\":{\"@id\":\"https:\/\/www.agenciagrafica.cl\/?product=boligrafo-anti-bacterial-co10#primaryimage\"},\"thumbnailUrl\":\"https:\/\/www.agenciagrafica.cl\/wp-content\/uploads\/2023\/06\/boligrafo_anti_bacterial_co10_colores.jpg\",\"datePublished\":\"2023-06-07T01:08:38+00:00\",\"dateModified\":\"2023-09-20T21:27:50+00:00\",\"breadcrumb\":{\"@id\":\"https:\/\/www.agenciagrafica.cl\/?product=boligrafo-anti-bacterial-co10#breadcrumb\"},\"inLanguage\":\"es\",\"potentialAction\":[{\"@type\":\"ReadAction\",\"target\":[\"https:\/\/www.agenciagrafica.cl\/?product=boligrafo-anti-bacterial-co10\"]}]},{\"@type\":\"ImageObject\",\"inLanguage\":\"es\",\"@id\":\"https:\/\/www.agenciagrafica.cl\/?product=boligrafo-anti-bacterial-co10#primaryimage\",\"url\":\"https:\/\/www.agenciagrafica.cl\/wp-content\/uploads\/2023\/06\/boligrafo_anti_bacterial_co10_colores.jpg\",\"contentUrl\":\"https:\/\/www.agenciagrafica.cl\/wp-content\/uploads\/2023\/06\/boligrafo_anti_bacterial_co10_colores.jpg\",\"width\":800,\"height\":800},{\"@type\":\"BreadcrumbList\",\"@id\":\"https:\/\/www.agenciagrafica.cl\/?product=boligrafo-anti-bacterial-co10#breadcrumb\",\"itemListElement\":[{\"@type\":\"ListItem\",\"position\":1,\"name\":\"Portada\",\"item\":\"https:\/\/www.agenciagrafica.cl\/\"},{\"@type\":\"ListItem\",\"position\":2,\"name\":\"Cat\u00e1logo\",\"item\":\"https:\/\/www.agenciagrafica.cl\/?page_id=1613\"},{\"@type\":\"ListItem\",\"position\":3,\"name\":\"Bol\u00edgrafo Anti-Bacterial CO10\"}]},{\"@type\":\"WebSite\",\"@id\":\"https:\/\/www.agenciagrafica.cl\/#website\",\"url\":\"https:\/\/www.agenciagrafica.cl\/\",\"name\":\"AGENCIA GR\u00c1FICA SPA\",\"description\":\"regalos publicitarios personalizados\",\"publisher\":{\"@id\":\"https:\/\/www.agenciagrafica.cl\/#organization\"},\"potentialAction\":[{\"@type\":\"SearchAction\",\"target\":{\"@type\":\"EntryPoint\",\"urlTemplate\":\"https:\/\/www.agenciagrafica.cl\/?s={search_term_string}\"},\"query-input\":{\"@type\":\"PropertyValueSpecification\",\"valueRequired\":true,\"valueName\":\"search_term_string\"}}],\"inLanguage\":\"es\"},{\"@type\":\"Organization\",\"@id\":\"https:\/\/www.agenciagrafica.cl\/#organization\",\"name\":\"AGENCIA GR\u00c1FICA SPA\",\"url\":\"https:\/\/www.agenciagrafica.cl\/\",\"logo\":{\"@type\":\"ImageObject\",\"inLanguage\":\"es\",\"@id\":\"https:\/\/www.agenciagrafica.cl\/#\/schema\/logo\/image\/\",\"url\":\"https:\/\/www.agenciagrafica.cl\/wp-content\/uploads\/2022\/07\/cropped-cropped-agencia-grafica-2-e1657463336302-1.png\",\"contentUrl\":\"https:\/\/www.agenciagrafica.cl\/wp-content\/uploads\/2022\/07\/cropped-cropped-agencia-grafica-2-e1657463336302-1.png\",\"width\":200,\"height\":208,\"caption\":\"AGENCIA GR\u00c1FICA SPA\"},\"image\":{\"@id\":\"https:\/\/www.agenciagrafica.cl\/#\/schema\/logo\/image\/\"}}]}<\/script>\n<!-- \/ Yoast SEO plugin. -->","yoast_head_json":{"title":"Bol\u00edgrafo Anti-Bacterial CO10 - AGENCIA GR\u00c1FICA SPA","robots":{"index":"index","follow":"follow","max-snippet":"max-snippet:-1","max-image-preview":"max-image-preview:large","max-video-preview":"max-video-preview:-1"},"canonical":"https:\/\/www.agenciagrafica.cl\/?product=boligrafo-anti-bacterial-co10","og_locale":"es_ES","og_type":"article","og_title":"Bol\u00edgrafo Anti-Bacterial CO10 - AGENCIA GR\u00c1FICA SPA","og_description":"CO10   Bol\u00edgrafo fabricado en ABS y\u00a0tratado con iones de plata\u00a0para inhibir y evitar el proliferamiento de bacterias en su cuerpo.  Mecanismo de giro para sacar y esconder la punta del bol\u00edgrafo.  Cuerpo blanco, negro, azul y rojo con elegantes terminales en plata, que da un aspecto muy elegante al bol\u00edgrafo.  Escritura en tinta azul.  Est\u00e1ndar ISO 22196:2011, sobre la medida de la actividad antibacteriana en pl\u00e1sticos y otras superficies no porosas.  Caja de 50 unidades.","og_url":"https:\/\/www.agenciagrafica.cl\/?product=boligrafo-anti-bacterial-co10","og_site_name":"AGENCIA GR\u00c1FICA SPA","article_modified_time":"2023-09-20T21:27:50+00:00","og_image":[{"width":800,"height":800,"url":"https:\/\/www.agenciagrafica.cl\/wp-content\/uploads\/2023\/06\/boligrafo_anti_bacterial_co10_colores.jpg","type":"image\/jpeg"}],"twitter_card":"summary_large_image","schema":{"@context":"https:\/\/schema.org","@graph":[{"@type":"WebPage","@id":"https:\/\/www.agenciagrafica.cl\/?product=boligrafo-anti-bacterial-co10","url":"https:\/\/www.agenciagrafica.cl\/?product=boligrafo-anti-bacterial-co10","name":"Bol\u00edgrafo Anti-Bacterial CO10 - AGENCIA GR\u00c1FICA SPA","isPartOf":{"@id":"https:\/\/www.agenciagrafica.cl\/#website"},"primaryImageOfPage":{"@id":"https:\/\/www.agenciagrafica.cl\/?product=boligrafo-anti-bacterial-co10#primaryimage"},"image":{"@id":"https:\/\/www.agenciagrafica.cl\/?product=boligrafo-anti-bacterial-co10#primaryimage"},"thumbnailUrl":"https:\/\/www.agenciagrafica.cl\/wp-content\/uploads\/2023\/06\/boligrafo_anti_bacterial_co10_colores.jpg","datePublished":"2023-06-07T01:08:38+00:00","dateModified":"2023-09-20T21:27:50+00:00","breadcrumb":{"@id":"https:\/\/www.agenciagrafica.cl\/?product=boligrafo-anti-bacterial-co10#breadcrumb"},"inLanguage":"es","potentialAction":[{"@type":"ReadAction","target":["https:\/\/www.agenciagrafica.cl\/?product=boligrafo-anti-bacterial-co10"]}]},{"@type":"ImageObject","inLanguage":"es","@id":"https:\/\/www.agenciagrafica.cl\/?product=boligrafo-anti-bacterial-co10#primaryimage","url":"https:\/\/www.agenciagrafica.cl\/wp-content\/uploads\/2023\/06\/boligrafo_anti_bacterial_co10_colores.jpg","contentUrl":"https:\/\/www.agenciagrafica.cl\/wp-content\/uploads\/2023\/06\/boligrafo_anti_bacterial_co10_colores.jpg","width":800,"height":800},{"@type":"BreadcrumbList","@id":"https:\/\/www.agenciagrafica.cl\/?product=boligrafo-anti-bacterial-co10#breadcrumb","itemListElement":[{"@type":"ListItem","position":1,"name":"Portada","item":"https:\/\/www.agenciagrafica.cl\/"},{"@type":"ListItem","position":2,"name":"Cat\u00e1logo","item":"https:\/\/www.agenciagrafica.cl\/?page_id=1613"},{"@type":"ListItem","position":3,"name":"Bol\u00edgrafo Anti-Bacterial CO10"}]},{"@type":"WebSite","@id":"https:\/\/www.agenciagrafica.cl\/#website","url":"https:\/\/www.agenciagrafica.cl\/","name":"AGENCIA GR\u00c1FICA SPA","description":"regalos publicitarios personalizados","publisher":{"@id":"https:\/\/www.agenciagrafica.cl\/#organization"},"potentialAction":[{"@type":"SearchAction","target":{"@type":"EntryPoint","urlTemplate":"https:\/\/www.agenciagrafica.cl\/?s={search_term_string}"},"query-input":{"@type":"PropertyValueSpecification","valueRequired":true,"valueName":"search_term_string"}}],"inLanguage":"es"},{"@type":"Organization","@id":"https:\/\/www.agenciagrafica.cl\/#organization","name":"AGENCIA GR\u00c1FICA SPA","url":"https:\/\/www.agenciagrafica.cl\/","logo":{"@type":"ImageObject","inLanguage":"es","@id":"https:\/\/www.agenciagrafica.cl\/#\/schema\/logo\/image\/","url":"https:\/\/www.agenciagrafica.cl\/wp-content\/uploads\/2022\/07\/cropped-cropped-agencia-grafica-2-e1657463336302-1.png","contentUrl":"https:\/\/www.agenciagrafica.cl\/wp-content\/uploads\/2022\/07\/cropped-cropped-agencia-grafica-2-e1657463336302-1.png","width":200,"height":208,"caption":"AGENCIA GR\u00c1FICA SPA"},"image":{"@id":"https:\/\/www.agenciagrafica.cl\/#\/schema\/logo\/image\/"}}]}},"jetpack_sharing_enabled":true,"_links":{"self":[{"href":"https:\/\/www.agenciagrafica.cl\/index.php?rest_route=\/wp\/v2\/product\/27676","targetHints":{"allow":["GET"]}}],"collection":[{"href":"https:\/\/www.agenciagrafica.cl\/index.php?rest_route=\/wp\/v2\/product"}],"about":[{"href":"https:\/\/www.agenciagrafica.cl\/index.php?rest_route=\/wp\/v2\/types\/product"}],"replies":[{"embeddable":true,"href":"https:\/\/www.agenciagrafica.cl\/index.php?rest_route=%2Fwp%2Fv2%2Fcomments&post=27676"}],"version-history":[{"count":1,"href":"https:\/\/www.agenciagrafica.cl\/index.php?rest_route=\/wp\/v2\/product\/27676\/revisions"}],"predecessor-version":[{"id":27793,"href":"https:\/\/www.agenciagrafica.cl\/index.php?rest_route=\/wp\/v2\/product\/27676\/revisions\/27793"}],"wp:featuredmedia":[{"embeddable":true,"href":"https:\/\/www.agenciagrafica.cl\/index.php?rest_route=\/wp\/v2\/media\/27785"}],"wp:attachment":[{"href":"https:\/\/www.agenciagrafica.cl\/index.php?rest_route=%2Fwp%2Fv2%2Fmedia&parent=27676"}],"wp:term":[{"taxonomy":"product_brand","embeddable":true,"href":"https:\/\/www.agenciagrafica.cl\/index.php?rest_route=%2Fwp%2Fv2%2Fproduct_brand&post=27676"},{"taxonomy":"product_cat","embeddable":true,"href":"https:\/\/www.agenciagrafica.cl\/index.php?rest_route=%2Fwp%2Fv2%2Fproduct_cat&post=27676"},{"taxonomy":"product_tag","embeddable":true,"href":"https:\/\/www.agenciagrafica.cl\/index.php?rest_route=%2Fwp%2Fv2%2Fproduct_tag&post=27676"}],"curies":[{"name":"wp","href":"https:\/\/api.w.org\/{rel}","templated":true}]}}