{"id":26120,"date":"2023-06-07T00:49:24","date_gmt":"2023-06-07T00:49:24","guid":{"rendered":"https:\/\/www.agenciagrafica.cl\/?post_type=product&#038;p=26120"},"modified":"2023-06-07T00:50:30","modified_gmt":"2023-06-07T00:50:30","slug":"set-botik-sk18","status":"publish","type":"product","link":"https:\/\/www.agenciagrafica.cl\/?product=set-botik-sk18","title":{"rendered":"Set Botik SK18"},"content":{"rendered":"","protected":false},"excerpt":{"rendered":"<p><span style=\"color: #000080;\"><strong>SK18<\/strong><\/span><\/p>\n<p><em>Set de bloc de notas con tapas de suave tacto acabadas en polipiel y bol\u00edgrafo de aluminio con puntero a juego. De 80 hojas lisas con el\u00e1stico de sujeci\u00f3n y marcap\u00e1ginas de tela a juego. Presentado en elegante estuche de cart\u00f3n con ventana a juego y de suave espuma troquelada. Bol\u00edgrafo con tinta azul.<\/em><\/p>\n<table style=\"height: 201px;\" width=\"496\" cellspacing=\"0\" cellpadding=\"0\">\n<tbody>\n<tr>\n<th colspan=\"2\"><\/th>\n<\/tr>\n<tr>\n<td>Composici\u00f3n<\/td>\n<td>Aluminio\/ Cart\u00f3n<\/td>\n<\/tr>\n<tr>\n<td>Especificaciones art\u00edculo<\/td>\n<td>2.5 cm \/ 17 cm \/ 11.4 cm | 115 gr<\/td>\n<\/tr>\n<tr>\n<td>Packaging: alto (cm)<\/td>\n<td>37<\/td>\n<\/tr>\n<tr>\n<td>Packaging: largo (cm)<\/td>\n<td>60<\/td>\n<\/tr>\n<tr>\n<td>Packaging: ancho (cm)<\/td>\n<td>29<\/td>\n<\/tr>\n<tr>\n<td>Peso caja (Kgr)<\/td>\n<td>13.5<\/td>\n<\/tr>\n<tr>\n<td>Unidades\/caja<\/td>\n<td>100<\/td>\n<\/tr>\n<\/tbody>\n<\/table>\n<p>Dimensiones L\u00e1piz: 13.5 cm.<\/p>\n<p>C\u00f3digo:\u00a0 602048670\u00a0 \u00a0 \u00a0Color Negro<\/p>\n","protected":false},"featured_media":26302,"comment_status":"closed","ping_status":"closed","template":"","meta":{"site-sidebar-layout":"default","site-content-layout":"default","ast-global-header-display":"","ast-main-header-display":"","ast-hfb-above-header-display":"","ast-hfb-below-header-display":"","ast-hfb-mobile-header-display":"","site-post-title":"","ast-breadcrumbs-content":"","ast-featured-img":"","footer-sml-layout":"","theme-transparent-header-meta":"","adv-header-id-meta":"","stick-header-meta":"","header-above-stick-meta":"","header-main-stick-meta":"","header-below-stick-meta":""},"product_brand":[],"product_cat":[386,404,389],"product_tag":[],"class_list":{"0":"post-26120","1":"product","2":"type-product","3":"status-publish","4":"has-post-thumbnail","6":"product_cat-libretas-memo-set","7":"product_cat-nuevos-productos","8":"product_cat-set-de-regalos","9":"desktop-align-left","10":"tablet-align-left","11":"mobile-align-left","13":"first","14":"instock","15":"shipping-taxable","16":"purchasable","17":"product-type-simple"},"yoast_head":"<!-- This site is optimized with the Yoast SEO plugin v24.6 - https:\/\/yoast.com\/wordpress\/plugins\/seo\/ -->\n<title>Set Botik SK18 - AGENCIA GR\u00c1FICA SPA<\/title>\n<meta name=\"robots\" content=\"index, follow, max-snippet:-1, max-image-preview:large, max-video-preview:-1\" \/>\n<link rel=\"canonical\" href=\"https:\/\/www.agenciagrafica.cl\/?product=set-botik-sk18\" \/>\n<meta property=\"og:locale\" content=\"es_ES\" \/>\n<meta property=\"og:type\" content=\"article\" \/>\n<meta property=\"og:title\" content=\"Set Botik SK18 - AGENCIA GR\u00c1FICA SPA\" \/>\n<meta property=\"og:description\" content=\"SK18  Set de bloc de notas con tapas de suave tacto acabadas en polipiel y bol\u00edgrafo de aluminio con puntero a juego. De 80 hojas lisas con el\u00e1stico de sujeci\u00f3n y marcap\u00e1ginas de tela a juego. Presentado en elegante estuche de cart\u00f3n con ventana a juego y de suave espuma troquelada. Bol\u00edgrafo con tinta azul.       Composici\u00f3n Aluminio\/ Cart\u00f3n   Especificaciones art\u00edculo 2.5 cm \/ 17 cm \/ 11.4 cm | 115 gr   Packaging: alto (cm) 37   Packaging: largo (cm) 60   Packaging: ancho (cm) 29   Peso caja (Kgr) 13.5   Unidades\/caja 100    Dimensiones L\u00e1piz: 13.5 cm.  C\u00f3digo:\u00a0 602048670\u00a0 \u00a0 \u00a0Color Negro\" \/>\n<meta property=\"og:url\" content=\"https:\/\/www.agenciagrafica.cl\/?product=set-botik-sk18\" \/>\n<meta property=\"og:site_name\" content=\"AGENCIA GR\u00c1FICA SPA\" \/>\n<meta property=\"article:modified_time\" content=\"2023-06-07T00:50:30+00:00\" \/>\n<meta name=\"twitter:card\" content=\"summary_large_image\" \/>\n<script type=\"application\/ld+json\" class=\"yoast-schema-graph\">{\"@context\":\"https:\/\/schema.org\",\"@graph\":[{\"@type\":\"WebPage\",\"@id\":\"https:\/\/www.agenciagrafica.cl\/?product=set-botik-sk18\",\"url\":\"https:\/\/www.agenciagrafica.cl\/?product=set-botik-sk18\",\"name\":\"Set Botik SK18 - AGENCIA GR\u00c1FICA SPA\",\"isPartOf\":{\"@id\":\"https:\/\/www.agenciagrafica.cl\/#website\"},\"primaryImageOfPage\":{\"@id\":\"https:\/\/www.agenciagrafica.cl\/?product=set-botik-sk18#primaryimage\"},\"image\":{\"@id\":\"https:\/\/www.agenciagrafica.cl\/?product=set-botik-sk18#primaryimage\"},\"thumbnailUrl\":\"https:\/\/www.agenciagrafica.cl\/wp-content\/uploads\/2023\/06\/set_escritura_lapiz_regalo_botik_portada.jpg\",\"datePublished\":\"2023-06-07T00:49:24+00:00\",\"dateModified\":\"2023-06-07T00:50:30+00:00\",\"breadcrumb\":{\"@id\":\"https:\/\/www.agenciagrafica.cl\/?product=set-botik-sk18#breadcrumb\"},\"inLanguage\":\"es\",\"potentialAction\":[{\"@type\":\"ReadAction\",\"target\":[\"https:\/\/www.agenciagrafica.cl\/?product=set-botik-sk18\"]}]},{\"@type\":\"ImageObject\",\"inLanguage\":\"es\",\"@id\":\"https:\/\/www.agenciagrafica.cl\/?product=set-botik-sk18#primaryimage\",\"url\":\"https:\/\/www.agenciagrafica.cl\/wp-content\/uploads\/2023\/06\/set_escritura_lapiz_regalo_botik_portada.jpg\",\"contentUrl\":\"https:\/\/www.agenciagrafica.cl\/wp-content\/uploads\/2023\/06\/set_escritura_lapiz_regalo_botik_portada.jpg\",\"width\":600,\"height\":600},{\"@type\":\"BreadcrumbList\",\"@id\":\"https:\/\/www.agenciagrafica.cl\/?product=set-botik-sk18#breadcrumb\",\"itemListElement\":[{\"@type\":\"ListItem\",\"position\":1,\"name\":\"Portada\",\"item\":\"https:\/\/www.agenciagrafica.cl\/\"},{\"@type\":\"ListItem\",\"position\":2,\"name\":\"Cat\u00e1logo\",\"item\":\"https:\/\/www.agenciagrafica.cl\/?page_id=1613\"},{\"@type\":\"ListItem\",\"position\":3,\"name\":\"Set Botik SK18\"}]},{\"@type\":\"WebSite\",\"@id\":\"https:\/\/www.agenciagrafica.cl\/#website\",\"url\":\"https:\/\/www.agenciagrafica.cl\/\",\"name\":\"AGENCIA GR\u00c1FICA SPA\",\"description\":\"regalos publicitarios personalizados\",\"publisher\":{\"@id\":\"https:\/\/www.agenciagrafica.cl\/#organization\"},\"potentialAction\":[{\"@type\":\"SearchAction\",\"target\":{\"@type\":\"EntryPoint\",\"urlTemplate\":\"https:\/\/www.agenciagrafica.cl\/?s={search_term_string}\"},\"query-input\":{\"@type\":\"PropertyValueSpecification\",\"valueRequired\":true,\"valueName\":\"search_term_string\"}}],\"inLanguage\":\"es\"},{\"@type\":\"Organization\",\"@id\":\"https:\/\/www.agenciagrafica.cl\/#organization\",\"name\":\"AGENCIA GR\u00c1FICA SPA\",\"url\":\"https:\/\/www.agenciagrafica.cl\/\",\"logo\":{\"@type\":\"ImageObject\",\"inLanguage\":\"es\",\"@id\":\"https:\/\/www.agenciagrafica.cl\/#\/schema\/logo\/image\/\",\"url\":\"https:\/\/www.agenciagrafica.cl\/wp-content\/uploads\/2022\/07\/cropped-cropped-agencia-grafica-2-e1657463336302-1.png\",\"contentUrl\":\"https:\/\/www.agenciagrafica.cl\/wp-content\/uploads\/2022\/07\/cropped-cropped-agencia-grafica-2-e1657463336302-1.png\",\"width\":200,\"height\":208,\"caption\":\"AGENCIA GR\u00c1FICA SPA\"},\"image\":{\"@id\":\"https:\/\/www.agenciagrafica.cl\/#\/schema\/logo\/image\/\"}}]}<\/script>\n<!-- \/ Yoast SEO plugin. -->","yoast_head_json":{"title":"Set Botik SK18 - AGENCIA GR\u00c1FICA SPA","robots":{"index":"index","follow":"follow","max-snippet":"max-snippet:-1","max-image-preview":"max-image-preview:large","max-video-preview":"max-video-preview:-1"},"canonical":"https:\/\/www.agenciagrafica.cl\/?product=set-botik-sk18","og_locale":"es_ES","og_type":"article","og_title":"Set Botik SK18 - AGENCIA GR\u00c1FICA SPA","og_description":"SK18  Set de bloc de notas con tapas de suave tacto acabadas en polipiel y bol\u00edgrafo de aluminio con puntero a juego. De 80 hojas lisas con el\u00e1stico de sujeci\u00f3n y marcap\u00e1ginas de tela a juego. Presentado en elegante estuche de cart\u00f3n con ventana a juego y de suave espuma troquelada. Bol\u00edgrafo con tinta azul.       Composici\u00f3n Aluminio\/ Cart\u00f3n   Especificaciones art\u00edculo 2.5 cm \/ 17 cm \/ 11.4 cm | 115 gr   Packaging: alto (cm) 37   Packaging: largo (cm) 60   Packaging: ancho (cm) 29   Peso caja (Kgr) 13.5   Unidades\/caja 100    Dimensiones L\u00e1piz: 13.5 cm.  C\u00f3digo:\u00a0 602048670\u00a0 \u00a0 \u00a0Color Negro","og_url":"https:\/\/www.agenciagrafica.cl\/?product=set-botik-sk18","og_site_name":"AGENCIA GR\u00c1FICA SPA","article_modified_time":"2023-06-07T00:50:30+00:00","twitter_card":"summary_large_image","schema":{"@context":"https:\/\/schema.org","@graph":[{"@type":"WebPage","@id":"https:\/\/www.agenciagrafica.cl\/?product=set-botik-sk18","url":"https:\/\/www.agenciagrafica.cl\/?product=set-botik-sk18","name":"Set Botik SK18 - AGENCIA GR\u00c1FICA SPA","isPartOf":{"@id":"https:\/\/www.agenciagrafica.cl\/#website"},"primaryImageOfPage":{"@id":"https:\/\/www.agenciagrafica.cl\/?product=set-botik-sk18#primaryimage"},"image":{"@id":"https:\/\/www.agenciagrafica.cl\/?product=set-botik-sk18#primaryimage"},"thumbnailUrl":"https:\/\/www.agenciagrafica.cl\/wp-content\/uploads\/2023\/06\/set_escritura_lapiz_regalo_botik_portada.jpg","datePublished":"2023-06-07T00:49:24+00:00","dateModified":"2023-06-07T00:50:30+00:00","breadcrumb":{"@id":"https:\/\/www.agenciagrafica.cl\/?product=set-botik-sk18#breadcrumb"},"inLanguage":"es","potentialAction":[{"@type":"ReadAction","target":["https:\/\/www.agenciagrafica.cl\/?product=set-botik-sk18"]}]},{"@type":"ImageObject","inLanguage":"es","@id":"https:\/\/www.agenciagrafica.cl\/?product=set-botik-sk18#primaryimage","url":"https:\/\/www.agenciagrafica.cl\/wp-content\/uploads\/2023\/06\/set_escritura_lapiz_regalo_botik_portada.jpg","contentUrl":"https:\/\/www.agenciagrafica.cl\/wp-content\/uploads\/2023\/06\/set_escritura_lapiz_regalo_botik_portada.jpg","width":600,"height":600},{"@type":"BreadcrumbList","@id":"https:\/\/www.agenciagrafica.cl\/?product=set-botik-sk18#breadcrumb","itemListElement":[{"@type":"ListItem","position":1,"name":"Portada","item":"https:\/\/www.agenciagrafica.cl\/"},{"@type":"ListItem","position":2,"name":"Cat\u00e1logo","item":"https:\/\/www.agenciagrafica.cl\/?page_id=1613"},{"@type":"ListItem","position":3,"name":"Set Botik SK18"}]},{"@type":"WebSite","@id":"https:\/\/www.agenciagrafica.cl\/#website","url":"https:\/\/www.agenciagrafica.cl\/","name":"AGENCIA GR\u00c1FICA SPA","description":"regalos publicitarios personalizados","publisher":{"@id":"https:\/\/www.agenciagrafica.cl\/#organization"},"potentialAction":[{"@type":"SearchAction","target":{"@type":"EntryPoint","urlTemplate":"https:\/\/www.agenciagrafica.cl\/?s={search_term_string}"},"query-input":{"@type":"PropertyValueSpecification","valueRequired":true,"valueName":"search_term_string"}}],"inLanguage":"es"},{"@type":"Organization","@id":"https:\/\/www.agenciagrafica.cl\/#organization","name":"AGENCIA GR\u00c1FICA SPA","url":"https:\/\/www.agenciagrafica.cl\/","logo":{"@type":"ImageObject","inLanguage":"es","@id":"https:\/\/www.agenciagrafica.cl\/#\/schema\/logo\/image\/","url":"https:\/\/www.agenciagrafica.cl\/wp-content\/uploads\/2022\/07\/cropped-cropped-agencia-grafica-2-e1657463336302-1.png","contentUrl":"https:\/\/www.agenciagrafica.cl\/wp-content\/uploads\/2022\/07\/cropped-cropped-agencia-grafica-2-e1657463336302-1.png","width":200,"height":208,"caption":"AGENCIA GR\u00c1FICA SPA"},"image":{"@id":"https:\/\/www.agenciagrafica.cl\/#\/schema\/logo\/image\/"}}]}},"jetpack_sharing_enabled":true,"_links":{"self":[{"href":"https:\/\/www.agenciagrafica.cl\/index.php?rest_route=\/wp\/v2\/product\/26120","targetHints":{"allow":["GET"]}}],"collection":[{"href":"https:\/\/www.agenciagrafica.cl\/index.php?rest_route=\/wp\/v2\/product"}],"about":[{"href":"https:\/\/www.agenciagrafica.cl\/index.php?rest_route=\/wp\/v2\/types\/product"}],"replies":[{"embeddable":true,"href":"https:\/\/www.agenciagrafica.cl\/index.php?rest_route=%2Fwp%2Fv2%2Fcomments&post=26120"}],"version-history":[{"count":1,"href":"https:\/\/www.agenciagrafica.cl\/index.php?rest_route=\/wp\/v2\/product\/26120\/revisions"}],"predecessor-version":[{"id":26304,"href":"https:\/\/www.agenciagrafica.cl\/index.php?rest_route=\/wp\/v2\/product\/26120\/revisions\/26304"}],"wp:featuredmedia":[{"embeddable":true,"href":"https:\/\/www.agenciagrafica.cl\/index.php?rest_route=\/wp\/v2\/media\/26302"}],"wp:attachment":[{"href":"https:\/\/www.agenciagrafica.cl\/index.php?rest_route=%2Fwp%2Fv2%2Fmedia&parent=26120"}],"wp:term":[{"taxonomy":"product_brand","embeddable":true,"href":"https:\/\/www.agenciagrafica.cl\/index.php?rest_route=%2Fwp%2Fv2%2Fproduct_brand&post=26120"},{"taxonomy":"product_cat","embeddable":true,"href":"https:\/\/www.agenciagrafica.cl\/index.php?rest_route=%2Fwp%2Fv2%2Fproduct_cat&post=26120"},{"taxonomy":"product_tag","embeddable":true,"href":"https:\/\/www.agenciagrafica.cl\/index.php?rest_route=%2Fwp%2Fv2%2Fproduct_tag&post=26120"}],"curies":[{"name":"wp","href":"https:\/\/api.w.org\/{rel}","templated":true}]}}