{"id":25364,"date":"2023-06-07T00:43:30","date_gmt":"2023-06-07T00:43:30","guid":{"rendered":"https:\/\/www.agenciagrafica.cl\/?post_type=product&#038;p=25364"},"modified":"2023-06-07T01:34:45","modified_gmt":"2023-06-07T01:34:45","slug":"posavasos-destapador-olmux-sk29-sk30-sk31","status":"publish","type":"product","link":"https:\/\/www.agenciagrafica.cl\/?product=posavasos-destapador-olmux-sk29-sk30-sk31","title":{"rendered":"Posavasos Destapador Olmux SK29 &#8211; SK30 &#8211; SK31"},"content":{"rendered":"","protected":false},"excerpt":{"rendered":"<p><span style=\"color: #000080;\"><strong>SK29 &#8211; SK30 &#8211; SK31<\/strong><\/span><\/p>\n<p><em>Original posavasos con abridor met\u00e1lico integrado en colores Azul Negro y Blanco. Con superficie anti deslizante en la base.<\/em><\/p>\n<table width=\"419\">\n<tbody>\n<tr>\n<td width=\"80\">C\u00f3digo<\/td>\n<td width=\"74\">602056520<\/td>\n<td width=\"265\">Color Negro\u00a0 \u00a0 \u00a0 \u00a0SK 29<\/td>\n<\/tr>\n<tr>\n<td>C\u00f3digo<\/td>\n<td>602056521<\/td>\n<td>Color Blanco\u00a0 \u00a0 \u00a0SK 30<\/td>\n<\/tr>\n<tr>\n<td>C\u00f3digo<\/td>\n<td>602056522<\/td>\n<td>Color Azul\u00a0 \u00a0 \u00a0 \u00a0 \u00a0 \u00a0SK 31<\/td>\n<\/tr>\n<\/tbody>\n<\/table>\n","protected":false},"featured_media":25536,"comment_status":"closed","ping_status":"closed","template":"","meta":{"site-sidebar-layout":"default","site-content-layout":"default","ast-global-header-display":"","ast-main-header-display":"","ast-hfb-above-header-display":"","ast-hfb-below-header-display":"","ast-hfb-mobile-header-display":"","site-post-title":"","ast-breadcrumbs-content":"","ast-featured-img":"","footer-sml-layout":"","theme-transparent-header-meta":"","adv-header-id-meta":"","stick-header-meta":"","header-above-stick-meta":"","header-main-stick-meta":"","header-below-stick-meta":""},"product_brand":[],"product_cat":[396,404,399],"product_tag":[],"class_list":{"0":"post-25364","1":"product","2":"type-product","3":"status-publish","4":"has-post-thumbnail","6":"product_cat-accesorios-herramientas","7":"product_cat-nuevos-productos","8":"product_cat-set-parrillero","9":"desktop-align-left","10":"tablet-align-left","11":"mobile-align-left","13":"first","14":"instock","15":"shipping-taxable","16":"purchasable","17":"product-type-variable"},"yoast_head":"<!-- This site is optimized with the Yoast SEO plugin v24.6 - https:\/\/yoast.com\/wordpress\/plugins\/seo\/ -->\n<title>Posavasos Destapador Olmux SK29 - SK30 - SK31 - AGENCIA GR\u00c1FICA SPA<\/title>\n<meta name=\"robots\" content=\"index, follow, max-snippet:-1, max-image-preview:large, max-video-preview:-1\" \/>\n<link rel=\"canonical\" href=\"https:\/\/www.agenciagrafica.cl\/?product=posavasos-destapador-olmux-sk29-sk30-sk31\" \/>\n<meta property=\"og:locale\" content=\"es_ES\" \/>\n<meta property=\"og:type\" content=\"article\" \/>\n<meta property=\"og:title\" content=\"Posavasos Destapador Olmux SK29 - SK30 - SK31 - AGENCIA GR\u00c1FICA SPA\" \/>\n<meta property=\"og:description\" content=\"SK29 - SK30 - SK31  Original posavasos con abridor met\u00e1lico integrado en colores Azul Negro y Blanco. Con superficie anti deslizante en la base.    C\u00f3digo 602056520 Color Negro\u00a0 \u00a0 \u00a0 \u00a0SK 29   C\u00f3digo 602056521 Color Blanco\u00a0 \u00a0 \u00a0SK 30   C\u00f3digo 602056522 Color Azul\u00a0 \u00a0 \u00a0 \u00a0 \u00a0 \u00a0SK 31\" \/>\n<meta property=\"og:url\" content=\"https:\/\/www.agenciagrafica.cl\/?product=posavasos-destapador-olmux-sk29-sk30-sk31\" \/>\n<meta property=\"og:site_name\" content=\"AGENCIA GR\u00c1FICA SPA\" \/>\n<meta property=\"article:modified_time\" content=\"2023-06-07T01:34:45+00:00\" \/>\n<meta name=\"twitter:card\" content=\"summary_large_image\" \/>\n<script type=\"application\/ld+json\" class=\"yoast-schema-graph\">{\"@context\":\"https:\/\/schema.org\",\"@graph\":[{\"@type\":\"WebPage\",\"@id\":\"https:\/\/www.agenciagrafica.cl\/?product=posavasos-destapador-olmux-sk29-sk30-sk31\",\"url\":\"https:\/\/www.agenciagrafica.cl\/?product=posavasos-destapador-olmux-sk29-sk30-sk31\",\"name\":\"Posavasos Destapador Olmux SK29 - SK30 - SK31 - AGENCIA GR\u00c1FICA SPA\",\"isPartOf\":{\"@id\":\"https:\/\/www.agenciagrafica.cl\/#website\"},\"primaryImageOfPage\":{\"@id\":\"https:\/\/www.agenciagrafica.cl\/?product=posavasos-destapador-olmux-sk29-sk30-sk31#primaryimage\"},\"image\":{\"@id\":\"https:\/\/www.agenciagrafica.cl\/?product=posavasos-destapador-olmux-sk29-sk30-sk31#primaryimage\"},\"thumbnailUrl\":\"https:\/\/www.agenciagrafica.cl\/wp-content\/uploads\/2023\/06\/posavasos_destapador_olmux_portada.jpg\",\"datePublished\":\"2023-06-07T00:43:30+00:00\",\"dateModified\":\"2023-06-07T01:34:45+00:00\",\"breadcrumb\":{\"@id\":\"https:\/\/www.agenciagrafica.cl\/?product=posavasos-destapador-olmux-sk29-sk30-sk31#breadcrumb\"},\"inLanguage\":\"es\",\"potentialAction\":[{\"@type\":\"ReadAction\",\"target\":[\"https:\/\/www.agenciagrafica.cl\/?product=posavasos-destapador-olmux-sk29-sk30-sk31\"]}]},{\"@type\":\"ImageObject\",\"inLanguage\":\"es\",\"@id\":\"https:\/\/www.agenciagrafica.cl\/?product=posavasos-destapador-olmux-sk29-sk30-sk31#primaryimage\",\"url\":\"https:\/\/www.agenciagrafica.cl\/wp-content\/uploads\/2023\/06\/posavasos_destapador_olmux_portada.jpg\",\"contentUrl\":\"https:\/\/www.agenciagrafica.cl\/wp-content\/uploads\/2023\/06\/posavasos_destapador_olmux_portada.jpg\",\"width\":500,\"height\":500},{\"@type\":\"BreadcrumbList\",\"@id\":\"https:\/\/www.agenciagrafica.cl\/?product=posavasos-destapador-olmux-sk29-sk30-sk31#breadcrumb\",\"itemListElement\":[{\"@type\":\"ListItem\",\"position\":1,\"name\":\"Portada\",\"item\":\"https:\/\/www.agenciagrafica.cl\/\"},{\"@type\":\"ListItem\",\"position\":2,\"name\":\"Cat\u00e1logo\",\"item\":\"https:\/\/www.agenciagrafica.cl\/?page_id=1613\"},{\"@type\":\"ListItem\",\"position\":3,\"name\":\"Posavasos Destapador Olmux SK29 &#8211; SK30 &#8211; SK31\"}]},{\"@type\":\"WebSite\",\"@id\":\"https:\/\/www.agenciagrafica.cl\/#website\",\"url\":\"https:\/\/www.agenciagrafica.cl\/\",\"name\":\"AGENCIA GR\u00c1FICA SPA\",\"description\":\"regalos publicitarios personalizados\",\"publisher\":{\"@id\":\"https:\/\/www.agenciagrafica.cl\/#organization\"},\"potentialAction\":[{\"@type\":\"SearchAction\",\"target\":{\"@type\":\"EntryPoint\",\"urlTemplate\":\"https:\/\/www.agenciagrafica.cl\/?s={search_term_string}\"},\"query-input\":{\"@type\":\"PropertyValueSpecification\",\"valueRequired\":true,\"valueName\":\"search_term_string\"}}],\"inLanguage\":\"es\"},{\"@type\":\"Organization\",\"@id\":\"https:\/\/www.agenciagrafica.cl\/#organization\",\"name\":\"AGENCIA GR\u00c1FICA SPA\",\"url\":\"https:\/\/www.agenciagrafica.cl\/\",\"logo\":{\"@type\":\"ImageObject\",\"inLanguage\":\"es\",\"@id\":\"https:\/\/www.agenciagrafica.cl\/#\/schema\/logo\/image\/\",\"url\":\"https:\/\/www.agenciagrafica.cl\/wp-content\/uploads\/2022\/07\/cropped-cropped-agencia-grafica-2-e1657463336302-1.png\",\"contentUrl\":\"https:\/\/www.agenciagrafica.cl\/wp-content\/uploads\/2022\/07\/cropped-cropped-agencia-grafica-2-e1657463336302-1.png\",\"width\":200,\"height\":208,\"caption\":\"AGENCIA GR\u00c1FICA SPA\"},\"image\":{\"@id\":\"https:\/\/www.agenciagrafica.cl\/#\/schema\/logo\/image\/\"}}]}<\/script>\n<!-- \/ Yoast SEO plugin. -->","yoast_head_json":{"title":"Posavasos Destapador Olmux SK29 - SK30 - SK31 - AGENCIA GR\u00c1FICA SPA","robots":{"index":"index","follow":"follow","max-snippet":"max-snippet:-1","max-image-preview":"max-image-preview:large","max-video-preview":"max-video-preview:-1"},"canonical":"https:\/\/www.agenciagrafica.cl\/?product=posavasos-destapador-olmux-sk29-sk30-sk31","og_locale":"es_ES","og_type":"article","og_title":"Posavasos Destapador Olmux SK29 - SK30 - SK31 - AGENCIA GR\u00c1FICA SPA","og_description":"SK29 - SK30 - SK31  Original posavasos con abridor met\u00e1lico integrado en colores Azul Negro y Blanco. Con superficie anti deslizante en la base.    C\u00f3digo 602056520 Color Negro\u00a0 \u00a0 \u00a0 \u00a0SK 29   C\u00f3digo 602056521 Color Blanco\u00a0 \u00a0 \u00a0SK 30   C\u00f3digo 602056522 Color Azul\u00a0 \u00a0 \u00a0 \u00a0 \u00a0 \u00a0SK 31","og_url":"https:\/\/www.agenciagrafica.cl\/?product=posavasos-destapador-olmux-sk29-sk30-sk31","og_site_name":"AGENCIA GR\u00c1FICA SPA","article_modified_time":"2023-06-07T01:34:45+00:00","twitter_card":"summary_large_image","schema":{"@context":"https:\/\/schema.org","@graph":[{"@type":"WebPage","@id":"https:\/\/www.agenciagrafica.cl\/?product=posavasos-destapador-olmux-sk29-sk30-sk31","url":"https:\/\/www.agenciagrafica.cl\/?product=posavasos-destapador-olmux-sk29-sk30-sk31","name":"Posavasos Destapador Olmux SK29 - SK30 - SK31 - AGENCIA GR\u00c1FICA SPA","isPartOf":{"@id":"https:\/\/www.agenciagrafica.cl\/#website"},"primaryImageOfPage":{"@id":"https:\/\/www.agenciagrafica.cl\/?product=posavasos-destapador-olmux-sk29-sk30-sk31#primaryimage"},"image":{"@id":"https:\/\/www.agenciagrafica.cl\/?product=posavasos-destapador-olmux-sk29-sk30-sk31#primaryimage"},"thumbnailUrl":"https:\/\/www.agenciagrafica.cl\/wp-content\/uploads\/2023\/06\/posavasos_destapador_olmux_portada.jpg","datePublished":"2023-06-07T00:43:30+00:00","dateModified":"2023-06-07T01:34:45+00:00","breadcrumb":{"@id":"https:\/\/www.agenciagrafica.cl\/?product=posavasos-destapador-olmux-sk29-sk30-sk31#breadcrumb"},"inLanguage":"es","potentialAction":[{"@type":"ReadAction","target":["https:\/\/www.agenciagrafica.cl\/?product=posavasos-destapador-olmux-sk29-sk30-sk31"]}]},{"@type":"ImageObject","inLanguage":"es","@id":"https:\/\/www.agenciagrafica.cl\/?product=posavasos-destapador-olmux-sk29-sk30-sk31#primaryimage","url":"https:\/\/www.agenciagrafica.cl\/wp-content\/uploads\/2023\/06\/posavasos_destapador_olmux_portada.jpg","contentUrl":"https:\/\/www.agenciagrafica.cl\/wp-content\/uploads\/2023\/06\/posavasos_destapador_olmux_portada.jpg","width":500,"height":500},{"@type":"BreadcrumbList","@id":"https:\/\/www.agenciagrafica.cl\/?product=posavasos-destapador-olmux-sk29-sk30-sk31#breadcrumb","itemListElement":[{"@type":"ListItem","position":1,"name":"Portada","item":"https:\/\/www.agenciagrafica.cl\/"},{"@type":"ListItem","position":2,"name":"Cat\u00e1logo","item":"https:\/\/www.agenciagrafica.cl\/?page_id=1613"},{"@type":"ListItem","position":3,"name":"Posavasos Destapador Olmux SK29 &#8211; SK30 &#8211; SK31"}]},{"@type":"WebSite","@id":"https:\/\/www.agenciagrafica.cl\/#website","url":"https:\/\/www.agenciagrafica.cl\/","name":"AGENCIA GR\u00c1FICA SPA","description":"regalos publicitarios personalizados","publisher":{"@id":"https:\/\/www.agenciagrafica.cl\/#organization"},"potentialAction":[{"@type":"SearchAction","target":{"@type":"EntryPoint","urlTemplate":"https:\/\/www.agenciagrafica.cl\/?s={search_term_string}"},"query-input":{"@type":"PropertyValueSpecification","valueRequired":true,"valueName":"search_term_string"}}],"inLanguage":"es"},{"@type":"Organization","@id":"https:\/\/www.agenciagrafica.cl\/#organization","name":"AGENCIA GR\u00c1FICA SPA","url":"https:\/\/www.agenciagrafica.cl\/","logo":{"@type":"ImageObject","inLanguage":"es","@id":"https:\/\/www.agenciagrafica.cl\/#\/schema\/logo\/image\/","url":"https:\/\/www.agenciagrafica.cl\/wp-content\/uploads\/2022\/07\/cropped-cropped-agencia-grafica-2-e1657463336302-1.png","contentUrl":"https:\/\/www.agenciagrafica.cl\/wp-content\/uploads\/2022\/07\/cropped-cropped-agencia-grafica-2-e1657463336302-1.png","width":200,"height":208,"caption":"AGENCIA GR\u00c1FICA SPA"},"image":{"@id":"https:\/\/www.agenciagrafica.cl\/#\/schema\/logo\/image\/"}}]}},"jetpack_sharing_enabled":true,"_links":{"self":[{"href":"https:\/\/www.agenciagrafica.cl\/index.php?rest_route=\/wp\/v2\/product\/25364","targetHints":{"allow":["GET"]}}],"collection":[{"href":"https:\/\/www.agenciagrafica.cl\/index.php?rest_route=\/wp\/v2\/product"}],"about":[{"href":"https:\/\/www.agenciagrafica.cl\/index.php?rest_route=\/wp\/v2\/types\/product"}],"replies":[{"embeddable":true,"href":"https:\/\/www.agenciagrafica.cl\/index.php?rest_route=%2Fwp%2Fv2%2Fcomments&post=25364"}],"version-history":[{"count":1,"href":"https:\/\/www.agenciagrafica.cl\/index.php?rest_route=\/wp\/v2\/product\/25364\/revisions"}],"predecessor-version":[{"id":25543,"href":"https:\/\/www.agenciagrafica.cl\/index.php?rest_route=\/wp\/v2\/product\/25364\/revisions\/25543"}],"wp:featuredmedia":[{"embeddable":true,"href":"https:\/\/www.agenciagrafica.cl\/index.php?rest_route=\/wp\/v2\/media\/25536"}],"wp:attachment":[{"href":"https:\/\/www.agenciagrafica.cl\/index.php?rest_route=%2Fwp%2Fv2%2Fmedia&parent=25364"}],"wp:term":[{"taxonomy":"product_brand","embeddable":true,"href":"https:\/\/www.agenciagrafica.cl\/index.php?rest_route=%2Fwp%2Fv2%2Fproduct_brand&post=25364"},{"taxonomy":"product_cat","embeddable":true,"href":"https:\/\/www.agenciagrafica.cl\/index.php?rest_route=%2Fwp%2Fv2%2Fproduct_cat&post=25364"},{"taxonomy":"product_tag","embeddable":true,"href":"https:\/\/www.agenciagrafica.cl\/index.php?rest_route=%2Fwp%2Fv2%2Fproduct_tag&post=25364"}],"curies":[{"name":"wp","href":"https:\/\/api.w.org\/{rel}","templated":true}]}}