{"id":25305,"date":"2023-06-07T00:43:09","date_gmt":"2023-06-07T00:43:09","guid":{"rendered":"https:\/\/www.agenciagrafica.cl\/?post_type=product&#038;p=25305"},"modified":"2023-06-07T01:34:50","modified_gmt":"2023-06-07T01:34:50","slug":"porta-documentos-bonx-sk16-sk17","status":"publish","type":"product","link":"https:\/\/www.agenciagrafica.cl\/?product=porta-documentos-bonx-sk16-sk17","title":{"rendered":"Porta documentos Bonx SK16 &#8211; SK17"},"content":{"rendered":"","protected":false},"excerpt":{"rendered":"<p><span style=\"color: #000080;\"><strong>SK16 &#8211; SK17<\/strong><\/span><\/p>\n<p>Original porta documentos de cierre herm\u00e9tico con cuerpo acabado en elegante PVC de color Azul. Con cinta reforzada en tirador a juego para c\u00f3moda apertura. Otros colores de importaci\u00f3n.<\/p>\n<p>Caja de 300 unidades.<\/p>\n<p>C\u00f3digo\u00a0 \u00a0 \u00a0 602045760\u00a0 \u00a0 \u00a0 Color Azul\u00a0 \u00a0 \u00a0 SK 16<\/p>\n<p>C\u00f3digo\u00a0 \u00a0 \u00a0 602045761\u00a0 \u00a0 \u00a0 Color Rojo\u00a0 \u00a0 \u00a0 SK\u00a0 17<\/p>\n","protected":false},"featured_media":25490,"comment_status":"closed","ping_status":"closed","template":"","meta":{"site-sidebar-layout":"default","site-content-layout":"default","ast-global-header-display":"","ast-main-header-display":"","ast-hfb-above-header-display":"","ast-hfb-below-header-display":"","ast-hfb-mobile-header-display":"","site-post-title":"","ast-breadcrumbs-content":"","ast-featured-img":"","footer-sml-layout":"","theme-transparent-header-meta":"","adv-header-id-meta":"","stick-header-meta":"","header-above-stick-meta":"","header-main-stick-meta":"","header-below-stick-meta":""},"product_brand":[],"product_cat":[396,404],"product_tag":[],"class_list":{"0":"post-25305","1":"product","2":"type-product","3":"status-publish","4":"has-post-thumbnail","6":"product_cat-accesorios-herramientas","7":"product_cat-nuevos-productos","8":"desktop-align-left","9":"tablet-align-left","10":"mobile-align-left","12":"first","13":"instock","14":"shipping-taxable","15":"purchasable","16":"product-type-variable"},"yoast_head":"<!-- This site is optimized with the Yoast SEO plugin v24.6 - https:\/\/yoast.com\/wordpress\/plugins\/seo\/ -->\n<title>Porta documentos Bonx SK16 - SK17 - AGENCIA GR\u00c1FICA SPA<\/title>\n<meta name=\"robots\" content=\"index, follow, max-snippet:-1, max-image-preview:large, max-video-preview:-1\" \/>\n<link rel=\"canonical\" href=\"https:\/\/www.agenciagrafica.cl\/?product=porta-documentos-bonx-sk16-sk17\" \/>\n<meta property=\"og:locale\" content=\"es_ES\" \/>\n<meta property=\"og:type\" content=\"article\" \/>\n<meta property=\"og:title\" content=\"Porta documentos Bonx SK16 - SK17 - AGENCIA GR\u00c1FICA SPA\" \/>\n<meta property=\"og:description\" content=\"SK16 - SK17  Original porta documentos de cierre herm\u00e9tico con cuerpo acabado en elegante PVC de color Azul. Con cinta reforzada en tirador a juego para c\u00f3moda apertura. Otros colores de importaci\u00f3n.  Caja de 300 unidades.  C\u00f3digo\u00a0 \u00a0 \u00a0 602045760\u00a0 \u00a0 \u00a0 Color Azul\u00a0 \u00a0 \u00a0 SK 16  C\u00f3digo\u00a0 \u00a0 \u00a0 602045761\u00a0 \u00a0 \u00a0 Color Rojo\u00a0 \u00a0 \u00a0 SK\u00a0 17\" \/>\n<meta property=\"og:url\" content=\"https:\/\/www.agenciagrafica.cl\/?product=porta-documentos-bonx-sk16-sk17\" \/>\n<meta property=\"og:site_name\" content=\"AGENCIA GR\u00c1FICA SPA\" \/>\n<meta property=\"article:modified_time\" content=\"2023-06-07T01:34:50+00:00\" \/>\n<meta name=\"twitter:card\" content=\"summary_large_image\" \/>\n<script type=\"application\/ld+json\" class=\"yoast-schema-graph\">{\"@context\":\"https:\/\/schema.org\",\"@graph\":[{\"@type\":\"WebPage\",\"@id\":\"https:\/\/www.agenciagrafica.cl\/?product=porta-documentos-bonx-sk16-sk17\",\"url\":\"https:\/\/www.agenciagrafica.cl\/?product=porta-documentos-bonx-sk16-sk17\",\"name\":\"Porta documentos Bonx SK16 - SK17 - AGENCIA GR\u00c1FICA SPA\",\"isPartOf\":{\"@id\":\"https:\/\/www.agenciagrafica.cl\/#website\"},\"primaryImageOfPage\":{\"@id\":\"https:\/\/www.agenciagrafica.cl\/?product=porta-documentos-bonx-sk16-sk17#primaryimage\"},\"image\":{\"@id\":\"https:\/\/www.agenciagrafica.cl\/?product=porta-documentos-bonx-sk16-sk17#primaryimage\"},\"thumbnailUrl\":\"https:\/\/www.agenciagrafica.cl\/wp-content\/uploads\/2023\/06\/Portadocumentos_Bonx_SK17.jpg\",\"datePublished\":\"2023-06-07T00:43:09+00:00\",\"dateModified\":\"2023-06-07T01:34:50+00:00\",\"breadcrumb\":{\"@id\":\"https:\/\/www.agenciagrafica.cl\/?product=porta-documentos-bonx-sk16-sk17#breadcrumb\"},\"inLanguage\":\"es\",\"potentialAction\":[{\"@type\":\"ReadAction\",\"target\":[\"https:\/\/www.agenciagrafica.cl\/?product=porta-documentos-bonx-sk16-sk17\"]}]},{\"@type\":\"ImageObject\",\"inLanguage\":\"es\",\"@id\":\"https:\/\/www.agenciagrafica.cl\/?product=porta-documentos-bonx-sk16-sk17#primaryimage\",\"url\":\"https:\/\/www.agenciagrafica.cl\/wp-content\/uploads\/2023\/06\/Portadocumentos_Bonx_SK17.jpg\",\"contentUrl\":\"https:\/\/www.agenciagrafica.cl\/wp-content\/uploads\/2023\/06\/Portadocumentos_Bonx_SK17.jpg\",\"width\":500,\"height\":500},{\"@type\":\"BreadcrumbList\",\"@id\":\"https:\/\/www.agenciagrafica.cl\/?product=porta-documentos-bonx-sk16-sk17#breadcrumb\",\"itemListElement\":[{\"@type\":\"ListItem\",\"position\":1,\"name\":\"Portada\",\"item\":\"https:\/\/www.agenciagrafica.cl\/\"},{\"@type\":\"ListItem\",\"position\":2,\"name\":\"Cat\u00e1logo\",\"item\":\"https:\/\/www.agenciagrafica.cl\/?page_id=1613\"},{\"@type\":\"ListItem\",\"position\":3,\"name\":\"Porta documentos Bonx SK16 &#8211; SK17\"}]},{\"@type\":\"WebSite\",\"@id\":\"https:\/\/www.agenciagrafica.cl\/#website\",\"url\":\"https:\/\/www.agenciagrafica.cl\/\",\"name\":\"AGENCIA GR\u00c1FICA SPA\",\"description\":\"regalos publicitarios personalizados\",\"publisher\":{\"@id\":\"https:\/\/www.agenciagrafica.cl\/#organization\"},\"potentialAction\":[{\"@type\":\"SearchAction\",\"target\":{\"@type\":\"EntryPoint\",\"urlTemplate\":\"https:\/\/www.agenciagrafica.cl\/?s={search_term_string}\"},\"query-input\":{\"@type\":\"PropertyValueSpecification\",\"valueRequired\":true,\"valueName\":\"search_term_string\"}}],\"inLanguage\":\"es\"},{\"@type\":\"Organization\",\"@id\":\"https:\/\/www.agenciagrafica.cl\/#organization\",\"name\":\"AGENCIA GR\u00c1FICA SPA\",\"url\":\"https:\/\/www.agenciagrafica.cl\/\",\"logo\":{\"@type\":\"ImageObject\",\"inLanguage\":\"es\",\"@id\":\"https:\/\/www.agenciagrafica.cl\/#\/schema\/logo\/image\/\",\"url\":\"https:\/\/www.agenciagrafica.cl\/wp-content\/uploads\/2022\/07\/cropped-cropped-agencia-grafica-2-e1657463336302-1.png\",\"contentUrl\":\"https:\/\/www.agenciagrafica.cl\/wp-content\/uploads\/2022\/07\/cropped-cropped-agencia-grafica-2-e1657463336302-1.png\",\"width\":200,\"height\":208,\"caption\":\"AGENCIA GR\u00c1FICA SPA\"},\"image\":{\"@id\":\"https:\/\/www.agenciagrafica.cl\/#\/schema\/logo\/image\/\"}}]}<\/script>\n<!-- \/ Yoast SEO plugin. -->","yoast_head_json":{"title":"Porta documentos Bonx SK16 - SK17 - AGENCIA GR\u00c1FICA SPA","robots":{"index":"index","follow":"follow","max-snippet":"max-snippet:-1","max-image-preview":"max-image-preview:large","max-video-preview":"max-video-preview:-1"},"canonical":"https:\/\/www.agenciagrafica.cl\/?product=porta-documentos-bonx-sk16-sk17","og_locale":"es_ES","og_type":"article","og_title":"Porta documentos Bonx SK16 - SK17 - AGENCIA GR\u00c1FICA SPA","og_description":"SK16 - SK17  Original porta documentos de cierre herm\u00e9tico con cuerpo acabado en elegante PVC de color Azul. Con cinta reforzada en tirador a juego para c\u00f3moda apertura. Otros colores de importaci\u00f3n.  Caja de 300 unidades.  C\u00f3digo\u00a0 \u00a0 \u00a0 602045760\u00a0 \u00a0 \u00a0 Color Azul\u00a0 \u00a0 \u00a0 SK 16  C\u00f3digo\u00a0 \u00a0 \u00a0 602045761\u00a0 \u00a0 \u00a0 Color Rojo\u00a0 \u00a0 \u00a0 SK\u00a0 17","og_url":"https:\/\/www.agenciagrafica.cl\/?product=porta-documentos-bonx-sk16-sk17","og_site_name":"AGENCIA GR\u00c1FICA SPA","article_modified_time":"2023-06-07T01:34:50+00:00","twitter_card":"summary_large_image","schema":{"@context":"https:\/\/schema.org","@graph":[{"@type":"WebPage","@id":"https:\/\/www.agenciagrafica.cl\/?product=porta-documentos-bonx-sk16-sk17","url":"https:\/\/www.agenciagrafica.cl\/?product=porta-documentos-bonx-sk16-sk17","name":"Porta documentos Bonx SK16 - SK17 - AGENCIA GR\u00c1FICA SPA","isPartOf":{"@id":"https:\/\/www.agenciagrafica.cl\/#website"},"primaryImageOfPage":{"@id":"https:\/\/www.agenciagrafica.cl\/?product=porta-documentos-bonx-sk16-sk17#primaryimage"},"image":{"@id":"https:\/\/www.agenciagrafica.cl\/?product=porta-documentos-bonx-sk16-sk17#primaryimage"},"thumbnailUrl":"https:\/\/www.agenciagrafica.cl\/wp-content\/uploads\/2023\/06\/Portadocumentos_Bonx_SK17.jpg","datePublished":"2023-06-07T00:43:09+00:00","dateModified":"2023-06-07T01:34:50+00:00","breadcrumb":{"@id":"https:\/\/www.agenciagrafica.cl\/?product=porta-documentos-bonx-sk16-sk17#breadcrumb"},"inLanguage":"es","potentialAction":[{"@type":"ReadAction","target":["https:\/\/www.agenciagrafica.cl\/?product=porta-documentos-bonx-sk16-sk17"]}]},{"@type":"ImageObject","inLanguage":"es","@id":"https:\/\/www.agenciagrafica.cl\/?product=porta-documentos-bonx-sk16-sk17#primaryimage","url":"https:\/\/www.agenciagrafica.cl\/wp-content\/uploads\/2023\/06\/Portadocumentos_Bonx_SK17.jpg","contentUrl":"https:\/\/www.agenciagrafica.cl\/wp-content\/uploads\/2023\/06\/Portadocumentos_Bonx_SK17.jpg","width":500,"height":500},{"@type":"BreadcrumbList","@id":"https:\/\/www.agenciagrafica.cl\/?product=porta-documentos-bonx-sk16-sk17#breadcrumb","itemListElement":[{"@type":"ListItem","position":1,"name":"Portada","item":"https:\/\/www.agenciagrafica.cl\/"},{"@type":"ListItem","position":2,"name":"Cat\u00e1logo","item":"https:\/\/www.agenciagrafica.cl\/?page_id=1613"},{"@type":"ListItem","position":3,"name":"Porta documentos Bonx SK16 &#8211; SK17"}]},{"@type":"WebSite","@id":"https:\/\/www.agenciagrafica.cl\/#website","url":"https:\/\/www.agenciagrafica.cl\/","name":"AGENCIA GR\u00c1FICA SPA","description":"regalos publicitarios personalizados","publisher":{"@id":"https:\/\/www.agenciagrafica.cl\/#organization"},"potentialAction":[{"@type":"SearchAction","target":{"@type":"EntryPoint","urlTemplate":"https:\/\/www.agenciagrafica.cl\/?s={search_term_string}"},"query-input":{"@type":"PropertyValueSpecification","valueRequired":true,"valueName":"search_term_string"}}],"inLanguage":"es"},{"@type":"Organization","@id":"https:\/\/www.agenciagrafica.cl\/#organization","name":"AGENCIA GR\u00c1FICA SPA","url":"https:\/\/www.agenciagrafica.cl\/","logo":{"@type":"ImageObject","inLanguage":"es","@id":"https:\/\/www.agenciagrafica.cl\/#\/schema\/logo\/image\/","url":"https:\/\/www.agenciagrafica.cl\/wp-content\/uploads\/2022\/07\/cropped-cropped-agencia-grafica-2-e1657463336302-1.png","contentUrl":"https:\/\/www.agenciagrafica.cl\/wp-content\/uploads\/2022\/07\/cropped-cropped-agencia-grafica-2-e1657463336302-1.png","width":200,"height":208,"caption":"AGENCIA GR\u00c1FICA SPA"},"image":{"@id":"https:\/\/www.agenciagrafica.cl\/#\/schema\/logo\/image\/"}}]}},"jetpack_sharing_enabled":true,"_links":{"self":[{"href":"https:\/\/www.agenciagrafica.cl\/index.php?rest_route=\/wp\/v2\/product\/25305","targetHints":{"allow":["GET"]}}],"collection":[{"href":"https:\/\/www.agenciagrafica.cl\/index.php?rest_route=\/wp\/v2\/product"}],"about":[{"href":"https:\/\/www.agenciagrafica.cl\/index.php?rest_route=\/wp\/v2\/types\/product"}],"replies":[{"embeddable":true,"href":"https:\/\/www.agenciagrafica.cl\/index.php?rest_route=%2Fwp%2Fv2%2Fcomments&post=25305"}],"version-history":[{"count":1,"href":"https:\/\/www.agenciagrafica.cl\/index.php?rest_route=\/wp\/v2\/product\/25305\/revisions"}],"predecessor-version":[{"id":25493,"href":"https:\/\/www.agenciagrafica.cl\/index.php?rest_route=\/wp\/v2\/product\/25305\/revisions\/25493"}],"wp:featuredmedia":[{"embeddable":true,"href":"https:\/\/www.agenciagrafica.cl\/index.php?rest_route=\/wp\/v2\/media\/25490"}],"wp:attachment":[{"href":"https:\/\/www.agenciagrafica.cl\/index.php?rest_route=%2Fwp%2Fv2%2Fmedia&parent=25305"}],"wp:term":[{"taxonomy":"product_brand","embeddable":true,"href":"https:\/\/www.agenciagrafica.cl\/index.php?rest_route=%2Fwp%2Fv2%2Fproduct_brand&post=25305"},{"taxonomy":"product_cat","embeddable":true,"href":"https:\/\/www.agenciagrafica.cl\/index.php?rest_route=%2Fwp%2Fv2%2Fproduct_cat&post=25305"},{"taxonomy":"product_tag","embeddable":true,"href":"https:\/\/www.agenciagrafica.cl\/index.php?rest_route=%2Fwp%2Fv2%2Fproduct_tag&post=25305"}],"curies":[{"name":"wp","href":"https:\/\/api.w.org\/{rel}","templated":true}]}}