{"id":25242,"date":"2023-06-07T00:42:41","date_gmt":"2023-06-07T00:42:41","guid":{"rendered":"https:\/\/www.agenciagrafica.cl\/?post_type=product&#038;p=25242"},"modified":"2023-06-07T01:24:10","modified_gmt":"2023-06-07T01:24:10","slug":"croquera-ecologica-n41-t3-t4","status":"publish","type":"product","link":"https:\/\/www.agenciagrafica.cl\/?product=croquera-ecologica-n41-t3-t4","title":{"rendered":"Croquera Ecol\u00f3gica N41 T3-T4"},"content":{"rendered":"","protected":false},"excerpt":{"rendered":"<p class=\"product_title entry-title\"><strong><span style=\"color: #000080;\">N41 (T3-T4)<\/span><\/strong><\/p>\n<p><em>Croquera ecol\u00f3gica en color Negro y Kraft con l\u00edneas en su interior. Anillado met\u00e1lico doble cero.<\/em><\/p>\n<p>80 hojas interiores beige, cuadriculadas 80grs,<br \/>\nincluye signo de reciclaje<br \/>\ntapas duras de cart\u00f3n reciclado 500grs<br \/>\nanillado met\u00e1lico doble cero<\/p>\n<p>Mod. N41 T3 Tama\u00f1o 13cms. x 18cms.<br \/>\nMod. N41 T4 Tama\u00f1o 15cms. x 21cms.<\/p>\n<p>color kraft\u00a0 \u00a0 \u00a0 \u00a0 \u00a0 \u00a0 \u00a0 color negro<br \/>\n601061206\u00a0 \u00a0 \u00a0 \u00a0 \u00a0 \u00a0 \u00a0601061216<br \/>\n601061207\u00a0 \u00a0 \u00a0 \u00a0 \u00a0 \u00a0 \u00a0601061217<\/p>\n<p><img decoding=\"async\" src=\"http:\/\/imblasco.cl\/regalos\/wp-content\/uploads\/2019\/06\/tampografia.png\" \/><img decoding=\"async\" src=\"http:\/\/imblasco.cl\/regalos\/wp-content\/uploads\/2019\/06\/serigrafia.png\" \/><\/p>\n","protected":false},"featured_media":25445,"comment_status":"closed","ping_status":"closed","template":"","meta":{"site-sidebar-layout":"default","site-content-layout":"default","ast-global-header-display":"","ast-main-header-display":"","ast-hfb-above-header-display":"","ast-hfb-below-header-display":"","ast-hfb-mobile-header-display":"","site-post-title":"","ast-breadcrumbs-content":"","ast-featured-img":"","footer-sml-layout":"","theme-transparent-header-meta":"","adv-header-id-meta":"","stick-header-meta":"","header-above-stick-meta":"","header-main-stick-meta":"","header-below-stick-meta":""},"product_brand":[],"product_cat":[386,376],"product_tag":[],"class_list":{"0":"post-25242","1":"product","2":"type-product","3":"status-publish","4":"has-post-thumbnail","6":"product_cat-libretas-memo-set","7":"product_cat-productos-exclusivos","8":"desktop-align-left","9":"tablet-align-left","10":"mobile-align-left","12":"first","13":"instock","14":"shipping-taxable","15":"purchasable","16":"product-type-variable"},"yoast_head":"<!-- This site is optimized with the Yoast SEO plugin v24.6 - https:\/\/yoast.com\/wordpress\/plugins\/seo\/ -->\n<title>Croquera Ecol\u00f3gica N41 T3-T4 - AGENCIA GR\u00c1FICA SPA<\/title>\n<meta name=\"robots\" content=\"index, follow, max-snippet:-1, max-image-preview:large, max-video-preview:-1\" \/>\n<link rel=\"canonical\" href=\"https:\/\/www.agenciagrafica.cl\/?product=croquera-ecologica-n41-t3-t4\" \/>\n<meta property=\"og:locale\" content=\"es_ES\" \/>\n<meta property=\"og:type\" content=\"article\" \/>\n<meta property=\"og:title\" content=\"Croquera Ecol\u00f3gica N41 T3-T4 - AGENCIA GR\u00c1FICA SPA\" \/>\n<meta property=\"og:description\" content=\"N41 (T3-T4) Croquera ecol\u00f3gica en color Negro y Kraft con l\u00edneas en su interior. Anillado met\u00e1lico doble cero.  80 hojas interiores beige, cuadriculadas 80grs, incluye signo de reciclaje tapas duras de cart\u00f3n reciclado 500grs anillado met\u00e1lico doble cero  Mod. N41 T3 Tama\u00f1o 13cms. x 18cms. Mod. N41 T4 Tama\u00f1o 15cms. x 21cms.  color kraft\u00a0 \u00a0 \u00a0 \u00a0 \u00a0 \u00a0 \u00a0 color negro 601061206\u00a0 \u00a0 \u00a0 \u00a0 \u00a0 \u00a0 \u00a0601061216 601061207\u00a0 \u00a0 \u00a0 \u00a0 \u00a0 \u00a0 \u00a0601061217\" \/>\n<meta property=\"og:url\" content=\"https:\/\/www.agenciagrafica.cl\/?product=croquera-ecologica-n41-t3-t4\" \/>\n<meta property=\"og:site_name\" content=\"AGENCIA GR\u00c1FICA SPA\" \/>\n<meta property=\"article:modified_time\" content=\"2023-06-07T01:24:10+00:00\" \/>\n<meta name=\"twitter:card\" content=\"summary_large_image\" \/>\n<script type=\"application\/ld+json\" class=\"yoast-schema-graph\">{\"@context\":\"https:\/\/schema.org\",\"@graph\":[{\"@type\":\"WebPage\",\"@id\":\"https:\/\/www.agenciagrafica.cl\/?product=croquera-ecologica-n41-t3-t4\",\"url\":\"https:\/\/www.agenciagrafica.cl\/?product=croquera-ecologica-n41-t3-t4\",\"name\":\"Croquera Ecol\u00f3gica N41 T3-T4 - AGENCIA GR\u00c1FICA SPA\",\"isPartOf\":{\"@id\":\"https:\/\/www.agenciagrafica.cl\/#website\"},\"primaryImageOfPage\":{\"@id\":\"https:\/\/www.agenciagrafica.cl\/?product=croquera-ecologica-n41-t3-t4#primaryimage\"},\"image\":{\"@id\":\"https:\/\/www.agenciagrafica.cl\/?product=croquera-ecologica-n41-t3-t4#primaryimage\"},\"thumbnailUrl\":\"https:\/\/www.agenciagrafica.cl\/wp-content\/uploads\/2023\/06\/N41-4.jpg\",\"datePublished\":\"2023-06-07T00:42:41+00:00\",\"dateModified\":\"2023-06-07T01:24:10+00:00\",\"breadcrumb\":{\"@id\":\"https:\/\/www.agenciagrafica.cl\/?product=croquera-ecologica-n41-t3-t4#breadcrumb\"},\"inLanguage\":\"es\",\"potentialAction\":[{\"@type\":\"ReadAction\",\"target\":[\"https:\/\/www.agenciagrafica.cl\/?product=croquera-ecologica-n41-t3-t4\"]}]},{\"@type\":\"ImageObject\",\"inLanguage\":\"es\",\"@id\":\"https:\/\/www.agenciagrafica.cl\/?product=croquera-ecologica-n41-t3-t4#primaryimage\",\"url\":\"https:\/\/www.agenciagrafica.cl\/wp-content\/uploads\/2023\/06\/N41-4.jpg\",\"contentUrl\":\"https:\/\/www.agenciagrafica.cl\/wp-content\/uploads\/2023\/06\/N41-4.jpg\",\"width\":500,\"height\":500},{\"@type\":\"BreadcrumbList\",\"@id\":\"https:\/\/www.agenciagrafica.cl\/?product=croquera-ecologica-n41-t3-t4#breadcrumb\",\"itemListElement\":[{\"@type\":\"ListItem\",\"position\":1,\"name\":\"Portada\",\"item\":\"https:\/\/www.agenciagrafica.cl\/\"},{\"@type\":\"ListItem\",\"position\":2,\"name\":\"Cat\u00e1logo\",\"item\":\"https:\/\/www.agenciagrafica.cl\/?page_id=1613\"},{\"@type\":\"ListItem\",\"position\":3,\"name\":\"Croquera Ecol\u00f3gica N41 T3-T4\"}]},{\"@type\":\"WebSite\",\"@id\":\"https:\/\/www.agenciagrafica.cl\/#website\",\"url\":\"https:\/\/www.agenciagrafica.cl\/\",\"name\":\"AGENCIA GR\u00c1FICA SPA\",\"description\":\"regalos publicitarios personalizados\",\"publisher\":{\"@id\":\"https:\/\/www.agenciagrafica.cl\/#organization\"},\"potentialAction\":[{\"@type\":\"SearchAction\",\"target\":{\"@type\":\"EntryPoint\",\"urlTemplate\":\"https:\/\/www.agenciagrafica.cl\/?s={search_term_string}\"},\"query-input\":{\"@type\":\"PropertyValueSpecification\",\"valueRequired\":true,\"valueName\":\"search_term_string\"}}],\"inLanguage\":\"es\"},{\"@type\":\"Organization\",\"@id\":\"https:\/\/www.agenciagrafica.cl\/#organization\",\"name\":\"AGENCIA GR\u00c1FICA SPA\",\"url\":\"https:\/\/www.agenciagrafica.cl\/\",\"logo\":{\"@type\":\"ImageObject\",\"inLanguage\":\"es\",\"@id\":\"https:\/\/www.agenciagrafica.cl\/#\/schema\/logo\/image\/\",\"url\":\"https:\/\/www.agenciagrafica.cl\/wp-content\/uploads\/2022\/07\/cropped-cropped-agencia-grafica-2-e1657463336302-1.png\",\"contentUrl\":\"https:\/\/www.agenciagrafica.cl\/wp-content\/uploads\/2022\/07\/cropped-cropped-agencia-grafica-2-e1657463336302-1.png\",\"width\":200,\"height\":208,\"caption\":\"AGENCIA GR\u00c1FICA SPA\"},\"image\":{\"@id\":\"https:\/\/www.agenciagrafica.cl\/#\/schema\/logo\/image\/\"}}]}<\/script>\n<!-- \/ Yoast SEO plugin. -->","yoast_head_json":{"title":"Croquera Ecol\u00f3gica N41 T3-T4 - AGENCIA GR\u00c1FICA SPA","robots":{"index":"index","follow":"follow","max-snippet":"max-snippet:-1","max-image-preview":"max-image-preview:large","max-video-preview":"max-video-preview:-1"},"canonical":"https:\/\/www.agenciagrafica.cl\/?product=croquera-ecologica-n41-t3-t4","og_locale":"es_ES","og_type":"article","og_title":"Croquera Ecol\u00f3gica N41 T3-T4 - AGENCIA GR\u00c1FICA SPA","og_description":"N41 (T3-T4) Croquera ecol\u00f3gica en color Negro y Kraft con l\u00edneas en su interior. Anillado met\u00e1lico doble cero.  80 hojas interiores beige, cuadriculadas 80grs, incluye signo de reciclaje tapas duras de cart\u00f3n reciclado 500grs anillado met\u00e1lico doble cero  Mod. N41 T3 Tama\u00f1o 13cms. x 18cms. Mod. N41 T4 Tama\u00f1o 15cms. x 21cms.  color kraft\u00a0 \u00a0 \u00a0 \u00a0 \u00a0 \u00a0 \u00a0 color negro 601061206\u00a0 \u00a0 \u00a0 \u00a0 \u00a0 \u00a0 \u00a0601061216 601061207\u00a0 \u00a0 \u00a0 \u00a0 \u00a0 \u00a0 \u00a0601061217","og_url":"https:\/\/www.agenciagrafica.cl\/?product=croquera-ecologica-n41-t3-t4","og_site_name":"AGENCIA GR\u00c1FICA SPA","article_modified_time":"2023-06-07T01:24:10+00:00","twitter_card":"summary_large_image","schema":{"@context":"https:\/\/schema.org","@graph":[{"@type":"WebPage","@id":"https:\/\/www.agenciagrafica.cl\/?product=croquera-ecologica-n41-t3-t4","url":"https:\/\/www.agenciagrafica.cl\/?product=croquera-ecologica-n41-t3-t4","name":"Croquera Ecol\u00f3gica N41 T3-T4 - AGENCIA GR\u00c1FICA SPA","isPartOf":{"@id":"https:\/\/www.agenciagrafica.cl\/#website"},"primaryImageOfPage":{"@id":"https:\/\/www.agenciagrafica.cl\/?product=croquera-ecologica-n41-t3-t4#primaryimage"},"image":{"@id":"https:\/\/www.agenciagrafica.cl\/?product=croquera-ecologica-n41-t3-t4#primaryimage"},"thumbnailUrl":"https:\/\/www.agenciagrafica.cl\/wp-content\/uploads\/2023\/06\/N41-4.jpg","datePublished":"2023-06-07T00:42:41+00:00","dateModified":"2023-06-07T01:24:10+00:00","breadcrumb":{"@id":"https:\/\/www.agenciagrafica.cl\/?product=croquera-ecologica-n41-t3-t4#breadcrumb"},"inLanguage":"es","potentialAction":[{"@type":"ReadAction","target":["https:\/\/www.agenciagrafica.cl\/?product=croquera-ecologica-n41-t3-t4"]}]},{"@type":"ImageObject","inLanguage":"es","@id":"https:\/\/www.agenciagrafica.cl\/?product=croquera-ecologica-n41-t3-t4#primaryimage","url":"https:\/\/www.agenciagrafica.cl\/wp-content\/uploads\/2023\/06\/N41-4.jpg","contentUrl":"https:\/\/www.agenciagrafica.cl\/wp-content\/uploads\/2023\/06\/N41-4.jpg","width":500,"height":500},{"@type":"BreadcrumbList","@id":"https:\/\/www.agenciagrafica.cl\/?product=croquera-ecologica-n41-t3-t4#breadcrumb","itemListElement":[{"@type":"ListItem","position":1,"name":"Portada","item":"https:\/\/www.agenciagrafica.cl\/"},{"@type":"ListItem","position":2,"name":"Cat\u00e1logo","item":"https:\/\/www.agenciagrafica.cl\/?page_id=1613"},{"@type":"ListItem","position":3,"name":"Croquera Ecol\u00f3gica N41 T3-T4"}]},{"@type":"WebSite","@id":"https:\/\/www.agenciagrafica.cl\/#website","url":"https:\/\/www.agenciagrafica.cl\/","name":"AGENCIA GR\u00c1FICA SPA","description":"regalos publicitarios personalizados","publisher":{"@id":"https:\/\/www.agenciagrafica.cl\/#organization"},"potentialAction":[{"@type":"SearchAction","target":{"@type":"EntryPoint","urlTemplate":"https:\/\/www.agenciagrafica.cl\/?s={search_term_string}"},"query-input":{"@type":"PropertyValueSpecification","valueRequired":true,"valueName":"search_term_string"}}],"inLanguage":"es"},{"@type":"Organization","@id":"https:\/\/www.agenciagrafica.cl\/#organization","name":"AGENCIA GR\u00c1FICA SPA","url":"https:\/\/www.agenciagrafica.cl\/","logo":{"@type":"ImageObject","inLanguage":"es","@id":"https:\/\/www.agenciagrafica.cl\/#\/schema\/logo\/image\/","url":"https:\/\/www.agenciagrafica.cl\/wp-content\/uploads\/2022\/07\/cropped-cropped-agencia-grafica-2-e1657463336302-1.png","contentUrl":"https:\/\/www.agenciagrafica.cl\/wp-content\/uploads\/2022\/07\/cropped-cropped-agencia-grafica-2-e1657463336302-1.png","width":200,"height":208,"caption":"AGENCIA GR\u00c1FICA SPA"},"image":{"@id":"https:\/\/www.agenciagrafica.cl\/#\/schema\/logo\/image\/"}}]}},"jetpack_sharing_enabled":true,"_links":{"self":[{"href":"https:\/\/www.agenciagrafica.cl\/index.php?rest_route=\/wp\/v2\/product\/25242","targetHints":{"allow":["GET"]}}],"collection":[{"href":"https:\/\/www.agenciagrafica.cl\/index.php?rest_route=\/wp\/v2\/product"}],"about":[{"href":"https:\/\/www.agenciagrafica.cl\/index.php?rest_route=\/wp\/v2\/types\/product"}],"replies":[{"embeddable":true,"href":"https:\/\/www.agenciagrafica.cl\/index.php?rest_route=%2Fwp%2Fv2%2Fcomments&post=25242"}],"version-history":[{"count":1,"href":"https:\/\/www.agenciagrafica.cl\/index.php?rest_route=\/wp\/v2\/product\/25242\/revisions"}],"predecessor-version":[{"id":25446,"href":"https:\/\/www.agenciagrafica.cl\/index.php?rest_route=\/wp\/v2\/product\/25242\/revisions\/25446"}],"wp:featuredmedia":[{"embeddable":true,"href":"https:\/\/www.agenciagrafica.cl\/index.php?rest_route=\/wp\/v2\/media\/25445"}],"wp:attachment":[{"href":"https:\/\/www.agenciagrafica.cl\/index.php?rest_route=%2Fwp%2Fv2%2Fmedia&parent=25242"}],"wp:term":[{"taxonomy":"product_brand","embeddable":true,"href":"https:\/\/www.agenciagrafica.cl\/index.php?rest_route=%2Fwp%2Fv2%2Fproduct_brand&post=25242"},{"taxonomy":"product_cat","embeddable":true,"href":"https:\/\/www.agenciagrafica.cl\/index.php?rest_route=%2Fwp%2Fv2%2Fproduct_cat&post=25242"},{"taxonomy":"product_tag","embeddable":true,"href":"https:\/\/www.agenciagrafica.cl\/index.php?rest_route=%2Fwp%2Fv2%2Fproduct_tag&post=25242"}],"curies":[{"name":"wp","href":"https:\/\/api.w.org\/{rel}","templated":true}]}}