{"id":24545,"date":"2023-06-07T00:36:59","date_gmt":"2023-06-07T00:36:59","guid":{"rendered":"https:\/\/www.agenciagrafica.cl\/?post_type=product&#038;p=24545"},"modified":"2023-06-07T01:23:43","modified_gmt":"2023-06-07T01:23:43","slug":"libreta-white-pu-n35","status":"publish","type":"product","link":"https:\/\/www.agenciagrafica.cl\/?product=libreta-white-pu-n35","title":{"rendered":"Libreta White PU N35"},"content":{"rendered":"","protected":false},"excerpt":{"rendered":"<p><span style=\"color: #000080;\"><strong>N35<\/strong><\/span><\/p>\n<p><em>Libreta de cart\u00f3n forrado en PU s\u00edmil cuero con banda el\u00e1stica\u00a0 y marcador de libro de diferentes colores.<\/em><\/p>\n<p>80 Hojas papel beige con l\u00edneas de 80 Grs.<br \/>\nCubierta de PU de 1,5 mm.<br \/>\nCaja de 50 unidades.<\/p>\n<p>AZUL 601061030<br \/>\nROJO 601061031<br \/>\nNEGRO 601061032<\/p>\n<p><img decoding=\"async\" class=\"alignnone size-full wp-image-511\" src=\"http:\/\/imblasco.cl\/regalos\/wp-content\/uploads\/2019\/06\/serigrafia.png\" alt=\"\" width=\"71\" height=\"71\" \/>\u00a0<img decoding=\"async\" class=\"alignnone size-full wp-image-507\" src=\"http:\/\/imblasco.cl\/regalos\/wp-content\/uploads\/2019\/06\/cunoseco.png\" alt=\"\" width=\"71\" height=\"71\" \/><\/p>\n","protected":false},"featured_media":24784,"comment_status":"closed","ping_status":"closed","template":"","meta":{"site-sidebar-layout":"default","site-content-layout":"default","ast-global-header-display":"","ast-main-header-display":"","ast-hfb-above-header-display":"","ast-hfb-below-header-display":"","ast-hfb-mobile-header-display":"","site-post-title":"","ast-breadcrumbs-content":"","ast-featured-img":"","footer-sml-layout":"","theme-transparent-header-meta":"","adv-header-id-meta":"","stick-header-meta":"","header-above-stick-meta":"","header-main-stick-meta":"","header-below-stick-meta":""},"product_brand":[],"product_cat":[386,374],"product_tag":[],"class_list":{"0":"post-24545","1":"product","2":"type-product","3":"status-publish","4":"has-post-thumbnail","6":"product_cat-libretas-memo-set","7":"product_cat-regalos-premium","8":"desktop-align-left","9":"tablet-align-left","10":"mobile-align-left","12":"first","13":"instock","14":"shipping-taxable","15":"purchasable","16":"product-type-variable"},"yoast_head":"<!-- This site is optimized with the Yoast SEO plugin v24.6 - https:\/\/yoast.com\/wordpress\/plugins\/seo\/ -->\n<title>Libreta White PU N35 - AGENCIA GR\u00c1FICA SPA<\/title>\n<meta name=\"robots\" content=\"index, follow, max-snippet:-1, max-image-preview:large, max-video-preview:-1\" \/>\n<link rel=\"canonical\" href=\"https:\/\/www.agenciagrafica.cl\/?product=libreta-white-pu-n35\" \/>\n<meta property=\"og:locale\" content=\"es_ES\" \/>\n<meta property=\"og:type\" content=\"article\" \/>\n<meta property=\"og:title\" content=\"Libreta White PU N35 - AGENCIA GR\u00c1FICA SPA\" \/>\n<meta property=\"og:description\" content=\"N35  Libreta de cart\u00f3n forrado en PU s\u00edmil cuero con banda el\u00e1stica\u00a0 y marcador de libro de diferentes colores.  80 Hojas papel beige con l\u00edneas de 80 Grs. Cubierta de PU de 1,5 mm. Caja de 50 unidades.  AZUL 601061030 ROJO 601061031 NEGRO 601061032  \u00a0\" \/>\n<meta property=\"og:url\" content=\"https:\/\/www.agenciagrafica.cl\/?product=libreta-white-pu-n35\" \/>\n<meta property=\"og:site_name\" content=\"AGENCIA GR\u00c1FICA SPA\" \/>\n<meta property=\"article:modified_time\" content=\"2023-06-07T01:23:43+00:00\" \/>\n<meta name=\"twitter:card\" content=\"summary_large_image\" \/>\n<script type=\"application\/ld+json\" class=\"yoast-schema-graph\">{\"@context\":\"https:\/\/schema.org\",\"@graph\":[{\"@type\":\"WebPage\",\"@id\":\"https:\/\/www.agenciagrafica.cl\/?product=libreta-white-pu-n35\",\"url\":\"https:\/\/www.agenciagrafica.cl\/?product=libreta-white-pu-n35\",\"name\":\"Libreta White PU N35 - AGENCIA GR\u00c1FICA SPA\",\"isPartOf\":{\"@id\":\"https:\/\/www.agenciagrafica.cl\/#website\"},\"primaryImageOfPage\":{\"@id\":\"https:\/\/www.agenciagrafica.cl\/?product=libreta-white-pu-n35#primaryimage\"},\"image\":{\"@id\":\"https:\/\/www.agenciagrafica.cl\/?product=libreta-white-pu-n35#primaryimage\"},\"thumbnailUrl\":\"https:\/\/www.agenciagrafica.cl\/wp-content\/uploads\/2023\/06\/libreta_pu_simil_cuero_N35_portada.jpg\",\"datePublished\":\"2023-06-07T00:36:59+00:00\",\"dateModified\":\"2023-06-07T01:23:43+00:00\",\"breadcrumb\":{\"@id\":\"https:\/\/www.agenciagrafica.cl\/?product=libreta-white-pu-n35#breadcrumb\"},\"inLanguage\":\"es\",\"potentialAction\":[{\"@type\":\"ReadAction\",\"target\":[\"https:\/\/www.agenciagrafica.cl\/?product=libreta-white-pu-n35\"]}]},{\"@type\":\"ImageObject\",\"inLanguage\":\"es\",\"@id\":\"https:\/\/www.agenciagrafica.cl\/?product=libreta-white-pu-n35#primaryimage\",\"url\":\"https:\/\/www.agenciagrafica.cl\/wp-content\/uploads\/2023\/06\/libreta_pu_simil_cuero_N35_portada.jpg\",\"contentUrl\":\"https:\/\/www.agenciagrafica.cl\/wp-content\/uploads\/2023\/06\/libreta_pu_simil_cuero_N35_portada.jpg\",\"width\":500,\"height\":500},{\"@type\":\"BreadcrumbList\",\"@id\":\"https:\/\/www.agenciagrafica.cl\/?product=libreta-white-pu-n35#breadcrumb\",\"itemListElement\":[{\"@type\":\"ListItem\",\"position\":1,\"name\":\"Portada\",\"item\":\"https:\/\/www.agenciagrafica.cl\/\"},{\"@type\":\"ListItem\",\"position\":2,\"name\":\"Cat\u00e1logo\",\"item\":\"https:\/\/www.agenciagrafica.cl\/?page_id=1613\"},{\"@type\":\"ListItem\",\"position\":3,\"name\":\"Libreta White PU N35\"}]},{\"@type\":\"WebSite\",\"@id\":\"https:\/\/www.agenciagrafica.cl\/#website\",\"url\":\"https:\/\/www.agenciagrafica.cl\/\",\"name\":\"AGENCIA GR\u00c1FICA SPA\",\"description\":\"regalos publicitarios personalizados\",\"publisher\":{\"@id\":\"https:\/\/www.agenciagrafica.cl\/#organization\"},\"potentialAction\":[{\"@type\":\"SearchAction\",\"target\":{\"@type\":\"EntryPoint\",\"urlTemplate\":\"https:\/\/www.agenciagrafica.cl\/?s={search_term_string}\"},\"query-input\":{\"@type\":\"PropertyValueSpecification\",\"valueRequired\":true,\"valueName\":\"search_term_string\"}}],\"inLanguage\":\"es\"},{\"@type\":\"Organization\",\"@id\":\"https:\/\/www.agenciagrafica.cl\/#organization\",\"name\":\"AGENCIA GR\u00c1FICA SPA\",\"url\":\"https:\/\/www.agenciagrafica.cl\/\",\"logo\":{\"@type\":\"ImageObject\",\"inLanguage\":\"es\",\"@id\":\"https:\/\/www.agenciagrafica.cl\/#\/schema\/logo\/image\/\",\"url\":\"https:\/\/www.agenciagrafica.cl\/wp-content\/uploads\/2022\/07\/cropped-cropped-agencia-grafica-2-e1657463336302-1.png\",\"contentUrl\":\"https:\/\/www.agenciagrafica.cl\/wp-content\/uploads\/2022\/07\/cropped-cropped-agencia-grafica-2-e1657463336302-1.png\",\"width\":200,\"height\":208,\"caption\":\"AGENCIA GR\u00c1FICA SPA\"},\"image\":{\"@id\":\"https:\/\/www.agenciagrafica.cl\/#\/schema\/logo\/image\/\"}}]}<\/script>\n<!-- \/ Yoast SEO plugin. -->","yoast_head_json":{"title":"Libreta White PU N35 - AGENCIA GR\u00c1FICA SPA","robots":{"index":"index","follow":"follow","max-snippet":"max-snippet:-1","max-image-preview":"max-image-preview:large","max-video-preview":"max-video-preview:-1"},"canonical":"https:\/\/www.agenciagrafica.cl\/?product=libreta-white-pu-n35","og_locale":"es_ES","og_type":"article","og_title":"Libreta White PU N35 - AGENCIA GR\u00c1FICA SPA","og_description":"N35  Libreta de cart\u00f3n forrado en PU s\u00edmil cuero con banda el\u00e1stica\u00a0 y marcador de libro de diferentes colores.  80 Hojas papel beige con l\u00edneas de 80 Grs. Cubierta de PU de 1,5 mm. Caja de 50 unidades.  AZUL 601061030 ROJO 601061031 NEGRO 601061032  \u00a0","og_url":"https:\/\/www.agenciagrafica.cl\/?product=libreta-white-pu-n35","og_site_name":"AGENCIA GR\u00c1FICA SPA","article_modified_time":"2023-06-07T01:23:43+00:00","twitter_card":"summary_large_image","schema":{"@context":"https:\/\/schema.org","@graph":[{"@type":"WebPage","@id":"https:\/\/www.agenciagrafica.cl\/?product=libreta-white-pu-n35","url":"https:\/\/www.agenciagrafica.cl\/?product=libreta-white-pu-n35","name":"Libreta White PU N35 - AGENCIA GR\u00c1FICA SPA","isPartOf":{"@id":"https:\/\/www.agenciagrafica.cl\/#website"},"primaryImageOfPage":{"@id":"https:\/\/www.agenciagrafica.cl\/?product=libreta-white-pu-n35#primaryimage"},"image":{"@id":"https:\/\/www.agenciagrafica.cl\/?product=libreta-white-pu-n35#primaryimage"},"thumbnailUrl":"https:\/\/www.agenciagrafica.cl\/wp-content\/uploads\/2023\/06\/libreta_pu_simil_cuero_N35_portada.jpg","datePublished":"2023-06-07T00:36:59+00:00","dateModified":"2023-06-07T01:23:43+00:00","breadcrumb":{"@id":"https:\/\/www.agenciagrafica.cl\/?product=libreta-white-pu-n35#breadcrumb"},"inLanguage":"es","potentialAction":[{"@type":"ReadAction","target":["https:\/\/www.agenciagrafica.cl\/?product=libreta-white-pu-n35"]}]},{"@type":"ImageObject","inLanguage":"es","@id":"https:\/\/www.agenciagrafica.cl\/?product=libreta-white-pu-n35#primaryimage","url":"https:\/\/www.agenciagrafica.cl\/wp-content\/uploads\/2023\/06\/libreta_pu_simil_cuero_N35_portada.jpg","contentUrl":"https:\/\/www.agenciagrafica.cl\/wp-content\/uploads\/2023\/06\/libreta_pu_simil_cuero_N35_portada.jpg","width":500,"height":500},{"@type":"BreadcrumbList","@id":"https:\/\/www.agenciagrafica.cl\/?product=libreta-white-pu-n35#breadcrumb","itemListElement":[{"@type":"ListItem","position":1,"name":"Portada","item":"https:\/\/www.agenciagrafica.cl\/"},{"@type":"ListItem","position":2,"name":"Cat\u00e1logo","item":"https:\/\/www.agenciagrafica.cl\/?page_id=1613"},{"@type":"ListItem","position":3,"name":"Libreta White PU N35"}]},{"@type":"WebSite","@id":"https:\/\/www.agenciagrafica.cl\/#website","url":"https:\/\/www.agenciagrafica.cl\/","name":"AGENCIA GR\u00c1FICA SPA","description":"regalos publicitarios personalizados","publisher":{"@id":"https:\/\/www.agenciagrafica.cl\/#organization"},"potentialAction":[{"@type":"SearchAction","target":{"@type":"EntryPoint","urlTemplate":"https:\/\/www.agenciagrafica.cl\/?s={search_term_string}"},"query-input":{"@type":"PropertyValueSpecification","valueRequired":true,"valueName":"search_term_string"}}],"inLanguage":"es"},{"@type":"Organization","@id":"https:\/\/www.agenciagrafica.cl\/#organization","name":"AGENCIA GR\u00c1FICA SPA","url":"https:\/\/www.agenciagrafica.cl\/","logo":{"@type":"ImageObject","inLanguage":"es","@id":"https:\/\/www.agenciagrafica.cl\/#\/schema\/logo\/image\/","url":"https:\/\/www.agenciagrafica.cl\/wp-content\/uploads\/2022\/07\/cropped-cropped-agencia-grafica-2-e1657463336302-1.png","contentUrl":"https:\/\/www.agenciagrafica.cl\/wp-content\/uploads\/2022\/07\/cropped-cropped-agencia-grafica-2-e1657463336302-1.png","width":200,"height":208,"caption":"AGENCIA GR\u00c1FICA SPA"},"image":{"@id":"https:\/\/www.agenciagrafica.cl\/#\/schema\/logo\/image\/"}}]}},"jetpack_sharing_enabled":true,"_links":{"self":[{"href":"https:\/\/www.agenciagrafica.cl\/index.php?rest_route=\/wp\/v2\/product\/24545","targetHints":{"allow":["GET"]}}],"collection":[{"href":"https:\/\/www.agenciagrafica.cl\/index.php?rest_route=\/wp\/v2\/product"}],"about":[{"href":"https:\/\/www.agenciagrafica.cl\/index.php?rest_route=\/wp\/v2\/types\/product"}],"replies":[{"embeddable":true,"href":"https:\/\/www.agenciagrafica.cl\/index.php?rest_route=%2Fwp%2Fv2%2Fcomments&post=24545"}],"version-history":[{"count":1,"href":"https:\/\/www.agenciagrafica.cl\/index.php?rest_route=\/wp\/v2\/product\/24545\/revisions"}],"predecessor-version":[{"id":24788,"href":"https:\/\/www.agenciagrafica.cl\/index.php?rest_route=\/wp\/v2\/product\/24545\/revisions\/24788"}],"wp:featuredmedia":[{"embeddable":true,"href":"https:\/\/www.agenciagrafica.cl\/index.php?rest_route=\/wp\/v2\/media\/24784"}],"wp:attachment":[{"href":"https:\/\/www.agenciagrafica.cl\/index.php?rest_route=%2Fwp%2Fv2%2Fmedia&parent=24545"}],"wp:term":[{"taxonomy":"product_brand","embeddable":true,"href":"https:\/\/www.agenciagrafica.cl\/index.php?rest_route=%2Fwp%2Fv2%2Fproduct_brand&post=24545"},{"taxonomy":"product_cat","embeddable":true,"href":"https:\/\/www.agenciagrafica.cl\/index.php?rest_route=%2Fwp%2Fv2%2Fproduct_cat&post=24545"},{"taxonomy":"product_tag","embeddable":true,"href":"https:\/\/www.agenciagrafica.cl\/index.php?rest_route=%2Fwp%2Fv2%2Fproduct_tag&post=24545"}],"curies":[{"name":"wp","href":"https:\/\/api.w.org\/{rel}","templated":true}]}}