{"id":24460,"date":"2023-06-07T00:36:03","date_gmt":"2023-06-07T00:36:03","guid":{"rendered":"https:\/\/www.agenciagrafica.cl\/?post_type=product&#038;p=24460"},"modified":"2023-06-07T01:14:26","modified_gmt":"2023-06-07T01:14:26","slug":"mug-ceramica-summer-m40","status":"publish","type":"product","link":"https:\/\/www.agenciagrafica.cl\/?product=mug-ceramica-summer-m40","title":{"rendered":"Mug Cer\u00e1mica Summer M40"},"content":{"rendered":"","protected":false},"excerpt":{"rendered":"<p><span style=\"color: #000080;\"><strong>M40<\/strong><\/span><\/p>\n<p><em>Mug de cer\u00e1mica con tapa y grip texturado de silicona. Capacidad de 400ml.<\/em><\/p>\n<p>Presentaci\u00f3n en caja de cart\u00f3n negra.<br \/>\nCaja de 36 unidades.<\/p>\n<p>ROJO 601063250<br \/>\nAZUL 601063251<br \/>\nNEGRO 601053252<\/p>\n<p>MORADO 601053253<\/p>\n<p>AMARILLO 601053254<br \/>\nVERDE PIST 601053255<br \/>\nNARANJO 601053256<\/p>\n<p><strong><img decoding=\"async\" class=\"alignnone size-full wp-image-511\" src=\"http:\/\/imblasco.cl\/regalos\/wp-content\/uploads\/2019\/06\/serigrafia.png\" alt=\"\" width=\"71\" height=\"71\" \/>\u00a0<\/strong><\/p>\n","protected":false},"featured_media":24659,"comment_status":"closed","ping_status":"closed","template":"","meta":{"site-sidebar-layout":"default","site-content-layout":"default","ast-global-header-display":"","ast-main-header-display":"","ast-hfb-above-header-display":"","ast-hfb-below-header-display":"","ast-hfb-mobile-header-display":"","site-post-title":"","ast-breadcrumbs-content":"","ast-featured-img":"","footer-sml-layout":"","theme-transparent-header-meta":"","adv-header-id-meta":"","stick-header-meta":"","header-above-stick-meta":"","header-main-stick-meta":"","header-below-stick-meta":""},"product_brand":[],"product_cat":[377],"product_tag":[],"class_list":{"0":"post-24460","1":"product","2":"type-product","3":"status-publish","4":"has-post-thumbnail","6":"product_cat-botellas-mugs-tazones-termos","7":"desktop-align-left","8":"tablet-align-left","9":"mobile-align-left","11":"first","12":"instock","13":"shipping-taxable","14":"purchasable","15":"product-type-variable"},"yoast_head":"<!-- This site is optimized with the Yoast SEO plugin v24.6 - https:\/\/yoast.com\/wordpress\/plugins\/seo\/ -->\n<title>Mug Cer\u00e1mica Summer M40 - AGENCIA GR\u00c1FICA SPA<\/title>\n<meta name=\"robots\" content=\"index, follow, max-snippet:-1, max-image-preview:large, max-video-preview:-1\" \/>\n<link rel=\"canonical\" href=\"https:\/\/www.agenciagrafica.cl\/?product=mug-ceramica-summer-m40\" \/>\n<meta property=\"og:locale\" content=\"es_ES\" \/>\n<meta property=\"og:type\" content=\"article\" \/>\n<meta property=\"og:title\" content=\"Mug Cer\u00e1mica Summer M40 - AGENCIA GR\u00c1FICA SPA\" \/>\n<meta property=\"og:description\" content=\"M40  Mug de cer\u00e1mica con tapa y grip texturado de silicona. Capacidad de 400ml.  Presentaci\u00f3n en caja de cart\u00f3n negra. Caja de 36 unidades.  ROJO 601063250 AZUL 601063251 NEGRO 601053252  MORADO 601053253  AMARILLO 601053254 VERDE PIST 601053255 NARANJO 601053256  \u00a0\" \/>\n<meta property=\"og:url\" content=\"https:\/\/www.agenciagrafica.cl\/?product=mug-ceramica-summer-m40\" \/>\n<meta property=\"og:site_name\" content=\"AGENCIA GR\u00c1FICA SPA\" \/>\n<meta property=\"article:modified_time\" content=\"2023-06-07T01:14:26+00:00\" \/>\n<meta name=\"twitter:card\" content=\"summary_large_image\" \/>\n<script type=\"application\/ld+json\" class=\"yoast-schema-graph\">{\"@context\":\"https:\/\/schema.org\",\"@graph\":[{\"@type\":\"WebPage\",\"@id\":\"https:\/\/www.agenciagrafica.cl\/?product=mug-ceramica-summer-m40\",\"url\":\"https:\/\/www.agenciagrafica.cl\/?product=mug-ceramica-summer-m40\",\"name\":\"Mug Cer\u00e1mica Summer M40 - AGENCIA GR\u00c1FICA SPA\",\"isPartOf\":{\"@id\":\"https:\/\/www.agenciagrafica.cl\/#website\"},\"primaryImageOfPage\":{\"@id\":\"https:\/\/www.agenciagrafica.cl\/?product=mug-ceramica-summer-m40#primaryimage\"},\"image\":{\"@id\":\"https:\/\/www.agenciagrafica.cl\/?product=mug-ceramica-summer-m40#primaryimage\"},\"thumbnailUrl\":\"https:\/\/www.agenciagrafica.cl\/wp-content\/uploads\/2023\/06\/vaso_mug_ceramica_m40_portada.jpg\",\"datePublished\":\"2023-06-07T00:36:03+00:00\",\"dateModified\":\"2023-06-07T01:14:26+00:00\",\"breadcrumb\":{\"@id\":\"https:\/\/www.agenciagrafica.cl\/?product=mug-ceramica-summer-m40#breadcrumb\"},\"inLanguage\":\"es\",\"potentialAction\":[{\"@type\":\"ReadAction\",\"target\":[\"https:\/\/www.agenciagrafica.cl\/?product=mug-ceramica-summer-m40\"]}]},{\"@type\":\"ImageObject\",\"inLanguage\":\"es\",\"@id\":\"https:\/\/www.agenciagrafica.cl\/?product=mug-ceramica-summer-m40#primaryimage\",\"url\":\"https:\/\/www.agenciagrafica.cl\/wp-content\/uploads\/2023\/06\/vaso_mug_ceramica_m40_portada.jpg\",\"contentUrl\":\"https:\/\/www.agenciagrafica.cl\/wp-content\/uploads\/2023\/06\/vaso_mug_ceramica_m40_portada.jpg\",\"width\":600,\"height\":600},{\"@type\":\"BreadcrumbList\",\"@id\":\"https:\/\/www.agenciagrafica.cl\/?product=mug-ceramica-summer-m40#breadcrumb\",\"itemListElement\":[{\"@type\":\"ListItem\",\"position\":1,\"name\":\"Portada\",\"item\":\"https:\/\/www.agenciagrafica.cl\/\"},{\"@type\":\"ListItem\",\"position\":2,\"name\":\"Cat\u00e1logo\",\"item\":\"https:\/\/www.agenciagrafica.cl\/?page_id=1613\"},{\"@type\":\"ListItem\",\"position\":3,\"name\":\"Mug Cer\u00e1mica Summer M40\"}]},{\"@type\":\"WebSite\",\"@id\":\"https:\/\/www.agenciagrafica.cl\/#website\",\"url\":\"https:\/\/www.agenciagrafica.cl\/\",\"name\":\"AGENCIA GR\u00c1FICA SPA\",\"description\":\"regalos publicitarios personalizados\",\"publisher\":{\"@id\":\"https:\/\/www.agenciagrafica.cl\/#organization\"},\"potentialAction\":[{\"@type\":\"SearchAction\",\"target\":{\"@type\":\"EntryPoint\",\"urlTemplate\":\"https:\/\/www.agenciagrafica.cl\/?s={search_term_string}\"},\"query-input\":{\"@type\":\"PropertyValueSpecification\",\"valueRequired\":true,\"valueName\":\"search_term_string\"}}],\"inLanguage\":\"es\"},{\"@type\":\"Organization\",\"@id\":\"https:\/\/www.agenciagrafica.cl\/#organization\",\"name\":\"AGENCIA GR\u00c1FICA SPA\",\"url\":\"https:\/\/www.agenciagrafica.cl\/\",\"logo\":{\"@type\":\"ImageObject\",\"inLanguage\":\"es\",\"@id\":\"https:\/\/www.agenciagrafica.cl\/#\/schema\/logo\/image\/\",\"url\":\"https:\/\/www.agenciagrafica.cl\/wp-content\/uploads\/2022\/07\/cropped-cropped-agencia-grafica-2-e1657463336302-1.png\",\"contentUrl\":\"https:\/\/www.agenciagrafica.cl\/wp-content\/uploads\/2022\/07\/cropped-cropped-agencia-grafica-2-e1657463336302-1.png\",\"width\":200,\"height\":208,\"caption\":\"AGENCIA GR\u00c1FICA SPA\"},\"image\":{\"@id\":\"https:\/\/www.agenciagrafica.cl\/#\/schema\/logo\/image\/\"}}]}<\/script>\n<!-- \/ Yoast SEO plugin. -->","yoast_head_json":{"title":"Mug Cer\u00e1mica Summer M40 - AGENCIA GR\u00c1FICA SPA","robots":{"index":"index","follow":"follow","max-snippet":"max-snippet:-1","max-image-preview":"max-image-preview:large","max-video-preview":"max-video-preview:-1"},"canonical":"https:\/\/www.agenciagrafica.cl\/?product=mug-ceramica-summer-m40","og_locale":"es_ES","og_type":"article","og_title":"Mug Cer\u00e1mica Summer M40 - AGENCIA GR\u00c1FICA SPA","og_description":"M40  Mug de cer\u00e1mica con tapa y grip texturado de silicona. Capacidad de 400ml.  Presentaci\u00f3n en caja de cart\u00f3n negra. Caja de 36 unidades.  ROJO 601063250 AZUL 601063251 NEGRO 601053252  MORADO 601053253  AMARILLO 601053254 VERDE PIST 601053255 NARANJO 601053256  \u00a0","og_url":"https:\/\/www.agenciagrafica.cl\/?product=mug-ceramica-summer-m40","og_site_name":"AGENCIA GR\u00c1FICA SPA","article_modified_time":"2023-06-07T01:14:26+00:00","twitter_card":"summary_large_image","schema":{"@context":"https:\/\/schema.org","@graph":[{"@type":"WebPage","@id":"https:\/\/www.agenciagrafica.cl\/?product=mug-ceramica-summer-m40","url":"https:\/\/www.agenciagrafica.cl\/?product=mug-ceramica-summer-m40","name":"Mug Cer\u00e1mica Summer M40 - AGENCIA GR\u00c1FICA SPA","isPartOf":{"@id":"https:\/\/www.agenciagrafica.cl\/#website"},"primaryImageOfPage":{"@id":"https:\/\/www.agenciagrafica.cl\/?product=mug-ceramica-summer-m40#primaryimage"},"image":{"@id":"https:\/\/www.agenciagrafica.cl\/?product=mug-ceramica-summer-m40#primaryimage"},"thumbnailUrl":"https:\/\/www.agenciagrafica.cl\/wp-content\/uploads\/2023\/06\/vaso_mug_ceramica_m40_portada.jpg","datePublished":"2023-06-07T00:36:03+00:00","dateModified":"2023-06-07T01:14:26+00:00","breadcrumb":{"@id":"https:\/\/www.agenciagrafica.cl\/?product=mug-ceramica-summer-m40#breadcrumb"},"inLanguage":"es","potentialAction":[{"@type":"ReadAction","target":["https:\/\/www.agenciagrafica.cl\/?product=mug-ceramica-summer-m40"]}]},{"@type":"ImageObject","inLanguage":"es","@id":"https:\/\/www.agenciagrafica.cl\/?product=mug-ceramica-summer-m40#primaryimage","url":"https:\/\/www.agenciagrafica.cl\/wp-content\/uploads\/2023\/06\/vaso_mug_ceramica_m40_portada.jpg","contentUrl":"https:\/\/www.agenciagrafica.cl\/wp-content\/uploads\/2023\/06\/vaso_mug_ceramica_m40_portada.jpg","width":600,"height":600},{"@type":"BreadcrumbList","@id":"https:\/\/www.agenciagrafica.cl\/?product=mug-ceramica-summer-m40#breadcrumb","itemListElement":[{"@type":"ListItem","position":1,"name":"Portada","item":"https:\/\/www.agenciagrafica.cl\/"},{"@type":"ListItem","position":2,"name":"Cat\u00e1logo","item":"https:\/\/www.agenciagrafica.cl\/?page_id=1613"},{"@type":"ListItem","position":3,"name":"Mug Cer\u00e1mica Summer M40"}]},{"@type":"WebSite","@id":"https:\/\/www.agenciagrafica.cl\/#website","url":"https:\/\/www.agenciagrafica.cl\/","name":"AGENCIA GR\u00c1FICA SPA","description":"regalos publicitarios personalizados","publisher":{"@id":"https:\/\/www.agenciagrafica.cl\/#organization"},"potentialAction":[{"@type":"SearchAction","target":{"@type":"EntryPoint","urlTemplate":"https:\/\/www.agenciagrafica.cl\/?s={search_term_string}"},"query-input":{"@type":"PropertyValueSpecification","valueRequired":true,"valueName":"search_term_string"}}],"inLanguage":"es"},{"@type":"Organization","@id":"https:\/\/www.agenciagrafica.cl\/#organization","name":"AGENCIA GR\u00c1FICA SPA","url":"https:\/\/www.agenciagrafica.cl\/","logo":{"@type":"ImageObject","inLanguage":"es","@id":"https:\/\/www.agenciagrafica.cl\/#\/schema\/logo\/image\/","url":"https:\/\/www.agenciagrafica.cl\/wp-content\/uploads\/2022\/07\/cropped-cropped-agencia-grafica-2-e1657463336302-1.png","contentUrl":"https:\/\/www.agenciagrafica.cl\/wp-content\/uploads\/2022\/07\/cropped-cropped-agencia-grafica-2-e1657463336302-1.png","width":200,"height":208,"caption":"AGENCIA GR\u00c1FICA SPA"},"image":{"@id":"https:\/\/www.agenciagrafica.cl\/#\/schema\/logo\/image\/"}}]}},"jetpack_sharing_enabled":true,"_links":{"self":[{"href":"https:\/\/www.agenciagrafica.cl\/index.php?rest_route=\/wp\/v2\/product\/24460","targetHints":{"allow":["GET"]}}],"collection":[{"href":"https:\/\/www.agenciagrafica.cl\/index.php?rest_route=\/wp\/v2\/product"}],"about":[{"href":"https:\/\/www.agenciagrafica.cl\/index.php?rest_route=\/wp\/v2\/types\/product"}],"replies":[{"embeddable":true,"href":"https:\/\/www.agenciagrafica.cl\/index.php?rest_route=%2Fwp%2Fv2%2Fcomments&post=24460"}],"version-history":[{"count":1,"href":"https:\/\/www.agenciagrafica.cl\/index.php?rest_route=\/wp\/v2\/product\/24460\/revisions"}],"predecessor-version":[{"id":24667,"href":"https:\/\/www.agenciagrafica.cl\/index.php?rest_route=\/wp\/v2\/product\/24460\/revisions\/24667"}],"wp:featuredmedia":[{"embeddable":true,"href":"https:\/\/www.agenciagrafica.cl\/index.php?rest_route=\/wp\/v2\/media\/24659"}],"wp:attachment":[{"href":"https:\/\/www.agenciagrafica.cl\/index.php?rest_route=%2Fwp%2Fv2%2Fmedia&parent=24460"}],"wp:term":[{"taxonomy":"product_brand","embeddable":true,"href":"https:\/\/www.agenciagrafica.cl\/index.php?rest_route=%2Fwp%2Fv2%2Fproduct_brand&post=24460"},{"taxonomy":"product_cat","embeddable":true,"href":"https:\/\/www.agenciagrafica.cl\/index.php?rest_route=%2Fwp%2Fv2%2Fproduct_cat&post=24460"},{"taxonomy":"product_tag","embeddable":true,"href":"https:\/\/www.agenciagrafica.cl\/index.php?rest_route=%2Fwp%2Fv2%2Fproduct_tag&post=24460"}],"curies":[{"name":"wp","href":"https:\/\/api.w.org\/{rel}","templated":true}]}}