{"id":20487,"date":"2022-07-07T01:43:37","date_gmt":"2022-07-07T01:43:37","guid":{"rendered":"https:\/\/www.agenciagrafica.cl\/producto\/vaso-antibacteriano-koton\/"},"modified":"2022-07-07T01:43:37","modified_gmt":"2022-07-07T01:43:37","slug":"vaso-antibacteriano-koton","status":"publish","type":"product","link":"https:\/\/www.agenciagrafica.cl\/?product=vaso-antibacteriano-koton","title":{"rendered":"Vaso Antibacteriano Koton"},"content":{"rendered":"<table cellspacing='0' cellpadding='0' style='border:none' width=500px>\n<tr>\n<th style='text-align:left; background-color:#696969; border: 1px solid #696969; color:#fff;' colspan='2'>CARACTER\u00cdSTICAS<\/th>\n<\/tr>\n<tr>\n<td style='text-align:left; border: 1px solid #696969;'>Composici\u00f3n<\/td>\n<td style='text-align:left; border: 1px solid #696969;'>PP<\/td>\n<\/tr>\n<tr>\n<td style='text-align:left; border: 1px solid #696969;'>Especificaciones art\u00edculo<\/td>\n<td style='text-align:left; border: 1px solid #696969;'>Di\u00e1metro: 9.3 cm, alto: 13.4 cm | Peso: 80 gr<\/td>\n<\/tr>\n<tr>\n<td style='text-align:left; border: 1px solid #696969;'>Packaging: alto (cm)<\/td>\n<td style='text-align:left; border: 1px solid #696969;'>37.5<\/td>\n<\/tr>\n<tr>\n<td style='text-align:left; border: 1px solid #696969;'>Packaging: largo (cm) <\/td>\n<td style='text-align:left; border: 1px solid #696969;'>37.5<\/td>\n<\/tr>\n<tr>\n<td style='text-align:left; border: 1px solid #696969;'>Packaging: ancho (cm) <\/td>\n<td style='text-align:left; border: 1px solid #696969;'>25.5<\/td>\n<\/tr>\n<tr>\n<td style='text-align:left; border: 1px solid #696969;'>Peso caja (Kgr)<\/td>\n<td style='text-align:left; border: 1px solid #696969;'>4.8<\/td>\n<\/tr>\n<tr>\n<td style='text-align:left; border: 1px solid #696969;'>Unidades\/caja<\/td>\n<td style='text-align:left; border: 1px solid #696969;'>50<\/td>\n<\/tr>\n<\/table>\n<p>&nbsp;<\/p>\n<table cellspacing='0' cellpadding='0' style='border:none' width=500px>\n<tr>\n<th style='text-align:center; background-color:#696969; border: 1px solid #696969; color:#fff;'>MARCAJE<\/th>\n<\/tr>\n<tr>\n<td><a href='http:\/\/makito.es\/WebRoot\/Store\/Shops\/Makito\/5F45\/3448\/3C09\/551A\/A1D5\/0A6E\/0368\/E12C\/6707-A1.jpg'>SERIGRAF\u00cdA F: ALREDEDOR DEL VASO.max: 20&#215;6 cm<\/a><\/td>\n<\/tr>\n<tr>\n<td><a href='http:\/\/makito.es\/WebRoot\/Store\/Shops\/Makito\/5F45\/3448\/3C09\/551A\/A1D5\/0A6E\/0368\/E12C\/6707-A2.jpg'>DIGITAL W1 (-5  CM2): EN EL FRENTE DEL VASO.max: 2.5&#215;2 cm<\/a><\/td>\n<\/tr>\n<tr>\n<td><a href='http:\/\/makito.es\/WebRoot\/Store\/Shops\/Makito\/5F45\/3448\/3C09\/551A\/A1D5\/0A6E\/0368\/E12C\/6707-A3.jpg'>DIGITAL W2 (-10  CM2): EN EL FRENTE DEL VASO.max: 3&#215;3 cm<\/a><\/td>\n<\/tr>\n<tr>\n<td><a href='http:\/\/makito.es\/WebRoot\/Store\/Shops\/Makito\/5F45\/3448\/3C09\/551A\/A1D5\/0A6E\/0368\/E12C\/6707-A4.jpg'>DIGITAL W3 (-25  CM2): EN EL FRENTE DEL VASO.max: 5&#215;5 cm<\/a><\/td>\n<\/tr>\n<tr>\n<td><a href='http:\/\/makito.es\/WebRoot\/Store\/Shops\/Makito\/5F45\/3448\/3C09\/551A\/A1D5\/0A6E\/0368\/E12C\/6707-A5.jpg'>DIGITAL W4 (-50  CM2): EN EL FRENTE DEL VASO.max: 8&#215;6 cm<\/a><\/td>\n<\/tr>\n<tr>\n<td><a href='http:\/\/makito.es\/WebRoot\/Store\/Shops\/Makito\/5F45\/3448\/3C09\/551A\/A1D5\/0A6E\/0368\/E12C\/6707-A6.jpg'>DIGITAL W5 (-100  CM2): ALREDEDOR DEL VASO.max: 16.5&#215;6 cm<\/a><\/td>\n<\/tr>\n<tr>\n<td><a href='http:\/\/makito.es\/WebRoot\/Store\/Shops\/Makito\/5F45\/3448\/3C09\/551A\/A1D5\/0A6E\/0368\/E12C\/6707-A7.jpg'>DIGITAL W6 (-150  CM2): ALREDEDOR DEL VASO.max: 22&#215;6 cm<\/a><\/td>\n<\/tr>\n<\/table>\n","protected":false},"excerpt":{"rendered":"<p>Vaso antibacteriano en resistente material PP de acabado s\u00f3lido y libre de BPA. 450 ml de capacidad, con tapa dosificador de seguridad. Presentada en bolsa individual.  Los productos con tratamientos antibacterianos son capaces de reducir dr\u00e1sticamente las cargas bacterianas presentes en las superficies de los materiales, gracias a la incorporaci\u00f3n de agentes microbianos permanentes est\u00e1ticos, con alta efectividad para inhibir y prevenir la contaminaci\u00f3n bacteriana.  Art\u00edculo de acuerdo al est\u00e1ndar ISO 22196, que determina la actividad antibacteriana en materiales pl\u00e1sticos y superficies no porosas, lo que permite conocer la efectividad de inhibici\u00f3n microbiana que tienen los aditivos sobre los objetos tratados mediante una evaluaci\u00f3n cuantitativa. 450 ml<\/p>\n","protected":false},"featured_media":20482,"comment_status":"open","ping_status":"closed","template":"","meta":{"site-sidebar-layout":"default","site-content-layout":"default","ast-global-header-display":"","ast-main-header-display":"","ast-hfb-above-header-display":"","ast-hfb-below-header-display":"","ast-hfb-mobile-header-display":"","site-post-title":"","ast-breadcrumbs-content":"","ast-featured-img":"","footer-sml-layout":"","theme-transparent-header-meta":"","adv-header-id-meta":"","stick-header-meta":"","header-above-stick-meta":"","header-main-stick-meta":"","header-below-stick-meta":""},"product_brand":[],"product_cat":[287],"product_tag":[],"class_list":{"0":"post-20487","1":"product","2":"type-product","3":"status-publish","4":"has-post-thumbnail","6":"product_cat-novedades","7":"desktop-align-left","8":"tablet-align-left","9":"mobile-align-left","11":"first","12":"instock","13":"shipping-taxable","14":"product-type-simple"},"yoast_head":"<!-- This site is optimized with the Yoast SEO plugin v24.6 - https:\/\/yoast.com\/wordpress\/plugins\/seo\/ -->\n<title>Vaso Antibacteriano Koton - AGENCIA GR\u00c1FICA SPA<\/title>\n<meta name=\"robots\" content=\"index, follow, max-snippet:-1, max-image-preview:large, max-video-preview:-1\" \/>\n<link rel=\"canonical\" href=\"https:\/\/www.agenciagrafica.cl\/producto\/vaso-antibacteriano-koton\/\" \/>\n<meta property=\"og:locale\" content=\"es_ES\" \/>\n<meta property=\"og:type\" content=\"article\" \/>\n<meta property=\"og:title\" content=\"Vaso Antibacteriano Koton - AGENCIA GR\u00c1FICA SPA\" \/>\n<meta property=\"og:description\" content=\"Vaso antibacteriano en resistente material PP de acabado s\u00f3lido y libre de BPA. 450 ml de capacidad, con tapa dosificador de seguridad. Presentada en bolsa individual. Los productos con tratamientos antibacterianos son capaces de reducir dr\u00e1sticamente las cargas bacterianas presentes en las superficies de los materiales, gracias a la incorporaci\u00f3n de agentes microbianos permanentes est\u00e1ticos, con alta efectividad para inhibir y prevenir la contaminaci\u00f3n bacteriana. Art\u00edculo de acuerdo al est\u00e1ndar ISO 22196, que determina la actividad antibacteriana en materiales pl\u00e1sticos y superficies no porosas, lo que permite conocer la efectividad de inhibici\u00f3n microbiana que tienen los aditivos sobre los objetos tratados mediante una evaluaci\u00f3n cuantitativa. 450 ml\" \/>\n<meta property=\"og:url\" content=\"https:\/\/www.agenciagrafica.cl\/producto\/vaso-antibacteriano-koton\/\" \/>\n<meta property=\"og:site_name\" content=\"AGENCIA GR\u00c1FICA SPA\" \/>\n<meta name=\"twitter:card\" content=\"summary_large_image\" \/>\n<script type=\"application\/ld+json\" class=\"yoast-schema-graph\">{\"@context\":\"https:\/\/schema.org\",\"@graph\":[{\"@type\":\"WebPage\",\"@id\":\"https:\/\/www.agenciagrafica.cl\/producto\/vaso-antibacteriano-koton\/\",\"url\":\"https:\/\/www.agenciagrafica.cl\/producto\/vaso-antibacteriano-koton\/\",\"name\":\"Vaso Antibacteriano Koton - AGENCIA GR\u00c1FICA SPA\",\"isPartOf\":{\"@id\":\"https:\/\/www.agenciagrafica.cl\/#website\"},\"primaryImageOfPage\":{\"@id\":\"https:\/\/www.agenciagrafica.cl\/producto\/vaso-antibacteriano-koton\/#primaryimage\"},\"image\":{\"@id\":\"https:\/\/www.agenciagrafica.cl\/producto\/vaso-antibacteriano-koton\/#primaryimage\"},\"thumbnailUrl\":\"https:\/\/www.agenciagrafica.cl\/wp-content\/uploads\/2022\/07\/24235.jpg\",\"datePublished\":\"2022-07-07T01:43:37+00:00\",\"breadcrumb\":{\"@id\":\"https:\/\/www.agenciagrafica.cl\/producto\/vaso-antibacteriano-koton\/#breadcrumb\"},\"inLanguage\":\"es\",\"potentialAction\":[{\"@type\":\"ReadAction\",\"target\":[\"https:\/\/www.agenciagrafica.cl\/producto\/vaso-antibacteriano-koton\/\"]}]},{\"@type\":\"ImageObject\",\"inLanguage\":\"es\",\"@id\":\"https:\/\/www.agenciagrafica.cl\/producto\/vaso-antibacteriano-koton\/#primaryimage\",\"url\":\"https:\/\/www.agenciagrafica.cl\/wp-content\/uploads\/2022\/07\/24235.jpg\",\"contentUrl\":\"https:\/\/www.agenciagrafica.cl\/wp-content\/uploads\/2022\/07\/24235.jpg\",\"width\":1000,\"height\":1000},{\"@type\":\"BreadcrumbList\",\"@id\":\"https:\/\/www.agenciagrafica.cl\/producto\/vaso-antibacteriano-koton\/#breadcrumb\",\"itemListElement\":[{\"@type\":\"ListItem\",\"position\":1,\"name\":\"Portada\",\"item\":\"https:\/\/www.agenciagrafica.cl\/\"},{\"@type\":\"ListItem\",\"position\":2,\"name\":\"Cat\u00e1logo\",\"item\":\"https:\/\/www.agenciagrafica.cl\/?page_id=1613\"},{\"@type\":\"ListItem\",\"position\":3,\"name\":\"Vaso Antibacteriano Koton\"}]},{\"@type\":\"WebSite\",\"@id\":\"https:\/\/www.agenciagrafica.cl\/#website\",\"url\":\"https:\/\/www.agenciagrafica.cl\/\",\"name\":\"AGENCIA GR\u00c1FICA SPA\",\"description\":\"regalos publicitarios personalizados\",\"publisher\":{\"@id\":\"https:\/\/www.agenciagrafica.cl\/#organization\"},\"potentialAction\":[{\"@type\":\"SearchAction\",\"target\":{\"@type\":\"EntryPoint\",\"urlTemplate\":\"https:\/\/www.agenciagrafica.cl\/?s={search_term_string}\"},\"query-input\":{\"@type\":\"PropertyValueSpecification\",\"valueRequired\":true,\"valueName\":\"search_term_string\"}}],\"inLanguage\":\"es\"},{\"@type\":\"Organization\",\"@id\":\"https:\/\/www.agenciagrafica.cl\/#organization\",\"name\":\"AGENCIA GR\u00c1FICA SPA\",\"url\":\"https:\/\/www.agenciagrafica.cl\/\",\"logo\":{\"@type\":\"ImageObject\",\"inLanguage\":\"es\",\"@id\":\"https:\/\/www.agenciagrafica.cl\/#\/schema\/logo\/image\/\",\"url\":\"https:\/\/www.agenciagrafica.cl\/wp-content\/uploads\/2022\/07\/cropped-cropped-agencia-grafica-2-e1657463336302-1.png\",\"contentUrl\":\"https:\/\/www.agenciagrafica.cl\/wp-content\/uploads\/2022\/07\/cropped-cropped-agencia-grafica-2-e1657463336302-1.png\",\"width\":200,\"height\":208,\"caption\":\"AGENCIA GR\u00c1FICA SPA\"},\"image\":{\"@id\":\"https:\/\/www.agenciagrafica.cl\/#\/schema\/logo\/image\/\"}}]}<\/script>\n<!-- \/ Yoast SEO plugin. -->","yoast_head_json":{"title":"Vaso Antibacteriano Koton - AGENCIA GR\u00c1FICA SPA","robots":{"index":"index","follow":"follow","max-snippet":"max-snippet:-1","max-image-preview":"max-image-preview:large","max-video-preview":"max-video-preview:-1"},"canonical":"https:\/\/www.agenciagrafica.cl\/producto\/vaso-antibacteriano-koton\/","og_locale":"es_ES","og_type":"article","og_title":"Vaso Antibacteriano Koton - AGENCIA GR\u00c1FICA SPA","og_description":"Vaso antibacteriano en resistente material PP de acabado s\u00f3lido y libre de BPA. 450 ml de capacidad, con tapa dosificador de seguridad. Presentada en bolsa individual. Los productos con tratamientos antibacterianos son capaces de reducir dr\u00e1sticamente las cargas bacterianas presentes en las superficies de los materiales, gracias a la incorporaci\u00f3n de agentes microbianos permanentes est\u00e1ticos, con alta efectividad para inhibir y prevenir la contaminaci\u00f3n bacteriana. Art\u00edculo de acuerdo al est\u00e1ndar ISO 22196, que determina la actividad antibacteriana en materiales pl\u00e1sticos y superficies no porosas, lo que permite conocer la efectividad de inhibici\u00f3n microbiana que tienen los aditivos sobre los objetos tratados mediante una evaluaci\u00f3n cuantitativa. 450 ml","og_url":"https:\/\/www.agenciagrafica.cl\/producto\/vaso-antibacteriano-koton\/","og_site_name":"AGENCIA GR\u00c1FICA SPA","twitter_card":"summary_large_image","schema":{"@context":"https:\/\/schema.org","@graph":[{"@type":"WebPage","@id":"https:\/\/www.agenciagrafica.cl\/producto\/vaso-antibacteriano-koton\/","url":"https:\/\/www.agenciagrafica.cl\/producto\/vaso-antibacteriano-koton\/","name":"Vaso Antibacteriano Koton - AGENCIA GR\u00c1FICA SPA","isPartOf":{"@id":"https:\/\/www.agenciagrafica.cl\/#website"},"primaryImageOfPage":{"@id":"https:\/\/www.agenciagrafica.cl\/producto\/vaso-antibacteriano-koton\/#primaryimage"},"image":{"@id":"https:\/\/www.agenciagrafica.cl\/producto\/vaso-antibacteriano-koton\/#primaryimage"},"thumbnailUrl":"https:\/\/www.agenciagrafica.cl\/wp-content\/uploads\/2022\/07\/24235.jpg","datePublished":"2022-07-07T01:43:37+00:00","breadcrumb":{"@id":"https:\/\/www.agenciagrafica.cl\/producto\/vaso-antibacteriano-koton\/#breadcrumb"},"inLanguage":"es","potentialAction":[{"@type":"ReadAction","target":["https:\/\/www.agenciagrafica.cl\/producto\/vaso-antibacteriano-koton\/"]}]},{"@type":"ImageObject","inLanguage":"es","@id":"https:\/\/www.agenciagrafica.cl\/producto\/vaso-antibacteriano-koton\/#primaryimage","url":"https:\/\/www.agenciagrafica.cl\/wp-content\/uploads\/2022\/07\/24235.jpg","contentUrl":"https:\/\/www.agenciagrafica.cl\/wp-content\/uploads\/2022\/07\/24235.jpg","width":1000,"height":1000},{"@type":"BreadcrumbList","@id":"https:\/\/www.agenciagrafica.cl\/producto\/vaso-antibacteriano-koton\/#breadcrumb","itemListElement":[{"@type":"ListItem","position":1,"name":"Portada","item":"https:\/\/www.agenciagrafica.cl\/"},{"@type":"ListItem","position":2,"name":"Cat\u00e1logo","item":"https:\/\/www.agenciagrafica.cl\/?page_id=1613"},{"@type":"ListItem","position":3,"name":"Vaso Antibacteriano Koton"}]},{"@type":"WebSite","@id":"https:\/\/www.agenciagrafica.cl\/#website","url":"https:\/\/www.agenciagrafica.cl\/","name":"AGENCIA GR\u00c1FICA SPA","description":"regalos publicitarios personalizados","publisher":{"@id":"https:\/\/www.agenciagrafica.cl\/#organization"},"potentialAction":[{"@type":"SearchAction","target":{"@type":"EntryPoint","urlTemplate":"https:\/\/www.agenciagrafica.cl\/?s={search_term_string}"},"query-input":{"@type":"PropertyValueSpecification","valueRequired":true,"valueName":"search_term_string"}}],"inLanguage":"es"},{"@type":"Organization","@id":"https:\/\/www.agenciagrafica.cl\/#organization","name":"AGENCIA GR\u00c1FICA SPA","url":"https:\/\/www.agenciagrafica.cl\/","logo":{"@type":"ImageObject","inLanguage":"es","@id":"https:\/\/www.agenciagrafica.cl\/#\/schema\/logo\/image\/","url":"https:\/\/www.agenciagrafica.cl\/wp-content\/uploads\/2022\/07\/cropped-cropped-agencia-grafica-2-e1657463336302-1.png","contentUrl":"https:\/\/www.agenciagrafica.cl\/wp-content\/uploads\/2022\/07\/cropped-cropped-agencia-grafica-2-e1657463336302-1.png","width":200,"height":208,"caption":"AGENCIA GR\u00c1FICA SPA"},"image":{"@id":"https:\/\/www.agenciagrafica.cl\/#\/schema\/logo\/image\/"}}]}},"jetpack_sharing_enabled":true,"_links":{"self":[{"href":"https:\/\/www.agenciagrafica.cl\/index.php?rest_route=\/wp\/v2\/product\/20487","targetHints":{"allow":["GET"]}}],"collection":[{"href":"https:\/\/www.agenciagrafica.cl\/index.php?rest_route=\/wp\/v2\/product"}],"about":[{"href":"https:\/\/www.agenciagrafica.cl\/index.php?rest_route=\/wp\/v2\/types\/product"}],"replies":[{"embeddable":true,"href":"https:\/\/www.agenciagrafica.cl\/index.php?rest_route=%2Fwp%2Fv2%2Fcomments&post=20487"}],"version-history":[{"count":0,"href":"https:\/\/www.agenciagrafica.cl\/index.php?rest_route=\/wp\/v2\/product\/20487\/revisions"}],"wp:featuredmedia":[{"embeddable":true,"href":"https:\/\/www.agenciagrafica.cl\/index.php?rest_route=\/wp\/v2\/media\/20482"}],"wp:attachment":[{"href":"https:\/\/www.agenciagrafica.cl\/index.php?rest_route=%2Fwp%2Fv2%2Fmedia&parent=20487"}],"wp:term":[{"taxonomy":"product_brand","embeddable":true,"href":"https:\/\/www.agenciagrafica.cl\/index.php?rest_route=%2Fwp%2Fv2%2Fproduct_brand&post=20487"},{"taxonomy":"product_cat","embeddable":true,"href":"https:\/\/www.agenciagrafica.cl\/index.php?rest_route=%2Fwp%2Fv2%2Fproduct_cat&post=20487"},{"taxonomy":"product_tag","embeddable":true,"href":"https:\/\/www.agenciagrafica.cl\/index.php?rest_route=%2Fwp%2Fv2%2Fproduct_tag&post=20487"}],"curies":[{"name":"wp","href":"https:\/\/api.w.org\/{rel}","templated":true}]}}