{"id":20329,"date":"2022-07-07T01:34:50","date_gmt":"2022-07-07T01:34:50","guid":{"rendered":"https:\/\/www.agenciagrafica.cl\/producto\/caja-esterilizadora-uv-cargador-halby\/"},"modified":"2022-07-07T01:34:50","modified_gmt":"2022-07-07T01:34:50","slug":"caja-esterilizadora-uv-cargador-halby","status":"publish","type":"product","link":"https:\/\/www.agenciagrafica.cl\/?product=caja-esterilizadora-uv-cargador-halby","title":{"rendered":"Caja Esterilizadora UV Cargador Halby"},"content":{"rendered":"<table cellspacing='0' cellpadding='0' style='border:none' width=500px>\n<tr>\n<th style='text-align:left; background-color:#696969; border: 1px solid #696969; color:#fff;' colspan='2'>CARACTER\u00cdSTICAS<\/th>\n<\/tr>\n<tr>\n<td style='text-align:left; border: 1px solid #696969;'>Especificaciones art\u00edculo<\/td>\n<td style='text-align:left; border: 1px solid #696969;'>4.5 cm \/ 20.5 cm \/ 12.5 cm | 270 gr<\/td>\n<\/tr>\n<tr>\n<td style='text-align:left; border: 1px solid #696969;'>Packaging: alto (cm)<\/td>\n<td style='text-align:left; border: 1px solid #696969;'>41<\/td>\n<\/tr>\n<tr>\n<td style='text-align:left; border: 1px solid #696969;'>Packaging: largo (cm) <\/td>\n<td style='text-align:left; border: 1px solid #696969;'>53.5<\/td>\n<\/tr>\n<tr>\n<td style='text-align:left; border: 1px solid #696969;'>Packaging: ancho (cm) <\/td>\n<td style='text-align:left; border: 1px solid #696969;'>23.5<\/td>\n<\/tr>\n<tr>\n<td style='text-align:left; border: 1px solid #696969;'>Peso caja (Kgr)<\/td>\n<td style='text-align:left; border: 1px solid #696969;'>11<\/td>\n<\/tr>\n<tr>\n<td style='text-align:left; border: 1px solid #696969;'>Unidades\/caja<\/td>\n<td style='text-align:left; border: 1px solid #696969;'>30<\/td>\n<\/tr>\n<\/table>\n<p>&nbsp;<\/p>\n<table cellspacing='0' cellpadding='0' style='border:none' width=500px>\n<tr>\n<th style='text-align:center; background-color:#696969; border: 1px solid #696969; color:#fff;'>MARCAJE<\/th>\n<\/tr>\n<tr>\n<td><a href='http:\/\/makito.es\/WebRoot\/Store\/Shops\/Makito\/5F45\/3441\/B1C7\/BB81\/BEDB\/0A6E\/0368\/E1A5\/6670-A1.jpg'>TAMPOGRAF\u00cdA F: TAPA ESQUINA.max: 4&#215;4 cm<\/a><\/td>\n<\/tr>\n<\/table>\n","protected":false},"excerpt":{"rendered":"<p>Caja esterilizadora de luz ultravioleta tipo C, con cargador inal\u00e1mbrico para smartphone integrado en tapa. Especialmente dise\u00f1ada para la eliminaci\u00f3n de microorganismos y bacterias en objetos de uso cotidiano como el smartphone, llaves, gafas, mascarilla, auriculares, smartwatch&#8230; Fabricada en resistente material ABS de acabado mate y presentada en atractiva caja individual de dise\u00f1o.  F\u00e1cil de usar, basta con introducir el objeto dentro de la caja. Potencia de bombilla 1W, longitud de onda de 270-280 nm, con alimentaci\u00f3n mediante cable USB Tipo C de 1m de largo con color a juego. Tiempo de esterilizaci\u00f3n de 5 y 10 minutos con funci\u00f3n auto-apagado.  Disponible manual de usuario en espa\u00f1ol e ingl\u00e9s. Disponible certificaci\u00f3n CE, RoHS y de efectividad germicida. Para un uso adecuado del producto, evitar el contacto con la piel y los ojos. Inal\u00e1mbrico. Luz Ultravioleta. Conexi\u00f3n USB. Cable Incluido<\/p>\n","protected":false},"featured_media":20325,"comment_status":"open","ping_status":"closed","template":"","meta":{"site-sidebar-layout":"default","site-content-layout":"default","ast-global-header-display":"","ast-main-header-display":"","ast-hfb-above-header-display":"","ast-hfb-below-header-display":"","ast-hfb-mobile-header-display":"","site-post-title":"","ast-breadcrumbs-content":"","ast-featured-img":"","footer-sml-layout":"","theme-transparent-header-meta":"","adv-header-id-meta":"","stick-header-meta":"","header-above-stick-meta":"","header-main-stick-meta":"","header-below-stick-meta":""},"product_brand":[],"product_cat":[287,291],"product_tag":[],"class_list":{"0":"post-20329","1":"product","2":"type-product","3":"status-publish","4":"has-post-thumbnail","6":"product_cat-novedades","7":"product_cat-tecnologia","8":"desktop-align-left","9":"tablet-align-left","10":"mobile-align-left","12":"first","13":"instock","14":"shipping-taxable","15":"product-type-simple"},"yoast_head":"<!-- This site is optimized with the Yoast SEO plugin v24.6 - https:\/\/yoast.com\/wordpress\/plugins\/seo\/ -->\n<title>Caja Esterilizadora UV Cargador Halby - AGENCIA GR\u00c1FICA SPA<\/title>\n<meta name=\"robots\" content=\"index, follow, max-snippet:-1, max-image-preview:large, max-video-preview:-1\" \/>\n<link rel=\"canonical\" href=\"https:\/\/www.agenciagrafica.cl\/producto\/caja-esterilizadora-uv-cargador-halby\/\" \/>\n<meta property=\"og:locale\" content=\"es_ES\" \/>\n<meta property=\"og:type\" content=\"article\" \/>\n<meta property=\"og:title\" content=\"Caja Esterilizadora UV Cargador Halby - AGENCIA GR\u00c1FICA SPA\" \/>\n<meta property=\"og:description\" content=\"Caja esterilizadora de luz ultravioleta tipo C, con cargador inal\u00e1mbrico para smartphone integrado en tapa. Especialmente dise\u00f1ada para la eliminaci\u00f3n de microorganismos y bacterias en objetos de uso cotidiano como el smartphone, llaves, gafas, mascarilla, auriculares, smartwatch... Fabricada en resistente material ABS de acabado mate y presentada en atractiva caja individual de dise\u00f1o. F\u00e1cil de usar, basta con introducir el objeto dentro de la caja. Potencia de bombilla 1W, longitud de onda de 270-280 nm, con alimentaci\u00f3n mediante cable USB Tipo C de 1m de largo con color a juego. Tiempo de esterilizaci\u00f3n de 5 y 10 minutos con funci\u00f3n auto-apagado. Disponible manual de usuario en espa\u00f1ol e ingl\u00e9s. Disponible certificaci\u00f3n CE, RoHS y de efectividad germicida. Para un uso adecuado del producto, evitar el contacto con la piel y los ojos. Inal\u00e1mbrico. Luz Ultravioleta. Conexi\u00f3n USB. Cable Incluido\" \/>\n<meta property=\"og:url\" content=\"https:\/\/www.agenciagrafica.cl\/producto\/caja-esterilizadora-uv-cargador-halby\/\" \/>\n<meta property=\"og:site_name\" content=\"AGENCIA GR\u00c1FICA SPA\" \/>\n<meta name=\"twitter:card\" content=\"summary_large_image\" \/>\n<script type=\"application\/ld+json\" class=\"yoast-schema-graph\">{\"@context\":\"https:\/\/schema.org\",\"@graph\":[{\"@type\":\"WebPage\",\"@id\":\"https:\/\/www.agenciagrafica.cl\/producto\/caja-esterilizadora-uv-cargador-halby\/\",\"url\":\"https:\/\/www.agenciagrafica.cl\/producto\/caja-esterilizadora-uv-cargador-halby\/\",\"name\":\"Caja Esterilizadora UV Cargador Halby - AGENCIA GR\u00c1FICA SPA\",\"isPartOf\":{\"@id\":\"https:\/\/www.agenciagrafica.cl\/#website\"},\"primaryImageOfPage\":{\"@id\":\"https:\/\/www.agenciagrafica.cl\/producto\/caja-esterilizadora-uv-cargador-halby\/#primaryimage\"},\"image\":{\"@id\":\"https:\/\/www.agenciagrafica.cl\/producto\/caja-esterilizadora-uv-cargador-halby\/#primaryimage\"},\"thumbnailUrl\":\"https:\/\/www.agenciagrafica.cl\/wp-content\/uploads\/2022\/07\/24326.jpg\",\"datePublished\":\"2022-07-07T01:34:50+00:00\",\"breadcrumb\":{\"@id\":\"https:\/\/www.agenciagrafica.cl\/producto\/caja-esterilizadora-uv-cargador-halby\/#breadcrumb\"},\"inLanguage\":\"es\",\"potentialAction\":[{\"@type\":\"ReadAction\",\"target\":[\"https:\/\/www.agenciagrafica.cl\/producto\/caja-esterilizadora-uv-cargador-halby\/\"]}]},{\"@type\":\"ImageObject\",\"inLanguage\":\"es\",\"@id\":\"https:\/\/www.agenciagrafica.cl\/producto\/caja-esterilizadora-uv-cargador-halby\/#primaryimage\",\"url\":\"https:\/\/www.agenciagrafica.cl\/wp-content\/uploads\/2022\/07\/24326.jpg\",\"contentUrl\":\"https:\/\/www.agenciagrafica.cl\/wp-content\/uploads\/2022\/07\/24326.jpg\",\"width\":600,\"height\":600},{\"@type\":\"BreadcrumbList\",\"@id\":\"https:\/\/www.agenciagrafica.cl\/producto\/caja-esterilizadora-uv-cargador-halby\/#breadcrumb\",\"itemListElement\":[{\"@type\":\"ListItem\",\"position\":1,\"name\":\"Portada\",\"item\":\"https:\/\/www.agenciagrafica.cl\/\"},{\"@type\":\"ListItem\",\"position\":2,\"name\":\"Cat\u00e1logo\",\"item\":\"https:\/\/www.agenciagrafica.cl\/?page_id=1613\"},{\"@type\":\"ListItem\",\"position\":3,\"name\":\"Caja Esterilizadora UV Cargador Halby\"}]},{\"@type\":\"WebSite\",\"@id\":\"https:\/\/www.agenciagrafica.cl\/#website\",\"url\":\"https:\/\/www.agenciagrafica.cl\/\",\"name\":\"AGENCIA GR\u00c1FICA SPA\",\"description\":\"regalos publicitarios personalizados\",\"publisher\":{\"@id\":\"https:\/\/www.agenciagrafica.cl\/#organization\"},\"potentialAction\":[{\"@type\":\"SearchAction\",\"target\":{\"@type\":\"EntryPoint\",\"urlTemplate\":\"https:\/\/www.agenciagrafica.cl\/?s={search_term_string}\"},\"query-input\":{\"@type\":\"PropertyValueSpecification\",\"valueRequired\":true,\"valueName\":\"search_term_string\"}}],\"inLanguage\":\"es\"},{\"@type\":\"Organization\",\"@id\":\"https:\/\/www.agenciagrafica.cl\/#organization\",\"name\":\"AGENCIA GR\u00c1FICA SPA\",\"url\":\"https:\/\/www.agenciagrafica.cl\/\",\"logo\":{\"@type\":\"ImageObject\",\"inLanguage\":\"es\",\"@id\":\"https:\/\/www.agenciagrafica.cl\/#\/schema\/logo\/image\/\",\"url\":\"https:\/\/www.agenciagrafica.cl\/wp-content\/uploads\/2022\/07\/cropped-cropped-agencia-grafica-2-e1657463336302-1.png\",\"contentUrl\":\"https:\/\/www.agenciagrafica.cl\/wp-content\/uploads\/2022\/07\/cropped-cropped-agencia-grafica-2-e1657463336302-1.png\",\"width\":200,\"height\":208,\"caption\":\"AGENCIA GR\u00c1FICA SPA\"},\"image\":{\"@id\":\"https:\/\/www.agenciagrafica.cl\/#\/schema\/logo\/image\/\"}}]}<\/script>\n<!-- \/ Yoast SEO plugin. -->","yoast_head_json":{"title":"Caja Esterilizadora UV Cargador Halby - AGENCIA GR\u00c1FICA SPA","robots":{"index":"index","follow":"follow","max-snippet":"max-snippet:-1","max-image-preview":"max-image-preview:large","max-video-preview":"max-video-preview:-1"},"canonical":"https:\/\/www.agenciagrafica.cl\/producto\/caja-esterilizadora-uv-cargador-halby\/","og_locale":"es_ES","og_type":"article","og_title":"Caja Esterilizadora UV Cargador Halby - AGENCIA GR\u00c1FICA SPA","og_description":"Caja esterilizadora de luz ultravioleta tipo C, con cargador inal\u00e1mbrico para smartphone integrado en tapa. Especialmente dise\u00f1ada para la eliminaci\u00f3n de microorganismos y bacterias en objetos de uso cotidiano como el smartphone, llaves, gafas, mascarilla, auriculares, smartwatch... Fabricada en resistente material ABS de acabado mate y presentada en atractiva caja individual de dise\u00f1o. F\u00e1cil de usar, basta con introducir el objeto dentro de la caja. Potencia de bombilla 1W, longitud de onda de 270-280 nm, con alimentaci\u00f3n mediante cable USB Tipo C de 1m de largo con color a juego. Tiempo de esterilizaci\u00f3n de 5 y 10 minutos con funci\u00f3n auto-apagado. Disponible manual de usuario en espa\u00f1ol e ingl\u00e9s. Disponible certificaci\u00f3n CE, RoHS y de efectividad germicida. Para un uso adecuado del producto, evitar el contacto con la piel y los ojos. Inal\u00e1mbrico. Luz Ultravioleta. Conexi\u00f3n USB. Cable Incluido","og_url":"https:\/\/www.agenciagrafica.cl\/producto\/caja-esterilizadora-uv-cargador-halby\/","og_site_name":"AGENCIA GR\u00c1FICA SPA","twitter_card":"summary_large_image","schema":{"@context":"https:\/\/schema.org","@graph":[{"@type":"WebPage","@id":"https:\/\/www.agenciagrafica.cl\/producto\/caja-esterilizadora-uv-cargador-halby\/","url":"https:\/\/www.agenciagrafica.cl\/producto\/caja-esterilizadora-uv-cargador-halby\/","name":"Caja Esterilizadora UV Cargador Halby - AGENCIA GR\u00c1FICA SPA","isPartOf":{"@id":"https:\/\/www.agenciagrafica.cl\/#website"},"primaryImageOfPage":{"@id":"https:\/\/www.agenciagrafica.cl\/producto\/caja-esterilizadora-uv-cargador-halby\/#primaryimage"},"image":{"@id":"https:\/\/www.agenciagrafica.cl\/producto\/caja-esterilizadora-uv-cargador-halby\/#primaryimage"},"thumbnailUrl":"https:\/\/www.agenciagrafica.cl\/wp-content\/uploads\/2022\/07\/24326.jpg","datePublished":"2022-07-07T01:34:50+00:00","breadcrumb":{"@id":"https:\/\/www.agenciagrafica.cl\/producto\/caja-esterilizadora-uv-cargador-halby\/#breadcrumb"},"inLanguage":"es","potentialAction":[{"@type":"ReadAction","target":["https:\/\/www.agenciagrafica.cl\/producto\/caja-esterilizadora-uv-cargador-halby\/"]}]},{"@type":"ImageObject","inLanguage":"es","@id":"https:\/\/www.agenciagrafica.cl\/producto\/caja-esterilizadora-uv-cargador-halby\/#primaryimage","url":"https:\/\/www.agenciagrafica.cl\/wp-content\/uploads\/2022\/07\/24326.jpg","contentUrl":"https:\/\/www.agenciagrafica.cl\/wp-content\/uploads\/2022\/07\/24326.jpg","width":600,"height":600},{"@type":"BreadcrumbList","@id":"https:\/\/www.agenciagrafica.cl\/producto\/caja-esterilizadora-uv-cargador-halby\/#breadcrumb","itemListElement":[{"@type":"ListItem","position":1,"name":"Portada","item":"https:\/\/www.agenciagrafica.cl\/"},{"@type":"ListItem","position":2,"name":"Cat\u00e1logo","item":"https:\/\/www.agenciagrafica.cl\/?page_id=1613"},{"@type":"ListItem","position":3,"name":"Caja Esterilizadora UV Cargador Halby"}]},{"@type":"WebSite","@id":"https:\/\/www.agenciagrafica.cl\/#website","url":"https:\/\/www.agenciagrafica.cl\/","name":"AGENCIA GR\u00c1FICA SPA","description":"regalos publicitarios personalizados","publisher":{"@id":"https:\/\/www.agenciagrafica.cl\/#organization"},"potentialAction":[{"@type":"SearchAction","target":{"@type":"EntryPoint","urlTemplate":"https:\/\/www.agenciagrafica.cl\/?s={search_term_string}"},"query-input":{"@type":"PropertyValueSpecification","valueRequired":true,"valueName":"search_term_string"}}],"inLanguage":"es"},{"@type":"Organization","@id":"https:\/\/www.agenciagrafica.cl\/#organization","name":"AGENCIA GR\u00c1FICA SPA","url":"https:\/\/www.agenciagrafica.cl\/","logo":{"@type":"ImageObject","inLanguage":"es","@id":"https:\/\/www.agenciagrafica.cl\/#\/schema\/logo\/image\/","url":"https:\/\/www.agenciagrafica.cl\/wp-content\/uploads\/2022\/07\/cropped-cropped-agencia-grafica-2-e1657463336302-1.png","contentUrl":"https:\/\/www.agenciagrafica.cl\/wp-content\/uploads\/2022\/07\/cropped-cropped-agencia-grafica-2-e1657463336302-1.png","width":200,"height":208,"caption":"AGENCIA GR\u00c1FICA SPA"},"image":{"@id":"https:\/\/www.agenciagrafica.cl\/#\/schema\/logo\/image\/"}}]}},"jetpack_sharing_enabled":true,"_links":{"self":[{"href":"https:\/\/www.agenciagrafica.cl\/index.php?rest_route=\/wp\/v2\/product\/20329","targetHints":{"allow":["GET"]}}],"collection":[{"href":"https:\/\/www.agenciagrafica.cl\/index.php?rest_route=\/wp\/v2\/product"}],"about":[{"href":"https:\/\/www.agenciagrafica.cl\/index.php?rest_route=\/wp\/v2\/types\/product"}],"replies":[{"embeddable":true,"href":"https:\/\/www.agenciagrafica.cl\/index.php?rest_route=%2Fwp%2Fv2%2Fcomments&post=20329"}],"version-history":[{"count":0,"href":"https:\/\/www.agenciagrafica.cl\/index.php?rest_route=\/wp\/v2\/product\/20329\/revisions"}],"wp:featuredmedia":[{"embeddable":true,"href":"https:\/\/www.agenciagrafica.cl\/index.php?rest_route=\/wp\/v2\/media\/20325"}],"wp:attachment":[{"href":"https:\/\/www.agenciagrafica.cl\/index.php?rest_route=%2Fwp%2Fv2%2Fmedia&parent=20329"}],"wp:term":[{"taxonomy":"product_brand","embeddable":true,"href":"https:\/\/www.agenciagrafica.cl\/index.php?rest_route=%2Fwp%2Fv2%2Fproduct_brand&post=20329"},{"taxonomy":"product_cat","embeddable":true,"href":"https:\/\/www.agenciagrafica.cl\/index.php?rest_route=%2Fwp%2Fv2%2Fproduct_cat&post=20329"},{"taxonomy":"product_tag","embeddable":true,"href":"https:\/\/www.agenciagrafica.cl\/index.php?rest_route=%2Fwp%2Fv2%2Fproduct_tag&post=20329"}],"curies":[{"name":"wp","href":"https:\/\/api.w.org\/{rel}","templated":true}]}}