{"id":20129,"date":"2022-07-07T01:25:52","date_gmt":"2022-07-07T01:25:52","guid":{"rendered":"https:\/\/www.agenciagrafica.cl\/producto\/funda-boligrafo-locen\/"},"modified":"2023-09-20T21:48:53","modified_gmt":"2023-09-20T21:48:53","slug":"funda-boligrafo-locen","status":"publish","type":"product","link":"https:\/\/www.agenciagrafica.cl\/?product=funda-boligrafo-locen","title":{"rendered":"Funda Bol\u00edgrafo Locen"},"content":{"rendered":"<table style=\"border: none;\" width=\"500px\" cellspacing=\"0\" cellpadding=\"0\">\n<tbody>\n<tr>\n<th style=\"text-align: left; background-color: #696969; border: 1px solid #696969; color: #fff;\" colspan=\"2\">CARACTER\u00cdSTICAS<\/th>\n<\/tr>\n<tr>\n<td style=\"text-align: left; border: 1px solid #696969;\">Composici\u00f3n<\/td>\n<td style=\"text-align: left; border: 1px solid #696969;\">Cart\u00f3n<\/td>\n<\/tr>\n<tr>\n<td style=\"text-align: left; border: 1px solid #696969;\">Especificaciones art\u00edculo<\/td>\n<td style=\"text-align: left; border: 1px solid #696969;\">15.5 cm \/ 4 cm \/ cm | 3 gr<\/td>\n<\/tr>\n<tr>\n<td style=\"text-align: left; border: 1px solid #696969;\">Packaging: alto (cm)<\/td>\n<td style=\"text-align: left; border: 1px solid #696969;\">16<\/td>\n<\/tr>\n<tr>\n<td style=\"text-align: left; border: 1px solid #696969;\">Packaging: largo (cm)<\/td>\n<td style=\"text-align: left; border: 1px solid #696969;\">80<\/td>\n<\/tr>\n<tr>\n<td style=\"text-align: left; border: 1px solid #696969;\">Packaging: ancho (cm)<\/td>\n<td style=\"text-align: left; border: 1px solid #696969;\">36<\/td>\n<\/tr>\n<tr>\n<td style=\"text-align: left; border: 1px solid #696969;\">Peso caja (Kgr)<\/td>\n<td style=\"text-align: left; border: 1px solid #696969;\">14<\/td>\n<\/tr>\n<tr>\n<td style=\"text-align: left; border: 1px solid #696969;\">Unidades\/caja<\/td>\n<td style=\"text-align: left; border: 1px solid #696969;\">4000<\/td>\n<\/tr>\n<tr>\n<td style=\"text-align: left; border: 1px solid #696969;\">Incluye bater\u00edas<\/td>\n<td style=\"text-align: left; border: 1px solid #696969;\">No<\/td>\n<\/tr>\n<\/tbody>\n<\/table>\n<p>&nbsp;<\/p>\n<table style=\"border: none;\" width=\"500px\" cellspacing=\"0\" cellpadding=\"0\">\n<tbody>\n<tr>\n<th style=\"text-align: center; background-color: #696969; border: 1px solid #696969; color: #fff;\">MARCAJE<\/th>\n<\/tr>\n<tr>\n<td><a href=\"http:\/\/makito.es\/WebRoot\/Store\/Shops\/Makito\/5DCA\/9BFC\/7100\/C3C3\/CBC8\/0A6E\/0368\/FE14\/6611-A1.jpg\">TAMPOGRAF\u00cdA B: CARA PRINCIPAL ZONA INFERIOR.max: 3&#215;2.5 cm<\/a><\/td>\n<\/tr>\n<\/tbody>\n<\/table>\n","protected":false},"excerpt":{"rendered":"<p>Funda de bol\u00edgrafo de l\u00ednea nature. Fabricada en cart\u00f3n, con patr\u00f3n inspirado en las vetas de bamb\u00fa. Especialmente dise\u00f1ada para mostrar la publicidad del clip y\/o del cuerpo del bol\u00edgrafo (bol\u00edgrafo no incluido).<\/p>\n","protected":false},"featured_media":20125,"comment_status":"open","ping_status":"closed","template":"","meta":{"site-sidebar-layout":"default","site-content-layout":"default","ast-global-header-display":"","ast-main-header-display":"","ast-hfb-above-header-display":"","ast-hfb-below-header-display":"","ast-hfb-mobile-header-display":"","site-post-title":"","ast-breadcrumbs-content":"","ast-featured-img":"","footer-sml-layout":"","theme-transparent-header-meta":"default","adv-header-id-meta":"","stick-header-meta":"","header-above-stick-meta":"","header-main-stick-meta":"","header-below-stick-meta":""},"product_brand":[],"product_cat":[296,308,287],"product_tag":[],"class_list":{"0":"post-20129","1":"product","2":"type-product","3":"status-publish","4":"has-post-thumbnail","6":"product_cat-boligrafos-lapices","7":"product_cat-ecologicos","8":"product_cat-novedades","9":"desktop-align-left","10":"tablet-align-left","11":"mobile-align-left","13":"first","14":"instock","15":"shipping-taxable","16":"product-type-simple"},"yoast_head":"<!-- This site is optimized with the Yoast SEO plugin v24.6 - https:\/\/yoast.com\/wordpress\/plugins\/seo\/ -->\n<title>Funda Bol\u00edgrafo Locen - AGENCIA GR\u00c1FICA SPA<\/title>\n<meta name=\"robots\" content=\"index, follow, max-snippet:-1, max-image-preview:large, max-video-preview:-1\" \/>\n<link rel=\"canonical\" href=\"https:\/\/www.agenciagrafica.cl\/?product=funda-boligrafo-locen\" \/>\n<meta property=\"og:locale\" content=\"es_ES\" \/>\n<meta property=\"og:type\" content=\"article\" \/>\n<meta property=\"og:title\" content=\"Funda Bol\u00edgrafo Locen - AGENCIA GR\u00c1FICA SPA\" \/>\n<meta property=\"og:description\" content=\"Funda de bol\u00edgrafo de l\u00ednea nature. Fabricada en cart\u00f3n, con patr\u00f3n inspirado en las vetas de bamb\u00fa. Especialmente dise\u00f1ada para mostrar la publicidad del clip y\/o del cuerpo del bol\u00edgrafo (bol\u00edgrafo no incluido).\" \/>\n<meta property=\"og:url\" content=\"https:\/\/www.agenciagrafica.cl\/?product=funda-boligrafo-locen\" \/>\n<meta property=\"og:site_name\" content=\"AGENCIA GR\u00c1FICA SPA\" \/>\n<meta property=\"article:modified_time\" content=\"2023-09-20T21:48:53+00:00\" \/>\n<meta property=\"og:image\" content=\"https:\/\/www.agenciagrafica.cl\/wp-content\/uploads\/2022\/07\/24431.jpg\" \/>\n\t<meta property=\"og:image:width\" content=\"538\" \/>\n\t<meta property=\"og:image:height\" content=\"538\" \/>\n\t<meta property=\"og:image:type\" content=\"image\/jpeg\" \/>\n<meta name=\"twitter:card\" content=\"summary_large_image\" \/>\n<meta name=\"twitter:label1\" content=\"Tiempo de lectura\" \/>\n\t<meta name=\"twitter:data1\" content=\"1 minuto\" \/>\n<script type=\"application\/ld+json\" class=\"yoast-schema-graph\">{\"@context\":\"https:\/\/schema.org\",\"@graph\":[{\"@type\":\"WebPage\",\"@id\":\"https:\/\/www.agenciagrafica.cl\/?product=funda-boligrafo-locen\",\"url\":\"https:\/\/www.agenciagrafica.cl\/?product=funda-boligrafo-locen\",\"name\":\"Funda Bol\u00edgrafo Locen - AGENCIA GR\u00c1FICA SPA\",\"isPartOf\":{\"@id\":\"https:\/\/www.agenciagrafica.cl\/#website\"},\"primaryImageOfPage\":{\"@id\":\"https:\/\/www.agenciagrafica.cl\/?product=funda-boligrafo-locen#primaryimage\"},\"image\":{\"@id\":\"https:\/\/www.agenciagrafica.cl\/?product=funda-boligrafo-locen#primaryimage\"},\"thumbnailUrl\":\"https:\/\/www.agenciagrafica.cl\/wp-content\/uploads\/2022\/07\/24431.jpg\",\"datePublished\":\"2022-07-07T01:25:52+00:00\",\"dateModified\":\"2023-09-20T21:48:53+00:00\",\"breadcrumb\":{\"@id\":\"https:\/\/www.agenciagrafica.cl\/?product=funda-boligrafo-locen#breadcrumb\"},\"inLanguage\":\"es\",\"potentialAction\":[{\"@type\":\"ReadAction\",\"target\":[\"https:\/\/www.agenciagrafica.cl\/?product=funda-boligrafo-locen\"]}]},{\"@type\":\"ImageObject\",\"inLanguage\":\"es\",\"@id\":\"https:\/\/www.agenciagrafica.cl\/?product=funda-boligrafo-locen#primaryimage\",\"url\":\"https:\/\/www.agenciagrafica.cl\/wp-content\/uploads\/2022\/07\/24431.jpg\",\"contentUrl\":\"https:\/\/www.agenciagrafica.cl\/wp-content\/uploads\/2022\/07\/24431.jpg\",\"width\":538,\"height\":538},{\"@type\":\"BreadcrumbList\",\"@id\":\"https:\/\/www.agenciagrafica.cl\/?product=funda-boligrafo-locen#breadcrumb\",\"itemListElement\":[{\"@type\":\"ListItem\",\"position\":1,\"name\":\"Portada\",\"item\":\"https:\/\/www.agenciagrafica.cl\/\"},{\"@type\":\"ListItem\",\"position\":2,\"name\":\"Cat\u00e1logo\",\"item\":\"https:\/\/www.agenciagrafica.cl\/?page_id=1613\"},{\"@type\":\"ListItem\",\"position\":3,\"name\":\"Funda Bol\u00edgrafo Locen\"}]},{\"@type\":\"WebSite\",\"@id\":\"https:\/\/www.agenciagrafica.cl\/#website\",\"url\":\"https:\/\/www.agenciagrafica.cl\/\",\"name\":\"AGENCIA GR\u00c1FICA SPA\",\"description\":\"regalos publicitarios personalizados\",\"publisher\":{\"@id\":\"https:\/\/www.agenciagrafica.cl\/#organization\"},\"potentialAction\":[{\"@type\":\"SearchAction\",\"target\":{\"@type\":\"EntryPoint\",\"urlTemplate\":\"https:\/\/www.agenciagrafica.cl\/?s={search_term_string}\"},\"query-input\":{\"@type\":\"PropertyValueSpecification\",\"valueRequired\":true,\"valueName\":\"search_term_string\"}}],\"inLanguage\":\"es\"},{\"@type\":\"Organization\",\"@id\":\"https:\/\/www.agenciagrafica.cl\/#organization\",\"name\":\"AGENCIA GR\u00c1FICA SPA\",\"url\":\"https:\/\/www.agenciagrafica.cl\/\",\"logo\":{\"@type\":\"ImageObject\",\"inLanguage\":\"es\",\"@id\":\"https:\/\/www.agenciagrafica.cl\/#\/schema\/logo\/image\/\",\"url\":\"https:\/\/www.agenciagrafica.cl\/wp-content\/uploads\/2022\/07\/cropped-cropped-agencia-grafica-2-e1657463336302-1.png\",\"contentUrl\":\"https:\/\/www.agenciagrafica.cl\/wp-content\/uploads\/2022\/07\/cropped-cropped-agencia-grafica-2-e1657463336302-1.png\",\"width\":200,\"height\":208,\"caption\":\"AGENCIA GR\u00c1FICA SPA\"},\"image\":{\"@id\":\"https:\/\/www.agenciagrafica.cl\/#\/schema\/logo\/image\/\"}}]}<\/script>\n<!-- \/ Yoast SEO plugin. -->","yoast_head_json":{"title":"Funda Bol\u00edgrafo Locen - AGENCIA GR\u00c1FICA SPA","robots":{"index":"index","follow":"follow","max-snippet":"max-snippet:-1","max-image-preview":"max-image-preview:large","max-video-preview":"max-video-preview:-1"},"canonical":"https:\/\/www.agenciagrafica.cl\/?product=funda-boligrafo-locen","og_locale":"es_ES","og_type":"article","og_title":"Funda Bol\u00edgrafo Locen - AGENCIA GR\u00c1FICA SPA","og_description":"Funda de bol\u00edgrafo de l\u00ednea nature. Fabricada en cart\u00f3n, con patr\u00f3n inspirado en las vetas de bamb\u00fa. Especialmente dise\u00f1ada para mostrar la publicidad del clip y\/o del cuerpo del bol\u00edgrafo (bol\u00edgrafo no incluido).","og_url":"https:\/\/www.agenciagrafica.cl\/?product=funda-boligrafo-locen","og_site_name":"AGENCIA GR\u00c1FICA SPA","article_modified_time":"2023-09-20T21:48:53+00:00","og_image":[{"width":538,"height":538,"url":"https:\/\/www.agenciagrafica.cl\/wp-content\/uploads\/2022\/07\/24431.jpg","type":"image\/jpeg"}],"twitter_card":"summary_large_image","twitter_misc":{"Tiempo de lectura":"1 minuto"},"schema":{"@context":"https:\/\/schema.org","@graph":[{"@type":"WebPage","@id":"https:\/\/www.agenciagrafica.cl\/?product=funda-boligrafo-locen","url":"https:\/\/www.agenciagrafica.cl\/?product=funda-boligrafo-locen","name":"Funda Bol\u00edgrafo Locen - AGENCIA GR\u00c1FICA SPA","isPartOf":{"@id":"https:\/\/www.agenciagrafica.cl\/#website"},"primaryImageOfPage":{"@id":"https:\/\/www.agenciagrafica.cl\/?product=funda-boligrafo-locen#primaryimage"},"image":{"@id":"https:\/\/www.agenciagrafica.cl\/?product=funda-boligrafo-locen#primaryimage"},"thumbnailUrl":"https:\/\/www.agenciagrafica.cl\/wp-content\/uploads\/2022\/07\/24431.jpg","datePublished":"2022-07-07T01:25:52+00:00","dateModified":"2023-09-20T21:48:53+00:00","breadcrumb":{"@id":"https:\/\/www.agenciagrafica.cl\/?product=funda-boligrafo-locen#breadcrumb"},"inLanguage":"es","potentialAction":[{"@type":"ReadAction","target":["https:\/\/www.agenciagrafica.cl\/?product=funda-boligrafo-locen"]}]},{"@type":"ImageObject","inLanguage":"es","@id":"https:\/\/www.agenciagrafica.cl\/?product=funda-boligrafo-locen#primaryimage","url":"https:\/\/www.agenciagrafica.cl\/wp-content\/uploads\/2022\/07\/24431.jpg","contentUrl":"https:\/\/www.agenciagrafica.cl\/wp-content\/uploads\/2022\/07\/24431.jpg","width":538,"height":538},{"@type":"BreadcrumbList","@id":"https:\/\/www.agenciagrafica.cl\/?product=funda-boligrafo-locen#breadcrumb","itemListElement":[{"@type":"ListItem","position":1,"name":"Portada","item":"https:\/\/www.agenciagrafica.cl\/"},{"@type":"ListItem","position":2,"name":"Cat\u00e1logo","item":"https:\/\/www.agenciagrafica.cl\/?page_id=1613"},{"@type":"ListItem","position":3,"name":"Funda Bol\u00edgrafo Locen"}]},{"@type":"WebSite","@id":"https:\/\/www.agenciagrafica.cl\/#website","url":"https:\/\/www.agenciagrafica.cl\/","name":"AGENCIA GR\u00c1FICA SPA","description":"regalos publicitarios personalizados","publisher":{"@id":"https:\/\/www.agenciagrafica.cl\/#organization"},"potentialAction":[{"@type":"SearchAction","target":{"@type":"EntryPoint","urlTemplate":"https:\/\/www.agenciagrafica.cl\/?s={search_term_string}"},"query-input":{"@type":"PropertyValueSpecification","valueRequired":true,"valueName":"search_term_string"}}],"inLanguage":"es"},{"@type":"Organization","@id":"https:\/\/www.agenciagrafica.cl\/#organization","name":"AGENCIA GR\u00c1FICA SPA","url":"https:\/\/www.agenciagrafica.cl\/","logo":{"@type":"ImageObject","inLanguage":"es","@id":"https:\/\/www.agenciagrafica.cl\/#\/schema\/logo\/image\/","url":"https:\/\/www.agenciagrafica.cl\/wp-content\/uploads\/2022\/07\/cropped-cropped-agencia-grafica-2-e1657463336302-1.png","contentUrl":"https:\/\/www.agenciagrafica.cl\/wp-content\/uploads\/2022\/07\/cropped-cropped-agencia-grafica-2-e1657463336302-1.png","width":200,"height":208,"caption":"AGENCIA GR\u00c1FICA SPA"},"image":{"@id":"https:\/\/www.agenciagrafica.cl\/#\/schema\/logo\/image\/"}}]}},"jetpack_sharing_enabled":true,"_links":{"self":[{"href":"https:\/\/www.agenciagrafica.cl\/index.php?rest_route=\/wp\/v2\/product\/20129","targetHints":{"allow":["GET"]}}],"collection":[{"href":"https:\/\/www.agenciagrafica.cl\/index.php?rest_route=\/wp\/v2\/product"}],"about":[{"href":"https:\/\/www.agenciagrafica.cl\/index.php?rest_route=\/wp\/v2\/types\/product"}],"replies":[{"embeddable":true,"href":"https:\/\/www.agenciagrafica.cl\/index.php?rest_route=%2Fwp%2Fv2%2Fcomments&post=20129"}],"version-history":[{"count":2,"href":"https:\/\/www.agenciagrafica.cl\/index.php?rest_route=\/wp\/v2\/product\/20129\/revisions"}],"predecessor-version":[{"id":29436,"href":"https:\/\/www.agenciagrafica.cl\/index.php?rest_route=\/wp\/v2\/product\/20129\/revisions\/29436"}],"wp:featuredmedia":[{"embeddable":true,"href":"https:\/\/www.agenciagrafica.cl\/index.php?rest_route=\/wp\/v2\/media\/20125"}],"wp:attachment":[{"href":"https:\/\/www.agenciagrafica.cl\/index.php?rest_route=%2Fwp%2Fv2%2Fmedia&parent=20129"}],"wp:term":[{"taxonomy":"product_brand","embeddable":true,"href":"https:\/\/www.agenciagrafica.cl\/index.php?rest_route=%2Fwp%2Fv2%2Fproduct_brand&post=20129"},{"taxonomy":"product_cat","embeddable":true,"href":"https:\/\/www.agenciagrafica.cl\/index.php?rest_route=%2Fwp%2Fv2%2Fproduct_cat&post=20129"},{"taxonomy":"product_tag","embeddable":true,"href":"https:\/\/www.agenciagrafica.cl\/index.php?rest_route=%2Fwp%2Fv2%2Fproduct_tag&post=20129"}],"curies":[{"name":"wp","href":"https:\/\/api.w.org\/{rel}","templated":true}]}}