{"id":19905,"date":"2022-07-07T01:17:05","date_gmt":"2022-07-07T01:17:05","guid":{"rendered":"https:\/\/www.agenciagrafica.cl\/producto\/altavoz-dadil\/"},"modified":"2023-09-20T21:58:18","modified_gmt":"2023-09-20T21:58:18","slug":"altavoz-dadil","status":"publish","type":"product","link":"https:\/\/www.agenciagrafica.cl\/?product=altavoz-dadil","title":{"rendered":"Altavoz Dadil"},"content":{"rendered":"<table style=\"border: none;\" width=\"500px\" cellspacing=\"0\" cellpadding=\"0\">\n<tbody>\n<tr>\n<th style=\"text-align: left; background-color: #696969; border: 1px solid #696969; color: #fff;\" colspan=\"2\">CARACTER\u00cdSTICAS<\/th>\n<\/tr>\n<tr>\n<td style=\"text-align: left; border: 1px solid #696969;\">Composici\u00f3n<\/td>\n<td style=\"text-align: left; border: 1px solid #696969;\">Ca\u00f1a de Trigo\/ ABS<\/td>\n<\/tr>\n<tr>\n<td style=\"text-align: left; border: 1px solid #696969;\">Especificaciones art\u00edculo<\/td>\n<td style=\"text-align: left; border: 1px solid #696969;\">7.2 cm \/ 8.6 cm \/ 3.9 cm | 167 gr<\/td>\n<\/tr>\n<tr>\n<td style=\"text-align: left; border: 1px solid #696969;\">Packaging: alto (cm)<\/td>\n<td style=\"text-align: left; border: 1px solid #696969;\">25.5<\/td>\n<\/tr>\n<tr>\n<td style=\"text-align: left; border: 1px solid #696969;\">Packaging: largo (cm)<\/td>\n<td style=\"text-align: left; border: 1px solid #696969;\">41<\/td>\n<\/tr>\n<tr>\n<td style=\"text-align: left; border: 1px solid #696969;\">Packaging: ancho (cm)<\/td>\n<td style=\"text-align: left; border: 1px solid #696969;\">24.5<\/td>\n<\/tr>\n<tr>\n<td style=\"text-align: left; border: 1px solid #696969;\">Peso caja (Kgr)<\/td>\n<td style=\"text-align: left; border: 1px solid #696969;\">9.7<\/td>\n<\/tr>\n<tr>\n<td style=\"text-align: left; border: 1px solid #696969;\">Unidades\/caja<\/td>\n<td style=\"text-align: left; border: 1px solid #696969;\">50<\/td>\n<\/tr>\n<tr>\n<td style=\"text-align: left; border: 1px solid #696969;\">Incluye bater\u00edas<\/td>\n<td style=\"text-align: left; border: 1px solid #696969;\">Si<\/td>\n<\/tr>\n<\/tbody>\n<\/table>\n<p>&nbsp;<\/p>\n<table style=\"border: none;\" width=\"500px\" cellspacing=\"0\" cellpadding=\"0\">\n<tbody>\n<tr>\n<th style=\"text-align: center; background-color: #696969; border: 1px solid #696969; color: #fff;\">MARCAJE<\/th>\n<\/tr>\n<tr>\n<td><a href=\"http:\/\/makito.es\/WebRoot\/Store\/Shops\/Makito\/5DCA\/9BF2\/2465\/3195\/E056\/0A6E\/0368\/FE3B\/6541-A1.jpg\">TAMPOGRAF\u00cdA E: DEBAJO DE LOS BOTONES.max: 5&#215;1 cm<\/a><\/td>\n<\/tr>\n<\/tbody>\n<\/table>\n","protected":false},"excerpt":{"rendered":"<p>Altavoz de l\u00ednea nature y conexi\u00f3n Bluetooth\u00ae 5.0. Con carcasa en ca\u00f1a de trigo, para as\u00ed fomentar la utilizaci\u00f3n de materias primas naturales y reducir las emisiones contaminantes. Ofrece 3W de potencia, con reproductor USB, Compatible con iOS y Android, incluye cable de carga micro USB y viene presentado en una caja individual de dise\u00f1o eco. Con soportes de goma antideslizantes en la base. Conexi\u00f3n Bluetooth. Potencia 3W. Recargable USB. Cable Incluido<\/p>\n","protected":false},"featured_media":19899,"comment_status":"open","ping_status":"closed","template":"","meta":{"site-sidebar-layout":"default","site-content-layout":"default","ast-global-header-display":"","ast-main-header-display":"","ast-hfb-above-header-display":"","ast-hfb-below-header-display":"","ast-hfb-mobile-header-display":"","site-post-title":"","ast-breadcrumbs-content":"","ast-featured-img":"","footer-sml-layout":"","theme-transparent-header-meta":"default","adv-header-id-meta":"","stick-header-meta":"","header-above-stick-meta":"","header-main-stick-meta":"","header-below-stick-meta":""},"product_brand":[],"product_cat":[308,291],"product_tag":[],"class_list":{"0":"post-19905","1":"product","2":"type-product","3":"status-publish","4":"has-post-thumbnail","6":"product_cat-ecologicos","7":"product_cat-tecnologia","8":"desktop-align-left","9":"tablet-align-left","10":"mobile-align-left","12":"first","13":"instock","14":"shipping-taxable","15":"product-type-simple"},"yoast_head":"<!-- This site is optimized with the Yoast SEO plugin v24.6 - https:\/\/yoast.com\/wordpress\/plugins\/seo\/ -->\n<title>Altavoz Dadil - AGENCIA GR\u00c1FICA SPA<\/title>\n<meta name=\"robots\" content=\"index, follow, max-snippet:-1, max-image-preview:large, max-video-preview:-1\" \/>\n<link rel=\"canonical\" href=\"https:\/\/www.agenciagrafica.cl\/?product=altavoz-dadil\" \/>\n<meta property=\"og:locale\" content=\"es_ES\" \/>\n<meta property=\"og:type\" content=\"article\" \/>\n<meta property=\"og:title\" content=\"Altavoz Dadil - AGENCIA GR\u00c1FICA SPA\" \/>\n<meta property=\"og:description\" content=\"Altavoz de l\u00ednea nature y conexi\u00f3n Bluetooth\u00ae 5.0. Con carcasa en ca\u00f1a de trigo, para as\u00ed fomentar la utilizaci\u00f3n de materias primas naturales y reducir las emisiones contaminantes. Ofrece 3W de potencia, con reproductor USB, Compatible con iOS y Android, incluye cable de carga micro USB y viene presentado en una caja individual de dise\u00f1o eco. Con soportes de goma antideslizantes en la base. Conexi\u00f3n Bluetooth. Potencia 3W. Recargable USB. Cable Incluido\" \/>\n<meta property=\"og:url\" content=\"https:\/\/www.agenciagrafica.cl\/?product=altavoz-dadil\" \/>\n<meta property=\"og:site_name\" content=\"AGENCIA GR\u00c1FICA SPA\" \/>\n<meta property=\"article:modified_time\" content=\"2023-09-20T21:58:18+00:00\" \/>\n<meta property=\"og:image\" content=\"https:\/\/www.agenciagrafica.cl\/wp-content\/uploads\/2022\/07\/23481.jpg\" \/>\n\t<meta property=\"og:image:width\" content=\"600\" \/>\n\t<meta property=\"og:image:height\" content=\"600\" \/>\n\t<meta property=\"og:image:type\" content=\"image\/jpeg\" \/>\n<meta name=\"twitter:card\" content=\"summary_large_image\" \/>\n<meta name=\"twitter:label1\" content=\"Tiempo de lectura\" \/>\n\t<meta name=\"twitter:data1\" content=\"1 minuto\" \/>\n<script type=\"application\/ld+json\" class=\"yoast-schema-graph\">{\"@context\":\"https:\/\/schema.org\",\"@graph\":[{\"@type\":\"WebPage\",\"@id\":\"https:\/\/www.agenciagrafica.cl\/?product=altavoz-dadil\",\"url\":\"https:\/\/www.agenciagrafica.cl\/?product=altavoz-dadil\",\"name\":\"Altavoz Dadil - AGENCIA GR\u00c1FICA SPA\",\"isPartOf\":{\"@id\":\"https:\/\/www.agenciagrafica.cl\/#website\"},\"primaryImageOfPage\":{\"@id\":\"https:\/\/www.agenciagrafica.cl\/?product=altavoz-dadil#primaryimage\"},\"image\":{\"@id\":\"https:\/\/www.agenciagrafica.cl\/?product=altavoz-dadil#primaryimage\"},\"thumbnailUrl\":\"https:\/\/www.agenciagrafica.cl\/wp-content\/uploads\/2022\/07\/23481.jpg\",\"datePublished\":\"2022-07-07T01:17:05+00:00\",\"dateModified\":\"2023-09-20T21:58:18+00:00\",\"breadcrumb\":{\"@id\":\"https:\/\/www.agenciagrafica.cl\/?product=altavoz-dadil#breadcrumb\"},\"inLanguage\":\"es\",\"potentialAction\":[{\"@type\":\"ReadAction\",\"target\":[\"https:\/\/www.agenciagrafica.cl\/?product=altavoz-dadil\"]}]},{\"@type\":\"ImageObject\",\"inLanguage\":\"es\",\"@id\":\"https:\/\/www.agenciagrafica.cl\/?product=altavoz-dadil#primaryimage\",\"url\":\"https:\/\/www.agenciagrafica.cl\/wp-content\/uploads\/2022\/07\/23481.jpg\",\"contentUrl\":\"https:\/\/www.agenciagrafica.cl\/wp-content\/uploads\/2022\/07\/23481.jpg\",\"width\":600,\"height\":600},{\"@type\":\"BreadcrumbList\",\"@id\":\"https:\/\/www.agenciagrafica.cl\/?product=altavoz-dadil#breadcrumb\",\"itemListElement\":[{\"@type\":\"ListItem\",\"position\":1,\"name\":\"Portada\",\"item\":\"https:\/\/www.agenciagrafica.cl\/\"},{\"@type\":\"ListItem\",\"position\":2,\"name\":\"Cat\u00e1logo\",\"item\":\"https:\/\/www.agenciagrafica.cl\/?page_id=1613\"},{\"@type\":\"ListItem\",\"position\":3,\"name\":\"Altavoz Dadil\"}]},{\"@type\":\"WebSite\",\"@id\":\"https:\/\/www.agenciagrafica.cl\/#website\",\"url\":\"https:\/\/www.agenciagrafica.cl\/\",\"name\":\"AGENCIA GR\u00c1FICA SPA\",\"description\":\"regalos publicitarios personalizados\",\"publisher\":{\"@id\":\"https:\/\/www.agenciagrafica.cl\/#organization\"},\"potentialAction\":[{\"@type\":\"SearchAction\",\"target\":{\"@type\":\"EntryPoint\",\"urlTemplate\":\"https:\/\/www.agenciagrafica.cl\/?s={search_term_string}\"},\"query-input\":{\"@type\":\"PropertyValueSpecification\",\"valueRequired\":true,\"valueName\":\"search_term_string\"}}],\"inLanguage\":\"es\"},{\"@type\":\"Organization\",\"@id\":\"https:\/\/www.agenciagrafica.cl\/#organization\",\"name\":\"AGENCIA GR\u00c1FICA SPA\",\"url\":\"https:\/\/www.agenciagrafica.cl\/\",\"logo\":{\"@type\":\"ImageObject\",\"inLanguage\":\"es\",\"@id\":\"https:\/\/www.agenciagrafica.cl\/#\/schema\/logo\/image\/\",\"url\":\"https:\/\/www.agenciagrafica.cl\/wp-content\/uploads\/2022\/07\/cropped-cropped-agencia-grafica-2-e1657463336302-1.png\",\"contentUrl\":\"https:\/\/www.agenciagrafica.cl\/wp-content\/uploads\/2022\/07\/cropped-cropped-agencia-grafica-2-e1657463336302-1.png\",\"width\":200,\"height\":208,\"caption\":\"AGENCIA GR\u00c1FICA SPA\"},\"image\":{\"@id\":\"https:\/\/www.agenciagrafica.cl\/#\/schema\/logo\/image\/\"}}]}<\/script>\n<!-- \/ Yoast SEO plugin. -->","yoast_head_json":{"title":"Altavoz Dadil - AGENCIA GR\u00c1FICA SPA","robots":{"index":"index","follow":"follow","max-snippet":"max-snippet:-1","max-image-preview":"max-image-preview:large","max-video-preview":"max-video-preview:-1"},"canonical":"https:\/\/www.agenciagrafica.cl\/?product=altavoz-dadil","og_locale":"es_ES","og_type":"article","og_title":"Altavoz Dadil - AGENCIA GR\u00c1FICA SPA","og_description":"Altavoz de l\u00ednea nature y conexi\u00f3n Bluetooth\u00ae 5.0. Con carcasa en ca\u00f1a de trigo, para as\u00ed fomentar la utilizaci\u00f3n de materias primas naturales y reducir las emisiones contaminantes. Ofrece 3W de potencia, con reproductor USB, Compatible con iOS y Android, incluye cable de carga micro USB y viene presentado en una caja individual de dise\u00f1o eco. Con soportes de goma antideslizantes en la base. Conexi\u00f3n Bluetooth. Potencia 3W. Recargable USB. Cable Incluido","og_url":"https:\/\/www.agenciagrafica.cl\/?product=altavoz-dadil","og_site_name":"AGENCIA GR\u00c1FICA SPA","article_modified_time":"2023-09-20T21:58:18+00:00","og_image":[{"width":600,"height":600,"url":"https:\/\/www.agenciagrafica.cl\/wp-content\/uploads\/2022\/07\/23481.jpg","type":"image\/jpeg"}],"twitter_card":"summary_large_image","twitter_misc":{"Tiempo de lectura":"1 minuto"},"schema":{"@context":"https:\/\/schema.org","@graph":[{"@type":"WebPage","@id":"https:\/\/www.agenciagrafica.cl\/?product=altavoz-dadil","url":"https:\/\/www.agenciagrafica.cl\/?product=altavoz-dadil","name":"Altavoz Dadil - AGENCIA GR\u00c1FICA SPA","isPartOf":{"@id":"https:\/\/www.agenciagrafica.cl\/#website"},"primaryImageOfPage":{"@id":"https:\/\/www.agenciagrafica.cl\/?product=altavoz-dadil#primaryimage"},"image":{"@id":"https:\/\/www.agenciagrafica.cl\/?product=altavoz-dadil#primaryimage"},"thumbnailUrl":"https:\/\/www.agenciagrafica.cl\/wp-content\/uploads\/2022\/07\/23481.jpg","datePublished":"2022-07-07T01:17:05+00:00","dateModified":"2023-09-20T21:58:18+00:00","breadcrumb":{"@id":"https:\/\/www.agenciagrafica.cl\/?product=altavoz-dadil#breadcrumb"},"inLanguage":"es","potentialAction":[{"@type":"ReadAction","target":["https:\/\/www.agenciagrafica.cl\/?product=altavoz-dadil"]}]},{"@type":"ImageObject","inLanguage":"es","@id":"https:\/\/www.agenciagrafica.cl\/?product=altavoz-dadil#primaryimage","url":"https:\/\/www.agenciagrafica.cl\/wp-content\/uploads\/2022\/07\/23481.jpg","contentUrl":"https:\/\/www.agenciagrafica.cl\/wp-content\/uploads\/2022\/07\/23481.jpg","width":600,"height":600},{"@type":"BreadcrumbList","@id":"https:\/\/www.agenciagrafica.cl\/?product=altavoz-dadil#breadcrumb","itemListElement":[{"@type":"ListItem","position":1,"name":"Portada","item":"https:\/\/www.agenciagrafica.cl\/"},{"@type":"ListItem","position":2,"name":"Cat\u00e1logo","item":"https:\/\/www.agenciagrafica.cl\/?page_id=1613"},{"@type":"ListItem","position":3,"name":"Altavoz Dadil"}]},{"@type":"WebSite","@id":"https:\/\/www.agenciagrafica.cl\/#website","url":"https:\/\/www.agenciagrafica.cl\/","name":"AGENCIA GR\u00c1FICA SPA","description":"regalos publicitarios personalizados","publisher":{"@id":"https:\/\/www.agenciagrafica.cl\/#organization"},"potentialAction":[{"@type":"SearchAction","target":{"@type":"EntryPoint","urlTemplate":"https:\/\/www.agenciagrafica.cl\/?s={search_term_string}"},"query-input":{"@type":"PropertyValueSpecification","valueRequired":true,"valueName":"search_term_string"}}],"inLanguage":"es"},{"@type":"Organization","@id":"https:\/\/www.agenciagrafica.cl\/#organization","name":"AGENCIA GR\u00c1FICA SPA","url":"https:\/\/www.agenciagrafica.cl\/","logo":{"@type":"ImageObject","inLanguage":"es","@id":"https:\/\/www.agenciagrafica.cl\/#\/schema\/logo\/image\/","url":"https:\/\/www.agenciagrafica.cl\/wp-content\/uploads\/2022\/07\/cropped-cropped-agencia-grafica-2-e1657463336302-1.png","contentUrl":"https:\/\/www.agenciagrafica.cl\/wp-content\/uploads\/2022\/07\/cropped-cropped-agencia-grafica-2-e1657463336302-1.png","width":200,"height":208,"caption":"AGENCIA GR\u00c1FICA SPA"},"image":{"@id":"https:\/\/www.agenciagrafica.cl\/#\/schema\/logo\/image\/"}}]}},"jetpack_sharing_enabled":true,"_links":{"self":[{"href":"https:\/\/www.agenciagrafica.cl\/index.php?rest_route=\/wp\/v2\/product\/19905","targetHints":{"allow":["GET"]}}],"collection":[{"href":"https:\/\/www.agenciagrafica.cl\/index.php?rest_route=\/wp\/v2\/product"}],"about":[{"href":"https:\/\/www.agenciagrafica.cl\/index.php?rest_route=\/wp\/v2\/types\/product"}],"replies":[{"embeddable":true,"href":"https:\/\/www.agenciagrafica.cl\/index.php?rest_route=%2Fwp%2Fv2%2Fcomments&post=19905"}],"version-history":[{"count":2,"href":"https:\/\/www.agenciagrafica.cl\/index.php?rest_route=\/wp\/v2\/product\/19905\/revisions"}],"predecessor-version":[{"id":29443,"href":"https:\/\/www.agenciagrafica.cl\/index.php?rest_route=\/wp\/v2\/product\/19905\/revisions\/29443"}],"wp:featuredmedia":[{"embeddable":true,"href":"https:\/\/www.agenciagrafica.cl\/index.php?rest_route=\/wp\/v2\/media\/19899"}],"wp:attachment":[{"href":"https:\/\/www.agenciagrafica.cl\/index.php?rest_route=%2Fwp%2Fv2%2Fmedia&parent=19905"}],"wp:term":[{"taxonomy":"product_brand","embeddable":true,"href":"https:\/\/www.agenciagrafica.cl\/index.php?rest_route=%2Fwp%2Fv2%2Fproduct_brand&post=19905"},{"taxonomy":"product_cat","embeddable":true,"href":"https:\/\/www.agenciagrafica.cl\/index.php?rest_route=%2Fwp%2Fv2%2Fproduct_cat&post=19905"},{"taxonomy":"product_tag","embeddable":true,"href":"https:\/\/www.agenciagrafica.cl\/index.php?rest_route=%2Fwp%2Fv2%2Fproduct_tag&post=19905"}],"curies":[{"name":"wp","href":"https:\/\/api.w.org\/{rel}","templated":true}]}}