{"id":18327,"date":"2022-07-07T00:10:53","date_gmt":"2022-07-07T00:10:53","guid":{"rendered":"https:\/\/www.agenciagrafica.cl\/producto\/carpeta-power-bank-drayton\/"},"modified":"2022-07-07T00:10:53","modified_gmt":"2022-07-07T00:10:53","slug":"carpeta-power-bank-drayton","status":"publish","type":"product","link":"https:\/\/www.agenciagrafica.cl\/?product=carpeta-power-bank-drayton","title":{"rendered":"Carpeta Power Bank Drayton"},"content":{"rendered":"<table cellspacing='0' cellpadding='0' style='border:none' width=500px>\n<tr>\n<th style='text-align:left; background-color:#696969; border: 1px solid #696969; color:#fff;' colspan='2'>CARACTER\u00cdSTICAS<\/th>\n<\/tr>\n<tr>\n<td style='text-align:left; border: 1px solid #696969;'>Composici\u00f3n<\/td>\n<td style='text-align:left; border: 1px solid #696969;'>Poli\u00e9ster 300D<\/td>\n<\/tr>\n<tr>\n<td style='text-align:left; border: 1px solid #696969;'>Especificaciones art\u00edculo<\/td>\n<td style='text-align:left; border: 1px solid #696969;'>31 cm \/ 23.5 cm \/ 2.5 cm | 620 gr<\/td>\n<\/tr>\n<tr>\n<td style='text-align:left; border: 1px solid #696969;'>Packaging: alto (cm)<\/td>\n<td style='text-align:left; border: 1px solid #696969;'>26<\/td>\n<\/tr>\n<tr>\n<td style='text-align:left; border: 1px solid #696969;'>Packaging: largo (cm) <\/td>\n<td style='text-align:left; border: 1px solid #696969;'>34<\/td>\n<\/tr>\n<tr>\n<td style='text-align:left; border: 1px solid #696969;'>Packaging: ancho (cm) <\/td>\n<td style='text-align:left; border: 1px solid #696969;'>28<\/td>\n<\/tr>\n<tr>\n<td style='text-align:left; border: 1px solid #696969;'>Peso caja (Kgr)<\/td>\n<td style='text-align:left; border: 1px solid #696969;'>9<\/td>\n<\/tr>\n<tr>\n<td style='text-align:left; border: 1px solid #696969;'>Unidades\/caja<\/td>\n<td style='text-align:left; border: 1px solid #696969;'>10<\/td>\n<\/tr>\n<tr>\n<td style='text-align:left; border: 1px solid #696969;'>Incluye bater\u00edas<\/td>\n<td style='text-align:left; border: 1px solid #696969;'>Si<\/td>\n<\/tr>\n<\/table>\n<p>&nbsp;<\/p>\n<table cellspacing='0' cellpadding='0' style='border:none' width=500px>\n<tr>\n<th style='text-align:center; background-color:#696969; border: 1px solid #696969; color:#fff;'>MARCAJE<\/th>\n<\/tr>\n<tr>\n<td><a href='http:\/\/makito.es\/WebRoot\/Store\/Shops\/Makito\/5C34\/9A30\/56AA\/59C4\/9180\/0A6E\/0364\/2F95\/6183-A1.jpg'>GRABACI\u00d3N TRANSFER SERIGR\u00c1FICO: TAPA PARTE SUPERIOR CENTRADO.max: 10&#215;7 cm<\/a><\/td>\n<\/tr>\n<tr>\n<td><a href='http:\/\/makito.es\/WebRoot\/Store\/Shops\/Makito\/5C34\/9A30\/56AA\/59C4\/9180\/0A6E\/0364\/2F95\/6183-A2.jpg'>GRABACION LASER 2: .max: 4&#215;2.5 cm<\/a><\/td>\n<\/tr>\n<tr>\n<td><a href='http:\/\/makito.es\/WebRoot\/Store\/Shops\/Makito\/5C34\/9A30\/56AA\/59C4\/9180\/0A6E\/0364\/2F95\/6183-A1.jpg'>SERIGRAF\u00cdA G: TAPA PARTE SUPERIOR CENTRADO.max: 10&#215;7 cm<\/a><\/td>\n<\/tr>\n<\/table>\n","protected":false},"excerpt":{"rendered":"<p>Carpeta de resistente poli\u00e9ster 300D con bater\u00eda auxiliar externa de gran capacidad de carga -4.000 mAh- integrada. De sobrio dise\u00f1o y original cierre, pastilla de marcaje con luz led interior y un recubrimiento exterior especialmente dise\u00f1ado para marcaje en l\u00e1ser, con el que conseguir\u00e1 que su publicidad o marca quede iluminada con luz blanca. Multitud de compartimentos para almacenar tarjetas de visita, memorias USB, adem\u00e1s de una funda con cargador inal\u00e1mbrico para smartphone. LED indicadores de estado de carga y salida USB para carga convencional. Incluye bloc de notas de 20 hojas y un soporte para dispositivos m\u00f3viles. El f\u00e1cil acceso a la estaci\u00f3n de carga mediante cable micro USB -incluido- hacen de esta carpeta el gadget perfecto para el mundo de los negocios y los estudios. Presentada en elegante caja negra. Las capacidades mostradas en todas nuestras bater\u00edas auxiliares externas son reales, incorporando todas ellas bater\u00edas de grado A y no recicladas, con una vida \u00fatil de al menos 500 ciclos de carga y seg\u00fan normativa CE. Adem\u00e1s, est\u00e1n fabricadas conforme a los est\u00e1ndares RoHS y en cumplimiento con los siguientes requisitos de seguridad: Sistema de protecci\u00f3n contra sobrecarga del power bank. Sistema de protecci\u00f3n contra descarga completa que proporciona una mayor durabilidad del power bank. Sistema de bloqueo para evitar cortocircuitos. Sistema de transferencia de carga constante, acorde con la capacidad del dispositivo de destino. 1 Led. Inal\u00e1mbrico. 4000 mAh. Bloc 20 Hojas. 1 Salida USB. Entrada Micro USB. Cable Incluido<\/p>\n","protected":false},"featured_media":18323,"comment_status":"open","ping_status":"closed","template":"","meta":{"site-sidebar-layout":"default","site-content-layout":"default","ast-global-header-display":"","ast-main-header-display":"","ast-hfb-above-header-display":"","ast-hfb-below-header-display":"","ast-hfb-mobile-header-display":"","site-post-title":"","ast-breadcrumbs-content":"","ast-featured-img":"","footer-sml-layout":"","theme-transparent-header-meta":"","adv-header-id-meta":"","stick-header-meta":"","header-above-stick-meta":"","header-main-stick-meta":"","header-below-stick-meta":""},"product_brand":[],"product_cat":[291],"product_tag":[],"class_list":{"0":"post-18327","1":"product","2":"type-product","3":"status-publish","4":"has-post-thumbnail","6":"product_cat-tecnologia","7":"desktop-align-left","8":"tablet-align-left","9":"mobile-align-left","11":"first","12":"instock","13":"shipping-taxable","14":"product-type-simple"},"yoast_head":"<!-- This site is optimized with the Yoast SEO plugin v24.6 - https:\/\/yoast.com\/wordpress\/plugins\/seo\/ -->\n<title>Carpeta Power Bank Drayton - AGENCIA GR\u00c1FICA SPA<\/title>\n<meta name=\"robots\" content=\"index, follow, max-snippet:-1, max-image-preview:large, max-video-preview:-1\" \/>\n<link rel=\"canonical\" href=\"https:\/\/www.agenciagrafica.cl\/producto\/carpeta-power-bank-drayton\/\" \/>\n<meta property=\"og:locale\" content=\"es_ES\" \/>\n<meta property=\"og:type\" content=\"article\" \/>\n<meta property=\"og:title\" content=\"Carpeta Power Bank Drayton - AGENCIA GR\u00c1FICA SPA\" \/>\n<meta property=\"og:description\" content=\"Carpeta de resistente poli\u00e9ster 300D con bater\u00eda auxiliar externa de gran capacidad de carga -4.000 mAh- integrada. De sobrio dise\u00f1o y original cierre, pastilla de marcaje con luz led interior y un recubrimiento exterior especialmente dise\u00f1ado para marcaje en l\u00e1ser, con el que conseguir\u00e1 que su publicidad o marca quede iluminada con luz blanca. Multitud de compartimentos para almacenar tarjetas de visita, memorias USB, adem\u00e1s de una funda con cargador inal\u00e1mbrico para smartphone. LED indicadores de estado de carga y salida USB para carga convencional. Incluye bloc de notas de 20 hojas y un soporte para dispositivos m\u00f3viles. El f\u00e1cil acceso a la estaci\u00f3n de carga mediante cable micro USB -incluido- hacen de esta carpeta el gadget perfecto para el mundo de los negocios y los estudios. Presentada en elegante caja negra. Las capacidades mostradas en todas nuestras bater\u00edas auxiliares externas son reales, incorporando todas ellas bater\u00edas de grado A y no recicladas, con una vida \u00fatil de al menos 500 ciclos de carga y seg\u00fan normativa CE. Adem\u00e1s, est\u00e1n fabricadas conforme a los est\u00e1ndares RoHS y en cumplimiento con los siguientes requisitos de seguridad: Sistema de protecci\u00f3n contra sobrecarga del power bank. Sistema de protecci\u00f3n contra descarga completa que proporciona una mayor durabilidad del power bank. Sistema de bloqueo para evitar cortocircuitos. Sistema de transferencia de carga constante, acorde con la capacidad del dispositivo de destino. 1 Led. Inal\u00e1mbrico. 4000 mAh. Bloc 20 Hojas. 1 Salida USB. Entrada Micro USB. Cable Incluido\" \/>\n<meta property=\"og:url\" content=\"https:\/\/www.agenciagrafica.cl\/producto\/carpeta-power-bank-drayton\/\" \/>\n<meta property=\"og:site_name\" content=\"AGENCIA GR\u00c1FICA SPA\" \/>\n<meta name=\"twitter:card\" content=\"summary_large_image\" \/>\n<script type=\"application\/ld+json\" class=\"yoast-schema-graph\">{\"@context\":\"https:\/\/schema.org\",\"@graph\":[{\"@type\":\"WebPage\",\"@id\":\"https:\/\/www.agenciagrafica.cl\/producto\/carpeta-power-bank-drayton\/\",\"url\":\"https:\/\/www.agenciagrafica.cl\/producto\/carpeta-power-bank-drayton\/\",\"name\":\"Carpeta Power Bank Drayton - AGENCIA GR\u00c1FICA SPA\",\"isPartOf\":{\"@id\":\"https:\/\/www.agenciagrafica.cl\/#website\"},\"primaryImageOfPage\":{\"@id\":\"https:\/\/www.agenciagrafica.cl\/producto\/carpeta-power-bank-drayton\/#primaryimage\"},\"image\":{\"@id\":\"https:\/\/www.agenciagrafica.cl\/producto\/carpeta-power-bank-drayton\/#primaryimage\"},\"thumbnailUrl\":\"https:\/\/www.agenciagrafica.cl\/wp-content\/uploads\/2022\/07\/26088.jpg\",\"datePublished\":\"2022-07-07T00:10:53+00:00\",\"breadcrumb\":{\"@id\":\"https:\/\/www.agenciagrafica.cl\/producto\/carpeta-power-bank-drayton\/#breadcrumb\"},\"inLanguage\":\"es\",\"potentialAction\":[{\"@type\":\"ReadAction\",\"target\":[\"https:\/\/www.agenciagrafica.cl\/producto\/carpeta-power-bank-drayton\/\"]}]},{\"@type\":\"ImageObject\",\"inLanguage\":\"es\",\"@id\":\"https:\/\/www.agenciagrafica.cl\/producto\/carpeta-power-bank-drayton\/#primaryimage\",\"url\":\"https:\/\/www.agenciagrafica.cl\/wp-content\/uploads\/2022\/07\/26088.jpg\",\"contentUrl\":\"https:\/\/www.agenciagrafica.cl\/wp-content\/uploads\/2022\/07\/26088.jpg\",\"width\":747,\"height\":747},{\"@type\":\"BreadcrumbList\",\"@id\":\"https:\/\/www.agenciagrafica.cl\/producto\/carpeta-power-bank-drayton\/#breadcrumb\",\"itemListElement\":[{\"@type\":\"ListItem\",\"position\":1,\"name\":\"Portada\",\"item\":\"https:\/\/www.agenciagrafica.cl\/\"},{\"@type\":\"ListItem\",\"position\":2,\"name\":\"Cat\u00e1logo\",\"item\":\"https:\/\/www.agenciagrafica.cl\/?page_id=1613\"},{\"@type\":\"ListItem\",\"position\":3,\"name\":\"Carpeta Power Bank Drayton\"}]},{\"@type\":\"WebSite\",\"@id\":\"https:\/\/www.agenciagrafica.cl\/#website\",\"url\":\"https:\/\/www.agenciagrafica.cl\/\",\"name\":\"AGENCIA GR\u00c1FICA SPA\",\"description\":\"regalos publicitarios personalizados\",\"publisher\":{\"@id\":\"https:\/\/www.agenciagrafica.cl\/#organization\"},\"potentialAction\":[{\"@type\":\"SearchAction\",\"target\":{\"@type\":\"EntryPoint\",\"urlTemplate\":\"https:\/\/www.agenciagrafica.cl\/?s={search_term_string}\"},\"query-input\":{\"@type\":\"PropertyValueSpecification\",\"valueRequired\":true,\"valueName\":\"search_term_string\"}}],\"inLanguage\":\"es\"},{\"@type\":\"Organization\",\"@id\":\"https:\/\/www.agenciagrafica.cl\/#organization\",\"name\":\"AGENCIA GR\u00c1FICA SPA\",\"url\":\"https:\/\/www.agenciagrafica.cl\/\",\"logo\":{\"@type\":\"ImageObject\",\"inLanguage\":\"es\",\"@id\":\"https:\/\/www.agenciagrafica.cl\/#\/schema\/logo\/image\/\",\"url\":\"https:\/\/www.agenciagrafica.cl\/wp-content\/uploads\/2022\/07\/cropped-cropped-agencia-grafica-2-e1657463336302-1.png\",\"contentUrl\":\"https:\/\/www.agenciagrafica.cl\/wp-content\/uploads\/2022\/07\/cropped-cropped-agencia-grafica-2-e1657463336302-1.png\",\"width\":200,\"height\":208,\"caption\":\"AGENCIA GR\u00c1FICA SPA\"},\"image\":{\"@id\":\"https:\/\/www.agenciagrafica.cl\/#\/schema\/logo\/image\/\"}}]}<\/script>\n<!-- \/ Yoast SEO plugin. -->","yoast_head_json":{"title":"Carpeta Power Bank Drayton - AGENCIA GR\u00c1FICA SPA","robots":{"index":"index","follow":"follow","max-snippet":"max-snippet:-1","max-image-preview":"max-image-preview:large","max-video-preview":"max-video-preview:-1"},"canonical":"https:\/\/www.agenciagrafica.cl\/producto\/carpeta-power-bank-drayton\/","og_locale":"es_ES","og_type":"article","og_title":"Carpeta Power Bank Drayton - AGENCIA GR\u00c1FICA SPA","og_description":"Carpeta de resistente poli\u00e9ster 300D con bater\u00eda auxiliar externa de gran capacidad de carga -4.000 mAh- integrada. De sobrio dise\u00f1o y original cierre, pastilla de marcaje con luz led interior y un recubrimiento exterior especialmente dise\u00f1ado para marcaje en l\u00e1ser, con el que conseguir\u00e1 que su publicidad o marca quede iluminada con luz blanca. Multitud de compartimentos para almacenar tarjetas de visita, memorias USB, adem\u00e1s de una funda con cargador inal\u00e1mbrico para smartphone. LED indicadores de estado de carga y salida USB para carga convencional. Incluye bloc de notas de 20 hojas y un soporte para dispositivos m\u00f3viles. El f\u00e1cil acceso a la estaci\u00f3n de carga mediante cable micro USB -incluido- hacen de esta carpeta el gadget perfecto para el mundo de los negocios y los estudios. Presentada en elegante caja negra. Las capacidades mostradas en todas nuestras bater\u00edas auxiliares externas son reales, incorporando todas ellas bater\u00edas de grado A y no recicladas, con una vida \u00fatil de al menos 500 ciclos de carga y seg\u00fan normativa CE. Adem\u00e1s, est\u00e1n fabricadas conforme a los est\u00e1ndares RoHS y en cumplimiento con los siguientes requisitos de seguridad: Sistema de protecci\u00f3n contra sobrecarga del power bank. Sistema de protecci\u00f3n contra descarga completa que proporciona una mayor durabilidad del power bank. Sistema de bloqueo para evitar cortocircuitos. Sistema de transferencia de carga constante, acorde con la capacidad del dispositivo de destino. 1 Led. Inal\u00e1mbrico. 4000 mAh. Bloc 20 Hojas. 1 Salida USB. Entrada Micro USB. Cable Incluido","og_url":"https:\/\/www.agenciagrafica.cl\/producto\/carpeta-power-bank-drayton\/","og_site_name":"AGENCIA GR\u00c1FICA SPA","twitter_card":"summary_large_image","schema":{"@context":"https:\/\/schema.org","@graph":[{"@type":"WebPage","@id":"https:\/\/www.agenciagrafica.cl\/producto\/carpeta-power-bank-drayton\/","url":"https:\/\/www.agenciagrafica.cl\/producto\/carpeta-power-bank-drayton\/","name":"Carpeta Power Bank Drayton - AGENCIA GR\u00c1FICA SPA","isPartOf":{"@id":"https:\/\/www.agenciagrafica.cl\/#website"},"primaryImageOfPage":{"@id":"https:\/\/www.agenciagrafica.cl\/producto\/carpeta-power-bank-drayton\/#primaryimage"},"image":{"@id":"https:\/\/www.agenciagrafica.cl\/producto\/carpeta-power-bank-drayton\/#primaryimage"},"thumbnailUrl":"https:\/\/www.agenciagrafica.cl\/wp-content\/uploads\/2022\/07\/26088.jpg","datePublished":"2022-07-07T00:10:53+00:00","breadcrumb":{"@id":"https:\/\/www.agenciagrafica.cl\/producto\/carpeta-power-bank-drayton\/#breadcrumb"},"inLanguage":"es","potentialAction":[{"@type":"ReadAction","target":["https:\/\/www.agenciagrafica.cl\/producto\/carpeta-power-bank-drayton\/"]}]},{"@type":"ImageObject","inLanguage":"es","@id":"https:\/\/www.agenciagrafica.cl\/producto\/carpeta-power-bank-drayton\/#primaryimage","url":"https:\/\/www.agenciagrafica.cl\/wp-content\/uploads\/2022\/07\/26088.jpg","contentUrl":"https:\/\/www.agenciagrafica.cl\/wp-content\/uploads\/2022\/07\/26088.jpg","width":747,"height":747},{"@type":"BreadcrumbList","@id":"https:\/\/www.agenciagrafica.cl\/producto\/carpeta-power-bank-drayton\/#breadcrumb","itemListElement":[{"@type":"ListItem","position":1,"name":"Portada","item":"https:\/\/www.agenciagrafica.cl\/"},{"@type":"ListItem","position":2,"name":"Cat\u00e1logo","item":"https:\/\/www.agenciagrafica.cl\/?page_id=1613"},{"@type":"ListItem","position":3,"name":"Carpeta Power Bank Drayton"}]},{"@type":"WebSite","@id":"https:\/\/www.agenciagrafica.cl\/#website","url":"https:\/\/www.agenciagrafica.cl\/","name":"AGENCIA GR\u00c1FICA SPA","description":"regalos publicitarios personalizados","publisher":{"@id":"https:\/\/www.agenciagrafica.cl\/#organization"},"potentialAction":[{"@type":"SearchAction","target":{"@type":"EntryPoint","urlTemplate":"https:\/\/www.agenciagrafica.cl\/?s={search_term_string}"},"query-input":{"@type":"PropertyValueSpecification","valueRequired":true,"valueName":"search_term_string"}}],"inLanguage":"es"},{"@type":"Organization","@id":"https:\/\/www.agenciagrafica.cl\/#organization","name":"AGENCIA GR\u00c1FICA SPA","url":"https:\/\/www.agenciagrafica.cl\/","logo":{"@type":"ImageObject","inLanguage":"es","@id":"https:\/\/www.agenciagrafica.cl\/#\/schema\/logo\/image\/","url":"https:\/\/www.agenciagrafica.cl\/wp-content\/uploads\/2022\/07\/cropped-cropped-agencia-grafica-2-e1657463336302-1.png","contentUrl":"https:\/\/www.agenciagrafica.cl\/wp-content\/uploads\/2022\/07\/cropped-cropped-agencia-grafica-2-e1657463336302-1.png","width":200,"height":208,"caption":"AGENCIA GR\u00c1FICA SPA"},"image":{"@id":"https:\/\/www.agenciagrafica.cl\/#\/schema\/logo\/image\/"}}]}},"jetpack_sharing_enabled":true,"_links":{"self":[{"href":"https:\/\/www.agenciagrafica.cl\/index.php?rest_route=\/wp\/v2\/product\/18327","targetHints":{"allow":["GET"]}}],"collection":[{"href":"https:\/\/www.agenciagrafica.cl\/index.php?rest_route=\/wp\/v2\/product"}],"about":[{"href":"https:\/\/www.agenciagrafica.cl\/index.php?rest_route=\/wp\/v2\/types\/product"}],"replies":[{"embeddable":true,"href":"https:\/\/www.agenciagrafica.cl\/index.php?rest_route=%2Fwp%2Fv2%2Fcomments&post=18327"}],"version-history":[{"count":0,"href":"https:\/\/www.agenciagrafica.cl\/index.php?rest_route=\/wp\/v2\/product\/18327\/revisions"}],"wp:featuredmedia":[{"embeddable":true,"href":"https:\/\/www.agenciagrafica.cl\/index.php?rest_route=\/wp\/v2\/media\/18323"}],"wp:attachment":[{"href":"https:\/\/www.agenciagrafica.cl\/index.php?rest_route=%2Fwp%2Fv2%2Fmedia&parent=18327"}],"wp:term":[{"taxonomy":"product_brand","embeddable":true,"href":"https:\/\/www.agenciagrafica.cl\/index.php?rest_route=%2Fwp%2Fv2%2Fproduct_brand&post=18327"},{"taxonomy":"product_cat","embeddable":true,"href":"https:\/\/www.agenciagrafica.cl\/index.php?rest_route=%2Fwp%2Fv2%2Fproduct_cat&post=18327"},{"taxonomy":"product_tag","embeddable":true,"href":"https:\/\/www.agenciagrafica.cl\/index.php?rest_route=%2Fwp%2Fv2%2Fproduct_tag&post=18327"}],"curies":[{"name":"wp","href":"https:\/\/api.w.org\/{rel}","templated":true}]}}