{"id":15345,"date":"2022-07-06T02:11:41","date_gmt":"2022-07-06T02:11:41","guid":{"rendered":"https:\/\/www.agenciagrafica.cl\/producto\/audifonos-legolax\/"},"modified":"2022-07-06T02:11:41","modified_gmt":"2022-07-06T02:11:41","slug":"audifonos-legolax","status":"publish","type":"product","link":"https:\/\/www.agenciagrafica.cl\/?product=audifonos-legolax","title":{"rendered":"Aud\u00edfonos Legolax"},"content":{"rendered":"<table cellspacing='0' cellpadding='0' style='border:none' width=500px>\n<tr>\n<th style='text-align:left; background-color:#696969; border: 1px solid #696969; color:#fff;' colspan='2'>CARACTER\u00cdSTICAS<\/th>\n<\/tr>\n<tr>\n<td style='text-align:left; border: 1px solid #696969;'>Especificaciones art\u00edculo<\/td>\n<td style='text-align:left; border: 1px solid #696969;'>18.5 cm \/ 18 cm \/ 7.8 cm | 216 gr<\/td>\n<\/tr>\n<tr>\n<td style='text-align:left; border: 1px solid #696969;'>Packaging: alto (cm)<\/td>\n<td style='text-align:left; border: 1px solid #696969;'>44<\/td>\n<\/tr>\n<tr>\n<td style='text-align:left; border: 1px solid #696969;'>Packaging: largo (cm) <\/td>\n<td style='text-align:left; border: 1px solid #696969;'>44<\/td>\n<\/tr>\n<tr>\n<td style='text-align:left; border: 1px solid #696969;'>Packaging: ancho (cm) <\/td>\n<td style='text-align:left; border: 1px solid #696969;'>40<\/td>\n<\/tr>\n<tr>\n<td style='text-align:left; border: 1px solid #696969;'>Peso caja (Kgr)<\/td>\n<td style='text-align:left; border: 1px solid #696969;'>7.8<\/td>\n<\/tr>\n<tr>\n<td style='text-align:left; border: 1px solid #696969;'>Unidades\/caja<\/td>\n<td style='text-align:left; border: 1px solid #696969;'>20<\/td>\n<\/tr>\n<tr>\n<td style='text-align:left; border: 1px solid #696969;'>Incluye bater\u00edas<\/td>\n<td style='text-align:left; border: 1px solid #696969;'>Si<\/td>\n<\/tr>\n<\/table>\n<p>&nbsp;<\/p>\n<table cellspacing='0' cellpadding='0' style='border:none' width=500px>\n<tr>\n<th style='text-align:center; background-color:#696969; border: 1px solid #696969; color:#fff;'>MARCAJE<\/th>\n<\/tr>\n<tr>\n<td><a href='http:\/\/makito.es\/WebRoot\/Store\/Shops\/Makito\/59AF\/F817\/6A68\/AEA1\/3DCA\/AC14\/0003\/447C\/5531-A1.jpg'>TAMPOGRAF\u00cdA F: EN EL LATERAL.max: 2&#215;4 cm<\/a><\/td>\n<\/tr>\n<\/table>\n","protected":false},"excerpt":{"rendered":"<p>Auriculares plegables de diadema con conexi\u00f3n Bluetooth\u00ae y desenfadado dise\u00f1o en variada gama de vivos colores brillantes. Con panel de control integrado en el auricular, funci\u00f3n manos libres, radio FM, ranura para tarjetas mini SD de hasta 32 GB de capacidad y recargables mediante cable USB -incluido-. Almohadillas en suave polipiel y presentados en atractiva caja de dise\u00f1o. Conexi\u00f3n Bluetooth. Conexi\u00f3n Jack 3,5 mm. Recargable USB. Cable Incluido<\/p>\n","protected":false},"featured_media":15336,"comment_status":"open","ping_status":"closed","template":"","meta":{"site-sidebar-layout":"default","site-content-layout":"default","ast-global-header-display":"","ast-main-header-display":"","ast-hfb-above-header-display":"","ast-hfb-below-header-display":"","ast-hfb-mobile-header-display":"","site-post-title":"","ast-breadcrumbs-content":"","ast-featured-img":"","footer-sml-layout":"","theme-transparent-header-meta":"","adv-header-id-meta":"","stick-header-meta":"","header-above-stick-meta":"","header-main-stick-meta":"","header-below-stick-meta":""},"product_brand":[],"product_cat":[291],"product_tag":[],"class_list":{"0":"post-15345","1":"product","2":"type-product","3":"status-publish","4":"has-post-thumbnail","6":"product_cat-tecnologia","7":"desktop-align-left","8":"tablet-align-left","9":"mobile-align-left","11":"first","12":"instock","13":"shipping-taxable","14":"product-type-simple"},"yoast_head":"<!-- This site is optimized with the Yoast SEO plugin v24.6 - https:\/\/yoast.com\/wordpress\/plugins\/seo\/ -->\n<title>Aud\u00edfonos Legolax - AGENCIA GR\u00c1FICA SPA<\/title>\n<meta name=\"robots\" content=\"index, follow, max-snippet:-1, max-image-preview:large, max-video-preview:-1\" \/>\n<link rel=\"canonical\" href=\"https:\/\/www.agenciagrafica.cl\/producto\/audifonos-legolax\/\" \/>\n<meta property=\"og:locale\" content=\"es_ES\" \/>\n<meta property=\"og:type\" content=\"article\" \/>\n<meta property=\"og:title\" content=\"Aud\u00edfonos Legolax - AGENCIA GR\u00c1FICA SPA\" \/>\n<meta property=\"og:description\" content=\"Auriculares plegables de diadema con conexi\u00f3n Bluetooth\u00ae y desenfadado dise\u00f1o en variada gama de vivos colores brillantes. Con panel de control integrado en el auricular, funci\u00f3n manos libres, radio FM, ranura para tarjetas mini SD de hasta 32 GB de capacidad y recargables mediante cable USB -incluido-. Almohadillas en suave polipiel y presentados en atractiva caja de dise\u00f1o. Conexi\u00f3n Bluetooth. Conexi\u00f3n Jack 3,5 mm. Recargable USB. Cable Incluido\" \/>\n<meta property=\"og:url\" content=\"https:\/\/www.agenciagrafica.cl\/producto\/audifonos-legolax\/\" \/>\n<meta property=\"og:site_name\" content=\"AGENCIA GR\u00c1FICA SPA\" \/>\n<meta name=\"twitter:card\" content=\"summary_large_image\" \/>\n<script type=\"application\/ld+json\" class=\"yoast-schema-graph\">{\"@context\":\"https:\/\/schema.org\",\"@graph\":[{\"@type\":\"WebPage\",\"@id\":\"https:\/\/www.agenciagrafica.cl\/producto\/audifonos-legolax\/\",\"url\":\"https:\/\/www.agenciagrafica.cl\/producto\/audifonos-legolax\/\",\"name\":\"Aud\u00edfonos Legolax - AGENCIA GR\u00c1FICA SPA\",\"isPartOf\":{\"@id\":\"https:\/\/www.agenciagrafica.cl\/#website\"},\"primaryImageOfPage\":{\"@id\":\"https:\/\/www.agenciagrafica.cl\/producto\/audifonos-legolax\/#primaryimage\"},\"image\":{\"@id\":\"https:\/\/www.agenciagrafica.cl\/producto\/audifonos-legolax\/#primaryimage\"},\"thumbnailUrl\":\"https:\/\/www.agenciagrafica.cl\/wp-content\/uploads\/2022\/07\/10612.jpg\",\"datePublished\":\"2022-07-06T02:11:41+00:00\",\"breadcrumb\":{\"@id\":\"https:\/\/www.agenciagrafica.cl\/producto\/audifonos-legolax\/#breadcrumb\"},\"inLanguage\":\"es\",\"potentialAction\":[{\"@type\":\"ReadAction\",\"target\":[\"https:\/\/www.agenciagrafica.cl\/producto\/audifonos-legolax\/\"]}]},{\"@type\":\"ImageObject\",\"inLanguage\":\"es\",\"@id\":\"https:\/\/www.agenciagrafica.cl\/producto\/audifonos-legolax\/#primaryimage\",\"url\":\"https:\/\/www.agenciagrafica.cl\/wp-content\/uploads\/2022\/07\/10612.jpg\",\"contentUrl\":\"https:\/\/www.agenciagrafica.cl\/wp-content\/uploads\/2022\/07\/10612.jpg\",\"width\":1000,\"height\":1000},{\"@type\":\"BreadcrumbList\",\"@id\":\"https:\/\/www.agenciagrafica.cl\/producto\/audifonos-legolax\/#breadcrumb\",\"itemListElement\":[{\"@type\":\"ListItem\",\"position\":1,\"name\":\"Portada\",\"item\":\"https:\/\/www.agenciagrafica.cl\/\"},{\"@type\":\"ListItem\",\"position\":2,\"name\":\"Cat\u00e1logo\",\"item\":\"https:\/\/www.agenciagrafica.cl\/?page_id=1613\"},{\"@type\":\"ListItem\",\"position\":3,\"name\":\"Aud\u00edfonos Legolax\"}]},{\"@type\":\"WebSite\",\"@id\":\"https:\/\/www.agenciagrafica.cl\/#website\",\"url\":\"https:\/\/www.agenciagrafica.cl\/\",\"name\":\"AGENCIA GR\u00c1FICA SPA\",\"description\":\"regalos publicitarios personalizados\",\"publisher\":{\"@id\":\"https:\/\/www.agenciagrafica.cl\/#organization\"},\"potentialAction\":[{\"@type\":\"SearchAction\",\"target\":{\"@type\":\"EntryPoint\",\"urlTemplate\":\"https:\/\/www.agenciagrafica.cl\/?s={search_term_string}\"},\"query-input\":{\"@type\":\"PropertyValueSpecification\",\"valueRequired\":true,\"valueName\":\"search_term_string\"}}],\"inLanguage\":\"es\"},{\"@type\":\"Organization\",\"@id\":\"https:\/\/www.agenciagrafica.cl\/#organization\",\"name\":\"AGENCIA GR\u00c1FICA SPA\",\"url\":\"https:\/\/www.agenciagrafica.cl\/\",\"logo\":{\"@type\":\"ImageObject\",\"inLanguage\":\"es\",\"@id\":\"https:\/\/www.agenciagrafica.cl\/#\/schema\/logo\/image\/\",\"url\":\"https:\/\/www.agenciagrafica.cl\/wp-content\/uploads\/2022\/07\/cropped-cropped-agencia-grafica-2-e1657463336302-1.png\",\"contentUrl\":\"https:\/\/www.agenciagrafica.cl\/wp-content\/uploads\/2022\/07\/cropped-cropped-agencia-grafica-2-e1657463336302-1.png\",\"width\":200,\"height\":208,\"caption\":\"AGENCIA GR\u00c1FICA SPA\"},\"image\":{\"@id\":\"https:\/\/www.agenciagrafica.cl\/#\/schema\/logo\/image\/\"}}]}<\/script>\n<!-- \/ Yoast SEO plugin. -->","yoast_head_json":{"title":"Aud\u00edfonos Legolax - AGENCIA GR\u00c1FICA SPA","robots":{"index":"index","follow":"follow","max-snippet":"max-snippet:-1","max-image-preview":"max-image-preview:large","max-video-preview":"max-video-preview:-1"},"canonical":"https:\/\/www.agenciagrafica.cl\/producto\/audifonos-legolax\/","og_locale":"es_ES","og_type":"article","og_title":"Aud\u00edfonos Legolax - AGENCIA GR\u00c1FICA SPA","og_description":"Auriculares plegables de diadema con conexi\u00f3n Bluetooth\u00ae y desenfadado dise\u00f1o en variada gama de vivos colores brillantes. Con panel de control integrado en el auricular, funci\u00f3n manos libres, radio FM, ranura para tarjetas mini SD de hasta 32 GB de capacidad y recargables mediante cable USB -incluido-. Almohadillas en suave polipiel y presentados en atractiva caja de dise\u00f1o. Conexi\u00f3n Bluetooth. Conexi\u00f3n Jack 3,5 mm. Recargable USB. Cable Incluido","og_url":"https:\/\/www.agenciagrafica.cl\/producto\/audifonos-legolax\/","og_site_name":"AGENCIA GR\u00c1FICA SPA","twitter_card":"summary_large_image","schema":{"@context":"https:\/\/schema.org","@graph":[{"@type":"WebPage","@id":"https:\/\/www.agenciagrafica.cl\/producto\/audifonos-legolax\/","url":"https:\/\/www.agenciagrafica.cl\/producto\/audifonos-legolax\/","name":"Aud\u00edfonos Legolax - AGENCIA GR\u00c1FICA SPA","isPartOf":{"@id":"https:\/\/www.agenciagrafica.cl\/#website"},"primaryImageOfPage":{"@id":"https:\/\/www.agenciagrafica.cl\/producto\/audifonos-legolax\/#primaryimage"},"image":{"@id":"https:\/\/www.agenciagrafica.cl\/producto\/audifonos-legolax\/#primaryimage"},"thumbnailUrl":"https:\/\/www.agenciagrafica.cl\/wp-content\/uploads\/2022\/07\/10612.jpg","datePublished":"2022-07-06T02:11:41+00:00","breadcrumb":{"@id":"https:\/\/www.agenciagrafica.cl\/producto\/audifonos-legolax\/#breadcrumb"},"inLanguage":"es","potentialAction":[{"@type":"ReadAction","target":["https:\/\/www.agenciagrafica.cl\/producto\/audifonos-legolax\/"]}]},{"@type":"ImageObject","inLanguage":"es","@id":"https:\/\/www.agenciagrafica.cl\/producto\/audifonos-legolax\/#primaryimage","url":"https:\/\/www.agenciagrafica.cl\/wp-content\/uploads\/2022\/07\/10612.jpg","contentUrl":"https:\/\/www.agenciagrafica.cl\/wp-content\/uploads\/2022\/07\/10612.jpg","width":1000,"height":1000},{"@type":"BreadcrumbList","@id":"https:\/\/www.agenciagrafica.cl\/producto\/audifonos-legolax\/#breadcrumb","itemListElement":[{"@type":"ListItem","position":1,"name":"Portada","item":"https:\/\/www.agenciagrafica.cl\/"},{"@type":"ListItem","position":2,"name":"Cat\u00e1logo","item":"https:\/\/www.agenciagrafica.cl\/?page_id=1613"},{"@type":"ListItem","position":3,"name":"Aud\u00edfonos Legolax"}]},{"@type":"WebSite","@id":"https:\/\/www.agenciagrafica.cl\/#website","url":"https:\/\/www.agenciagrafica.cl\/","name":"AGENCIA GR\u00c1FICA SPA","description":"regalos publicitarios personalizados","publisher":{"@id":"https:\/\/www.agenciagrafica.cl\/#organization"},"potentialAction":[{"@type":"SearchAction","target":{"@type":"EntryPoint","urlTemplate":"https:\/\/www.agenciagrafica.cl\/?s={search_term_string}"},"query-input":{"@type":"PropertyValueSpecification","valueRequired":true,"valueName":"search_term_string"}}],"inLanguage":"es"},{"@type":"Organization","@id":"https:\/\/www.agenciagrafica.cl\/#organization","name":"AGENCIA GR\u00c1FICA SPA","url":"https:\/\/www.agenciagrafica.cl\/","logo":{"@type":"ImageObject","inLanguage":"es","@id":"https:\/\/www.agenciagrafica.cl\/#\/schema\/logo\/image\/","url":"https:\/\/www.agenciagrafica.cl\/wp-content\/uploads\/2022\/07\/cropped-cropped-agencia-grafica-2-e1657463336302-1.png","contentUrl":"https:\/\/www.agenciagrafica.cl\/wp-content\/uploads\/2022\/07\/cropped-cropped-agencia-grafica-2-e1657463336302-1.png","width":200,"height":208,"caption":"AGENCIA GR\u00c1FICA SPA"},"image":{"@id":"https:\/\/www.agenciagrafica.cl\/#\/schema\/logo\/image\/"}}]}},"jetpack_sharing_enabled":true,"_links":{"self":[{"href":"https:\/\/www.agenciagrafica.cl\/index.php?rest_route=\/wp\/v2\/product\/15345","targetHints":{"allow":["GET"]}}],"collection":[{"href":"https:\/\/www.agenciagrafica.cl\/index.php?rest_route=\/wp\/v2\/product"}],"about":[{"href":"https:\/\/www.agenciagrafica.cl\/index.php?rest_route=\/wp\/v2\/types\/product"}],"replies":[{"embeddable":true,"href":"https:\/\/www.agenciagrafica.cl\/index.php?rest_route=%2Fwp%2Fv2%2Fcomments&post=15345"}],"version-history":[{"count":0,"href":"https:\/\/www.agenciagrafica.cl\/index.php?rest_route=\/wp\/v2\/product\/15345\/revisions"}],"wp:featuredmedia":[{"embeddable":true,"href":"https:\/\/www.agenciagrafica.cl\/index.php?rest_route=\/wp\/v2\/media\/15336"}],"wp:attachment":[{"href":"https:\/\/www.agenciagrafica.cl\/index.php?rest_route=%2Fwp%2Fv2%2Fmedia&parent=15345"}],"wp:term":[{"taxonomy":"product_brand","embeddable":true,"href":"https:\/\/www.agenciagrafica.cl\/index.php?rest_route=%2Fwp%2Fv2%2Fproduct_brand&post=15345"},{"taxonomy":"product_cat","embeddable":true,"href":"https:\/\/www.agenciagrafica.cl\/index.php?rest_route=%2Fwp%2Fv2%2Fproduct_cat&post=15345"},{"taxonomy":"product_tag","embeddable":true,"href":"https:\/\/www.agenciagrafica.cl\/index.php?rest_route=%2Fwp%2Fv2%2Fproduct_tag&post=15345"}],"curies":[{"name":"wp","href":"https:\/\/api.w.org\/{rel}","templated":true}]}}