{"id":13044,"date":"2022-07-06T01:12:17","date_gmt":"2022-07-06T01:12:17","guid":{"rendered":"https:\/\/www.agenciagrafica.cl\/producto\/power-bank-sirouk\/"},"modified":"2022-07-06T01:12:17","modified_gmt":"2022-07-06T01:12:17","slug":"power-bank-sirouk","status":"publish","type":"product","link":"https:\/\/www.agenciagrafica.cl\/?product=power-bank-sirouk","title":{"rendered":"Power Bank Sirouk"},"content":{"rendered":"<table cellspacing='0' cellpadding='0' style='border:none' width=500px>\n<tr>\n<th style='text-align:left; background-color:#696969; border: 1px solid #696969; color:#fff;' colspan='2'>CARACTER\u00cdSTICAS<\/th>\n<\/tr>\n<tr>\n<td style='text-align:left; border: 1px solid #696969;'>Especificaciones art\u00edculo<\/td>\n<td style='text-align:left; border: 1px solid #696969;'>9.2 cm \/ 2.5 cm \/ 2.5 cm | 72 gr<\/td>\n<\/tr>\n<tr>\n<td style='text-align:left; border: 1px solid #696969;'>Packaging: alto (cm)<\/td>\n<td style='text-align:left; border: 1px solid #696969;'>37<\/td>\n<\/tr>\n<tr>\n<td style='text-align:left; border: 1px solid #696969;'>Packaging: largo (cm) <\/td>\n<td style='text-align:left; border: 1px solid #696969;'>43<\/td>\n<\/tr>\n<tr>\n<td style='text-align:left; border: 1px solid #696969;'>Packaging: ancho (cm) <\/td>\n<td style='text-align:left; border: 1px solid #696969;'>32<\/td>\n<\/tr>\n<tr>\n<td style='text-align:left; border: 1px solid #696969;'>Peso caja (Kgr)<\/td>\n<td style='text-align:left; border: 1px solid #696969;'>12<\/td>\n<\/tr>\n<tr>\n<td style='text-align:left; border: 1px solid #696969;'>Unidades\/caja<\/td>\n<td style='text-align:left; border: 1px solid #696969;'>100<\/td>\n<\/tr>\n<tr>\n<td style='text-align:left; border: 1px solid #696969;'>Incluye bater\u00edas<\/td>\n<td style='text-align:left; border: 1px solid #696969;'>Si<\/td>\n<\/tr>\n<\/table>\n<p>&nbsp;<\/p>\n<table cellspacing='0' cellpadding='0' style='border:none' width=500px>\n<tr>\n<th style='text-align:center; background-color:#696969; border: 1px solid #696969; color:#fff;'>MARCAJE<\/th>\n<\/tr>\n<tr>\n<td><a href='http:\/\/makito.es\/WebRoot\/Store\/Shops\/Makito\/5976\/483A\/22D7\/5031\/15F7\/AC14\/0003\/1AA6\/4956-A1.jpg'>TAMPOGRAF\u00cdA D: LATERAL.max: 6&#215;1.5 cm<\/a><\/td>\n<\/tr>\n<\/table>\n","protected":false},"excerpt":{"rendered":"<p>Bater\u00eda auxiliar externa con carcasa transparente de 2.000 mAh de capacidad de carga en llamativos colores, con cable micro USB y una amplia superficie de marcaje en todas sus caras. Indicador led de estado de carga, con cinta de transporte a juego y presentada en atractiva caja de dise\u00f1o. Las capacidades mostradas en todas nuestras bater\u00edas auxiliares externas son reales, incorporando todas ellas bater\u00edas de grado A y no recicladas, con una vida \u00fatil de al menos 500 ciclos de carga y seg\u00fan normativa CE. Adem\u00e1s, est\u00e1n fabricadas conforme a los est\u00e1ndares RoHS y en cumplimiento con los siguientes requisitos de seguridad: Sistema de protecci\u00f3n contra sobrecarga del power bank. Sistema de protecci\u00f3n contra descarga completa que proporciona una mayor durabilidad del power bank. Sistema de bloqueo para evitar cortocircuitos. Sistema de transferencia de carga constante, acorde con la capacidad del dispositivo de destino. 2000 mAh. 1 Salida USB. Entrada Micro USB. Cable Incluido<\/p>\n","protected":false},"featured_media":13034,"comment_status":"open","ping_status":"closed","template":"","meta":{"site-sidebar-layout":"default","site-content-layout":"default","ast-global-header-display":"","ast-main-header-display":"","ast-hfb-above-header-display":"","ast-hfb-below-header-display":"","ast-hfb-mobile-header-display":"","site-post-title":"","ast-breadcrumbs-content":"","ast-featured-img":"","footer-sml-layout":"","theme-transparent-header-meta":"","adv-header-id-meta":"","stick-header-meta":"","header-above-stick-meta":"","header-main-stick-meta":"","header-below-stick-meta":""},"product_brand":[],"product_cat":[291],"product_tag":[],"class_list":{"0":"post-13044","1":"product","2":"type-product","3":"status-publish","4":"has-post-thumbnail","6":"product_cat-tecnologia","7":"desktop-align-left","8":"tablet-align-left","9":"mobile-align-left","11":"first","12":"instock","13":"shipping-taxable","14":"product-type-simple"},"yoast_head":"<!-- This site is optimized with the Yoast SEO plugin v24.6 - https:\/\/yoast.com\/wordpress\/plugins\/seo\/ -->\n<title>Power Bank Sirouk - AGENCIA GR\u00c1FICA SPA<\/title>\n<meta name=\"robots\" content=\"index, follow, max-snippet:-1, max-image-preview:large, max-video-preview:-1\" \/>\n<link rel=\"canonical\" href=\"https:\/\/www.agenciagrafica.cl\/producto\/power-bank-sirouk\/\" \/>\n<meta property=\"og:locale\" content=\"es_ES\" \/>\n<meta property=\"og:type\" content=\"article\" \/>\n<meta property=\"og:title\" content=\"Power Bank Sirouk - AGENCIA GR\u00c1FICA SPA\" \/>\n<meta property=\"og:description\" content=\"Bater\u00eda auxiliar externa con carcasa transparente de 2.000 mAh de capacidad de carga en llamativos colores, con cable micro USB y una amplia superficie de marcaje en todas sus caras. Indicador led de estado de carga, con cinta de transporte a juego y presentada en atractiva caja de dise\u00f1o. Las capacidades mostradas en todas nuestras bater\u00edas auxiliares externas son reales, incorporando todas ellas bater\u00edas de grado A y no recicladas, con una vida \u00fatil de al menos 500 ciclos de carga y seg\u00fan normativa CE. Adem\u00e1s, est\u00e1n fabricadas conforme a los est\u00e1ndares RoHS y en cumplimiento con los siguientes requisitos de seguridad: Sistema de protecci\u00f3n contra sobrecarga del power bank. Sistema de protecci\u00f3n contra descarga completa que proporciona una mayor durabilidad del power bank. Sistema de bloqueo para evitar cortocircuitos. Sistema de transferencia de carga constante, acorde con la capacidad del dispositivo de destino. 2000 mAh. 1 Salida USB. Entrada Micro USB. Cable Incluido\" \/>\n<meta property=\"og:url\" content=\"https:\/\/www.agenciagrafica.cl\/producto\/power-bank-sirouk\/\" \/>\n<meta property=\"og:site_name\" content=\"AGENCIA GR\u00c1FICA SPA\" \/>\n<meta name=\"twitter:card\" content=\"summary_large_image\" \/>\n<script type=\"application\/ld+json\" class=\"yoast-schema-graph\">{\"@context\":\"https:\/\/schema.org\",\"@graph\":[{\"@type\":\"WebPage\",\"@id\":\"https:\/\/www.agenciagrafica.cl\/producto\/power-bank-sirouk\/\",\"url\":\"https:\/\/www.agenciagrafica.cl\/producto\/power-bank-sirouk\/\",\"name\":\"Power Bank Sirouk - AGENCIA GR\u00c1FICA SPA\",\"isPartOf\":{\"@id\":\"https:\/\/www.agenciagrafica.cl\/#website\"},\"primaryImageOfPage\":{\"@id\":\"https:\/\/www.agenciagrafica.cl\/producto\/power-bank-sirouk\/#primaryimage\"},\"image\":{\"@id\":\"https:\/\/www.agenciagrafica.cl\/producto\/power-bank-sirouk\/#primaryimage\"},\"thumbnailUrl\":\"https:\/\/www.agenciagrafica.cl\/wp-content\/uploads\/2022\/07\/8014.jpg\",\"datePublished\":\"2022-07-06T01:12:17+00:00\",\"breadcrumb\":{\"@id\":\"https:\/\/www.agenciagrafica.cl\/producto\/power-bank-sirouk\/#breadcrumb\"},\"inLanguage\":\"es\",\"potentialAction\":[{\"@type\":\"ReadAction\",\"target\":[\"https:\/\/www.agenciagrafica.cl\/producto\/power-bank-sirouk\/\"]}]},{\"@type\":\"ImageObject\",\"inLanguage\":\"es\",\"@id\":\"https:\/\/www.agenciagrafica.cl\/producto\/power-bank-sirouk\/#primaryimage\",\"url\":\"https:\/\/www.agenciagrafica.cl\/wp-content\/uploads\/2022\/07\/8014.jpg\",\"contentUrl\":\"https:\/\/www.agenciagrafica.cl\/wp-content\/uploads\/2022\/07\/8014.jpg\",\"width\":600,\"height\":600},{\"@type\":\"BreadcrumbList\",\"@id\":\"https:\/\/www.agenciagrafica.cl\/producto\/power-bank-sirouk\/#breadcrumb\",\"itemListElement\":[{\"@type\":\"ListItem\",\"position\":1,\"name\":\"Portada\",\"item\":\"https:\/\/www.agenciagrafica.cl\/\"},{\"@type\":\"ListItem\",\"position\":2,\"name\":\"Cat\u00e1logo\",\"item\":\"https:\/\/www.agenciagrafica.cl\/?page_id=1613\"},{\"@type\":\"ListItem\",\"position\":3,\"name\":\"Power Bank Sirouk\"}]},{\"@type\":\"WebSite\",\"@id\":\"https:\/\/www.agenciagrafica.cl\/#website\",\"url\":\"https:\/\/www.agenciagrafica.cl\/\",\"name\":\"AGENCIA GR\u00c1FICA SPA\",\"description\":\"regalos publicitarios personalizados\",\"publisher\":{\"@id\":\"https:\/\/www.agenciagrafica.cl\/#organization\"},\"potentialAction\":[{\"@type\":\"SearchAction\",\"target\":{\"@type\":\"EntryPoint\",\"urlTemplate\":\"https:\/\/www.agenciagrafica.cl\/?s={search_term_string}\"},\"query-input\":{\"@type\":\"PropertyValueSpecification\",\"valueRequired\":true,\"valueName\":\"search_term_string\"}}],\"inLanguage\":\"es\"},{\"@type\":\"Organization\",\"@id\":\"https:\/\/www.agenciagrafica.cl\/#organization\",\"name\":\"AGENCIA GR\u00c1FICA SPA\",\"url\":\"https:\/\/www.agenciagrafica.cl\/\",\"logo\":{\"@type\":\"ImageObject\",\"inLanguage\":\"es\",\"@id\":\"https:\/\/www.agenciagrafica.cl\/#\/schema\/logo\/image\/\",\"url\":\"https:\/\/www.agenciagrafica.cl\/wp-content\/uploads\/2022\/07\/cropped-cropped-agencia-grafica-2-e1657463336302-1.png\",\"contentUrl\":\"https:\/\/www.agenciagrafica.cl\/wp-content\/uploads\/2022\/07\/cropped-cropped-agencia-grafica-2-e1657463336302-1.png\",\"width\":200,\"height\":208,\"caption\":\"AGENCIA GR\u00c1FICA SPA\"},\"image\":{\"@id\":\"https:\/\/www.agenciagrafica.cl\/#\/schema\/logo\/image\/\"}}]}<\/script>\n<!-- \/ Yoast SEO plugin. -->","yoast_head_json":{"title":"Power Bank Sirouk - AGENCIA GR\u00c1FICA SPA","robots":{"index":"index","follow":"follow","max-snippet":"max-snippet:-1","max-image-preview":"max-image-preview:large","max-video-preview":"max-video-preview:-1"},"canonical":"https:\/\/www.agenciagrafica.cl\/producto\/power-bank-sirouk\/","og_locale":"es_ES","og_type":"article","og_title":"Power Bank Sirouk - AGENCIA GR\u00c1FICA SPA","og_description":"Bater\u00eda auxiliar externa con carcasa transparente de 2.000 mAh de capacidad de carga en llamativos colores, con cable micro USB y una amplia superficie de marcaje en todas sus caras. Indicador led de estado de carga, con cinta de transporte a juego y presentada en atractiva caja de dise\u00f1o. Las capacidades mostradas en todas nuestras bater\u00edas auxiliares externas son reales, incorporando todas ellas bater\u00edas de grado A y no recicladas, con una vida \u00fatil de al menos 500 ciclos de carga y seg\u00fan normativa CE. Adem\u00e1s, est\u00e1n fabricadas conforme a los est\u00e1ndares RoHS y en cumplimiento con los siguientes requisitos de seguridad: Sistema de protecci\u00f3n contra sobrecarga del power bank. Sistema de protecci\u00f3n contra descarga completa que proporciona una mayor durabilidad del power bank. Sistema de bloqueo para evitar cortocircuitos. Sistema de transferencia de carga constante, acorde con la capacidad del dispositivo de destino. 2000 mAh. 1 Salida USB. Entrada Micro USB. Cable Incluido","og_url":"https:\/\/www.agenciagrafica.cl\/producto\/power-bank-sirouk\/","og_site_name":"AGENCIA GR\u00c1FICA SPA","twitter_card":"summary_large_image","schema":{"@context":"https:\/\/schema.org","@graph":[{"@type":"WebPage","@id":"https:\/\/www.agenciagrafica.cl\/producto\/power-bank-sirouk\/","url":"https:\/\/www.agenciagrafica.cl\/producto\/power-bank-sirouk\/","name":"Power Bank Sirouk - AGENCIA GR\u00c1FICA SPA","isPartOf":{"@id":"https:\/\/www.agenciagrafica.cl\/#website"},"primaryImageOfPage":{"@id":"https:\/\/www.agenciagrafica.cl\/producto\/power-bank-sirouk\/#primaryimage"},"image":{"@id":"https:\/\/www.agenciagrafica.cl\/producto\/power-bank-sirouk\/#primaryimage"},"thumbnailUrl":"https:\/\/www.agenciagrafica.cl\/wp-content\/uploads\/2022\/07\/8014.jpg","datePublished":"2022-07-06T01:12:17+00:00","breadcrumb":{"@id":"https:\/\/www.agenciagrafica.cl\/producto\/power-bank-sirouk\/#breadcrumb"},"inLanguage":"es","potentialAction":[{"@type":"ReadAction","target":["https:\/\/www.agenciagrafica.cl\/producto\/power-bank-sirouk\/"]}]},{"@type":"ImageObject","inLanguage":"es","@id":"https:\/\/www.agenciagrafica.cl\/producto\/power-bank-sirouk\/#primaryimage","url":"https:\/\/www.agenciagrafica.cl\/wp-content\/uploads\/2022\/07\/8014.jpg","contentUrl":"https:\/\/www.agenciagrafica.cl\/wp-content\/uploads\/2022\/07\/8014.jpg","width":600,"height":600},{"@type":"BreadcrumbList","@id":"https:\/\/www.agenciagrafica.cl\/producto\/power-bank-sirouk\/#breadcrumb","itemListElement":[{"@type":"ListItem","position":1,"name":"Portada","item":"https:\/\/www.agenciagrafica.cl\/"},{"@type":"ListItem","position":2,"name":"Cat\u00e1logo","item":"https:\/\/www.agenciagrafica.cl\/?page_id=1613"},{"@type":"ListItem","position":3,"name":"Power Bank Sirouk"}]},{"@type":"WebSite","@id":"https:\/\/www.agenciagrafica.cl\/#website","url":"https:\/\/www.agenciagrafica.cl\/","name":"AGENCIA GR\u00c1FICA SPA","description":"regalos publicitarios personalizados","publisher":{"@id":"https:\/\/www.agenciagrafica.cl\/#organization"},"potentialAction":[{"@type":"SearchAction","target":{"@type":"EntryPoint","urlTemplate":"https:\/\/www.agenciagrafica.cl\/?s={search_term_string}"},"query-input":{"@type":"PropertyValueSpecification","valueRequired":true,"valueName":"search_term_string"}}],"inLanguage":"es"},{"@type":"Organization","@id":"https:\/\/www.agenciagrafica.cl\/#organization","name":"AGENCIA GR\u00c1FICA SPA","url":"https:\/\/www.agenciagrafica.cl\/","logo":{"@type":"ImageObject","inLanguage":"es","@id":"https:\/\/www.agenciagrafica.cl\/#\/schema\/logo\/image\/","url":"https:\/\/www.agenciagrafica.cl\/wp-content\/uploads\/2022\/07\/cropped-cropped-agencia-grafica-2-e1657463336302-1.png","contentUrl":"https:\/\/www.agenciagrafica.cl\/wp-content\/uploads\/2022\/07\/cropped-cropped-agencia-grafica-2-e1657463336302-1.png","width":200,"height":208,"caption":"AGENCIA GR\u00c1FICA SPA"},"image":{"@id":"https:\/\/www.agenciagrafica.cl\/#\/schema\/logo\/image\/"}}]}},"jetpack_sharing_enabled":true,"_links":{"self":[{"href":"https:\/\/www.agenciagrafica.cl\/index.php?rest_route=\/wp\/v2\/product\/13044","targetHints":{"allow":["GET"]}}],"collection":[{"href":"https:\/\/www.agenciagrafica.cl\/index.php?rest_route=\/wp\/v2\/product"}],"about":[{"href":"https:\/\/www.agenciagrafica.cl\/index.php?rest_route=\/wp\/v2\/types\/product"}],"replies":[{"embeddable":true,"href":"https:\/\/www.agenciagrafica.cl\/index.php?rest_route=%2Fwp%2Fv2%2Fcomments&post=13044"}],"version-history":[{"count":0,"href":"https:\/\/www.agenciagrafica.cl\/index.php?rest_route=\/wp\/v2\/product\/13044\/revisions"}],"wp:featuredmedia":[{"embeddable":true,"href":"https:\/\/www.agenciagrafica.cl\/index.php?rest_route=\/wp\/v2\/media\/13034"}],"wp:attachment":[{"href":"https:\/\/www.agenciagrafica.cl\/index.php?rest_route=%2Fwp%2Fv2%2Fmedia&parent=13044"}],"wp:term":[{"taxonomy":"product_brand","embeddable":true,"href":"https:\/\/www.agenciagrafica.cl\/index.php?rest_route=%2Fwp%2Fv2%2Fproduct_brand&post=13044"},{"taxonomy":"product_cat","embeddable":true,"href":"https:\/\/www.agenciagrafica.cl\/index.php?rest_route=%2Fwp%2Fv2%2Fproduct_cat&post=13044"},{"taxonomy":"product_tag","embeddable":true,"href":"https:\/\/www.agenciagrafica.cl\/index.php?rest_route=%2Fwp%2Fv2%2Fproduct_tag&post=13044"}],"curies":[{"name":"wp","href":"https:\/\/api.w.org\/{rel}","templated":true}]}}