{"id":12646,"date":"2022-07-06T01:03:11","date_gmt":"2022-07-06T01:03:11","guid":{"rendered":"https:\/\/www.agenciagrafica.cl\/producto\/soporte-hanirus\/"},"modified":"2022-07-06T01:03:11","modified_gmt":"2022-07-06T01:03:11","slug":"soporte-hanirus","status":"publish","type":"product","link":"https:\/\/www.agenciagrafica.cl\/?product=soporte-hanirus","title":{"rendered":"Soporte Hanirus"},"content":{"rendered":"<table cellspacing='0' cellpadding='0' style='border:none' width=500px>\n<tr>\n<th style='text-align:left; background-color:#696969; border: 1px solid #696969; color:#fff;' colspan='2'>CARACTER\u00cdSTICAS<\/th>\n<\/tr>\n<tr>\n<td style='text-align:left; border: 1px solid #696969;'>Especificaciones art\u00edculo<\/td>\n<td style='text-align:left; border: 1px solid #696969;'>4 cm \/ 7.8 cm \/ 2.5 cm | 29 gr<\/td>\n<\/tr>\n<tr>\n<td style='text-align:left; border: 1px solid #696969;'>Packaging: alto (cm)<\/td>\n<td style='text-align:left; border: 1px solid #696969;'>23<\/td>\n<\/tr>\n<tr>\n<td style='text-align:left; border: 1px solid #696969;'>Packaging: largo (cm) <\/td>\n<td style='text-align:left; border: 1px solid #696969;'>56<\/td>\n<\/tr>\n<tr>\n<td style='text-align:left; border: 1px solid #696969;'>Packaging: ancho (cm) <\/td>\n<td style='text-align:left; border: 1px solid #696969;'>38.5<\/td>\n<\/tr>\n<tr>\n<td style='text-align:left; border: 1px solid #696969;'>Peso caja (Kgr)<\/td>\n<td style='text-align:left; border: 1px solid #696969;'>13.5<\/td>\n<\/tr>\n<tr>\n<td style='text-align:left; border: 1px solid #696969;'>Unidades\/caja<\/td>\n<td style='text-align:left; border: 1px solid #696969;'>400<\/td>\n<\/tr>\n<tr>\n<td style='text-align:left; border: 1px solid #696969;'>Incluye bater\u00edas<\/td>\n<td style='text-align:left; border: 1px solid #696969;'>No<\/td>\n<\/tr>\n<\/table>\n<p>&nbsp;<\/p>\n<table cellspacing='0' cellpadding='0' style='border:none' width=500px>\n<tr>\n<th style='text-align:center; background-color:#696969; border: 1px solid #696969; color:#fff;'>MARCAJE<\/th>\n<\/tr>\n<tr>\n<td><a href='http:\/\/makito.es\/WebRoot\/Store\/Shops\/Makito\/57EF\/07B6\/F83F\/C00F\/C399\/AC14\/0003\/6E42\/4851-A1.jpg'>TAMPOGRAF\u00cdA C: ZONA FRONTAL.max: 3&#215;0.7 cm<\/a><\/td>\n<\/tr>\n<\/table>\n","protected":false},"excerpt":{"rendered":"<p>Original soporte para smartphone con sistema de fijaci\u00f3n telesc\u00f3pico doble para rejilla de ventilaci\u00f3n del autom\u00f3vil. En elegante dise\u00f1o bicolor, incorpora sistema de almohadillas en el soporte que proporciona un \u00f3ptimo ajuste y protecci\u00f3n del smartphone. Pastilla frontal a juego especialmente dise\u00f1ada para marcaje en tampograf\u00eda. Ajustable<\/p>\n","protected":false},"featured_media":12641,"comment_status":"open","ping_status":"closed","template":"","meta":{"site-sidebar-layout":"default","site-content-layout":"default","ast-global-header-display":"","ast-main-header-display":"","ast-hfb-above-header-display":"","ast-hfb-below-header-display":"","ast-hfb-mobile-header-display":"","site-post-title":"","ast-breadcrumbs-content":"","ast-featured-img":"","footer-sml-layout":"","theme-transparent-header-meta":"","adv-header-id-meta":"","stick-header-meta":"","header-above-stick-meta":"","header-main-stick-meta":"","header-below-stick-meta":""},"product_brand":[],"product_cat":[291],"product_tag":[],"class_list":{"0":"post-12646","1":"product","2":"type-product","3":"status-publish","4":"has-post-thumbnail","6":"product_cat-tecnologia","7":"desktop-align-left","8":"tablet-align-left","9":"mobile-align-left","11":"first","12":"instock","13":"shipping-taxable","14":"product-type-simple"},"yoast_head":"<!-- This site is optimized with the Yoast SEO plugin v24.6 - https:\/\/yoast.com\/wordpress\/plugins\/seo\/ -->\n<title>Soporte Hanirus - AGENCIA GR\u00c1FICA SPA<\/title>\n<meta name=\"robots\" content=\"index, follow, max-snippet:-1, max-image-preview:large, max-video-preview:-1\" \/>\n<link rel=\"canonical\" href=\"https:\/\/www.agenciagrafica.cl\/producto\/soporte-hanirus\/\" \/>\n<meta property=\"og:locale\" content=\"es_ES\" \/>\n<meta property=\"og:type\" content=\"article\" \/>\n<meta property=\"og:title\" content=\"Soporte Hanirus - AGENCIA GR\u00c1FICA SPA\" \/>\n<meta property=\"og:description\" content=\"Original soporte para smartphone con sistema de fijaci\u00f3n telesc\u00f3pico doble para rejilla de ventilaci\u00f3n del autom\u00f3vil. En elegante dise\u00f1o bicolor, incorpora sistema de almohadillas en el soporte que proporciona un \u00f3ptimo ajuste y protecci\u00f3n del smartphone. Pastilla frontal a juego especialmente dise\u00f1ada para marcaje en tampograf\u00eda. Ajustable\" \/>\n<meta property=\"og:url\" content=\"https:\/\/www.agenciagrafica.cl\/producto\/soporte-hanirus\/\" \/>\n<meta property=\"og:site_name\" content=\"AGENCIA GR\u00c1FICA SPA\" \/>\n<meta name=\"twitter:card\" content=\"summary_large_image\" \/>\n<script type=\"application\/ld+json\" class=\"yoast-schema-graph\">{\"@context\":\"https:\/\/schema.org\",\"@graph\":[{\"@type\":\"WebPage\",\"@id\":\"https:\/\/www.agenciagrafica.cl\/producto\/soporte-hanirus\/\",\"url\":\"https:\/\/www.agenciagrafica.cl\/producto\/soporte-hanirus\/\",\"name\":\"Soporte Hanirus - AGENCIA GR\u00c1FICA SPA\",\"isPartOf\":{\"@id\":\"https:\/\/www.agenciagrafica.cl\/#website\"},\"primaryImageOfPage\":{\"@id\":\"https:\/\/www.agenciagrafica.cl\/producto\/soporte-hanirus\/#primaryimage\"},\"image\":{\"@id\":\"https:\/\/www.agenciagrafica.cl\/producto\/soporte-hanirus\/#primaryimage\"},\"thumbnailUrl\":\"https:\/\/www.agenciagrafica.cl\/wp-content\/uploads\/2022\/07\/7513.jpg\",\"datePublished\":\"2022-07-06T01:03:11+00:00\",\"breadcrumb\":{\"@id\":\"https:\/\/www.agenciagrafica.cl\/producto\/soporte-hanirus\/#breadcrumb\"},\"inLanguage\":\"es\",\"potentialAction\":[{\"@type\":\"ReadAction\",\"target\":[\"https:\/\/www.agenciagrafica.cl\/producto\/soporte-hanirus\/\"]}]},{\"@type\":\"ImageObject\",\"inLanguage\":\"es\",\"@id\":\"https:\/\/www.agenciagrafica.cl\/producto\/soporte-hanirus\/#primaryimage\",\"url\":\"https:\/\/www.agenciagrafica.cl\/wp-content\/uploads\/2022\/07\/7513.jpg\",\"contentUrl\":\"https:\/\/www.agenciagrafica.cl\/wp-content\/uploads\/2022\/07\/7513.jpg\",\"width\":500,\"height\":500},{\"@type\":\"BreadcrumbList\",\"@id\":\"https:\/\/www.agenciagrafica.cl\/producto\/soporte-hanirus\/#breadcrumb\",\"itemListElement\":[{\"@type\":\"ListItem\",\"position\":1,\"name\":\"Portada\",\"item\":\"https:\/\/www.agenciagrafica.cl\/\"},{\"@type\":\"ListItem\",\"position\":2,\"name\":\"Cat\u00e1logo\",\"item\":\"https:\/\/www.agenciagrafica.cl\/?page_id=1613\"},{\"@type\":\"ListItem\",\"position\":3,\"name\":\"Soporte Hanirus\"}]},{\"@type\":\"WebSite\",\"@id\":\"https:\/\/www.agenciagrafica.cl\/#website\",\"url\":\"https:\/\/www.agenciagrafica.cl\/\",\"name\":\"AGENCIA GR\u00c1FICA SPA\",\"description\":\"regalos publicitarios personalizados\",\"publisher\":{\"@id\":\"https:\/\/www.agenciagrafica.cl\/#organization\"},\"potentialAction\":[{\"@type\":\"SearchAction\",\"target\":{\"@type\":\"EntryPoint\",\"urlTemplate\":\"https:\/\/www.agenciagrafica.cl\/?s={search_term_string}\"},\"query-input\":{\"@type\":\"PropertyValueSpecification\",\"valueRequired\":true,\"valueName\":\"search_term_string\"}}],\"inLanguage\":\"es\"},{\"@type\":\"Organization\",\"@id\":\"https:\/\/www.agenciagrafica.cl\/#organization\",\"name\":\"AGENCIA GR\u00c1FICA SPA\",\"url\":\"https:\/\/www.agenciagrafica.cl\/\",\"logo\":{\"@type\":\"ImageObject\",\"inLanguage\":\"es\",\"@id\":\"https:\/\/www.agenciagrafica.cl\/#\/schema\/logo\/image\/\",\"url\":\"https:\/\/www.agenciagrafica.cl\/wp-content\/uploads\/2022\/07\/cropped-cropped-agencia-grafica-2-e1657463336302-1.png\",\"contentUrl\":\"https:\/\/www.agenciagrafica.cl\/wp-content\/uploads\/2022\/07\/cropped-cropped-agencia-grafica-2-e1657463336302-1.png\",\"width\":200,\"height\":208,\"caption\":\"AGENCIA GR\u00c1FICA SPA\"},\"image\":{\"@id\":\"https:\/\/www.agenciagrafica.cl\/#\/schema\/logo\/image\/\"}}]}<\/script>\n<!-- \/ Yoast SEO plugin. -->","yoast_head_json":{"title":"Soporte Hanirus - AGENCIA GR\u00c1FICA SPA","robots":{"index":"index","follow":"follow","max-snippet":"max-snippet:-1","max-image-preview":"max-image-preview:large","max-video-preview":"max-video-preview:-1"},"canonical":"https:\/\/www.agenciagrafica.cl\/producto\/soporte-hanirus\/","og_locale":"es_ES","og_type":"article","og_title":"Soporte Hanirus - AGENCIA GR\u00c1FICA SPA","og_description":"Original soporte para smartphone con sistema de fijaci\u00f3n telesc\u00f3pico doble para rejilla de ventilaci\u00f3n del autom\u00f3vil. En elegante dise\u00f1o bicolor, incorpora sistema de almohadillas en el soporte que proporciona un \u00f3ptimo ajuste y protecci\u00f3n del smartphone. Pastilla frontal a juego especialmente dise\u00f1ada para marcaje en tampograf\u00eda. Ajustable","og_url":"https:\/\/www.agenciagrafica.cl\/producto\/soporte-hanirus\/","og_site_name":"AGENCIA GR\u00c1FICA SPA","twitter_card":"summary_large_image","schema":{"@context":"https:\/\/schema.org","@graph":[{"@type":"WebPage","@id":"https:\/\/www.agenciagrafica.cl\/producto\/soporte-hanirus\/","url":"https:\/\/www.agenciagrafica.cl\/producto\/soporte-hanirus\/","name":"Soporte Hanirus - AGENCIA GR\u00c1FICA SPA","isPartOf":{"@id":"https:\/\/www.agenciagrafica.cl\/#website"},"primaryImageOfPage":{"@id":"https:\/\/www.agenciagrafica.cl\/producto\/soporte-hanirus\/#primaryimage"},"image":{"@id":"https:\/\/www.agenciagrafica.cl\/producto\/soporte-hanirus\/#primaryimage"},"thumbnailUrl":"https:\/\/www.agenciagrafica.cl\/wp-content\/uploads\/2022\/07\/7513.jpg","datePublished":"2022-07-06T01:03:11+00:00","breadcrumb":{"@id":"https:\/\/www.agenciagrafica.cl\/producto\/soporte-hanirus\/#breadcrumb"},"inLanguage":"es","potentialAction":[{"@type":"ReadAction","target":["https:\/\/www.agenciagrafica.cl\/producto\/soporte-hanirus\/"]}]},{"@type":"ImageObject","inLanguage":"es","@id":"https:\/\/www.agenciagrafica.cl\/producto\/soporte-hanirus\/#primaryimage","url":"https:\/\/www.agenciagrafica.cl\/wp-content\/uploads\/2022\/07\/7513.jpg","contentUrl":"https:\/\/www.agenciagrafica.cl\/wp-content\/uploads\/2022\/07\/7513.jpg","width":500,"height":500},{"@type":"BreadcrumbList","@id":"https:\/\/www.agenciagrafica.cl\/producto\/soporte-hanirus\/#breadcrumb","itemListElement":[{"@type":"ListItem","position":1,"name":"Portada","item":"https:\/\/www.agenciagrafica.cl\/"},{"@type":"ListItem","position":2,"name":"Cat\u00e1logo","item":"https:\/\/www.agenciagrafica.cl\/?page_id=1613"},{"@type":"ListItem","position":3,"name":"Soporte Hanirus"}]},{"@type":"WebSite","@id":"https:\/\/www.agenciagrafica.cl\/#website","url":"https:\/\/www.agenciagrafica.cl\/","name":"AGENCIA GR\u00c1FICA SPA","description":"regalos publicitarios personalizados","publisher":{"@id":"https:\/\/www.agenciagrafica.cl\/#organization"},"potentialAction":[{"@type":"SearchAction","target":{"@type":"EntryPoint","urlTemplate":"https:\/\/www.agenciagrafica.cl\/?s={search_term_string}"},"query-input":{"@type":"PropertyValueSpecification","valueRequired":true,"valueName":"search_term_string"}}],"inLanguage":"es"},{"@type":"Organization","@id":"https:\/\/www.agenciagrafica.cl\/#organization","name":"AGENCIA GR\u00c1FICA SPA","url":"https:\/\/www.agenciagrafica.cl\/","logo":{"@type":"ImageObject","inLanguage":"es","@id":"https:\/\/www.agenciagrafica.cl\/#\/schema\/logo\/image\/","url":"https:\/\/www.agenciagrafica.cl\/wp-content\/uploads\/2022\/07\/cropped-cropped-agencia-grafica-2-e1657463336302-1.png","contentUrl":"https:\/\/www.agenciagrafica.cl\/wp-content\/uploads\/2022\/07\/cropped-cropped-agencia-grafica-2-e1657463336302-1.png","width":200,"height":208,"caption":"AGENCIA GR\u00c1FICA SPA"},"image":{"@id":"https:\/\/www.agenciagrafica.cl\/#\/schema\/logo\/image\/"}}]}},"jetpack_sharing_enabled":true,"_links":{"self":[{"href":"https:\/\/www.agenciagrafica.cl\/index.php?rest_route=\/wp\/v2\/product\/12646","targetHints":{"allow":["GET"]}}],"collection":[{"href":"https:\/\/www.agenciagrafica.cl\/index.php?rest_route=\/wp\/v2\/product"}],"about":[{"href":"https:\/\/www.agenciagrafica.cl\/index.php?rest_route=\/wp\/v2\/types\/product"}],"replies":[{"embeddable":true,"href":"https:\/\/www.agenciagrafica.cl\/index.php?rest_route=%2Fwp%2Fv2%2Fcomments&post=12646"}],"version-history":[{"count":0,"href":"https:\/\/www.agenciagrafica.cl\/index.php?rest_route=\/wp\/v2\/product\/12646\/revisions"}],"wp:featuredmedia":[{"embeddable":true,"href":"https:\/\/www.agenciagrafica.cl\/index.php?rest_route=\/wp\/v2\/media\/12641"}],"wp:attachment":[{"href":"https:\/\/www.agenciagrafica.cl\/index.php?rest_route=%2Fwp%2Fv2%2Fmedia&parent=12646"}],"wp:term":[{"taxonomy":"product_brand","embeddable":true,"href":"https:\/\/www.agenciagrafica.cl\/index.php?rest_route=%2Fwp%2Fv2%2Fproduct_brand&post=12646"},{"taxonomy":"product_cat","embeddable":true,"href":"https:\/\/www.agenciagrafica.cl\/index.php?rest_route=%2Fwp%2Fv2%2Fproduct_cat&post=12646"},{"taxonomy":"product_tag","embeddable":true,"href":"https:\/\/www.agenciagrafica.cl\/index.php?rest_route=%2Fwp%2Fv2%2Fproduct_tag&post=12646"}],"curies":[{"name":"wp","href":"https:\/\/api.w.org\/{rel}","templated":true}]}}